{"id":7264,"date":"2024-11-26T09:14:57","date_gmt":"2024-11-26T09:14:57","guid":{"rendered":"https:\/\/purama.lt\/?post_type=product&#038;p=7264"},"modified":"2026-04-10T13:03:23","modified_gmt":"2026-04-10T11:03:23","slug":"hayejin-puhas-seleeni-naooli","status":"publish","type":"product","link":"https:\/\/purama.lt\/ee\/produktas\/hayejin-ryziu-selenu-aliejus-veidui\/","title":{"rendered":"HAYEJIN riisiklii\u00f5li n\u00e4o jaoks"},"content":{"rendered":"<p><strong>Koostisained:<\/strong><br \/>\nRiisiklii\u00f5li on looduslik koostisosa, mis on rikas vitamiinide, antioks\u00fcdantide ja rasvhapete poolest.<\/p>\n<p><strong>P\u00f5hikomponendid:<\/strong><\/p>\n<p>E-vitamiin: V\u00f5imas antioks\u00fcdant, mis aitab v\u00f5idelda vabade radikaalide vastu ja kaitsta nahka keskkonnakahjustuste eest.<br \/>\nOmega-3 ja Omega-6 rasvhapped: aitab taastada nahabarj\u00e4\u00e4ri ja s\u00e4ilitada niiskust.<br \/>\nF\u00fctosteroolid: aitavad v\u00e4hendada p\u00f5letikku ja edendada naha taastumist.<\/p>","protected":false},"excerpt":{"rendered":"<p><strong>HAYEJIN<\/strong> <strong>Riisiklii\u00f5li n\u00e4o jaoks<\/strong> on t\u00e4helepanuv\u00e4\u00e4rne oma rikkaliku koostise ja paljude nahah\u00fcvede poolest. See on toode, mis mitte ainult ei niisuta ja toidab nahka s\u00fcgavuti, vaid aitab sellel ka nooruslikuna ja tervena v\u00e4lja n\u00e4ha. Teie nahk muutub pehmemaks, elastsemaks ja s\u00e4ravamaks.<strong> HAYEJIN riisiklii\u00f5li n\u00e4o jaoks<\/strong> eristub teistest nahahooldustoodetest t\u00e4nu oma rikkalikule koostisele ja paljudele nahale kasulikele omadustele. Siin on m\u00f5ned p\u00f5hjused, miks seda kasutada:<\/p>\n<details >\n<summary>Niisutab ja toidab nahka s\u00fcgavuti<\/summary>\n<div class=\"cg-accordion-item\">\n<p>Riisiklii\u00f5li tagab suurep\u00e4rase niisutuse ja aitab s\u00e4ilitada naha elastsust ja pehmust. See on eriti oluline kuiva ja deh\u00fcdreeritud naha puhul, mis v\u00f5ib tunda end pingul ja v\u00e4sinud.<\/p>\n<\/div>\n<\/details>\n<details >\n<summary>Antioks\u00fcdantsed omadused<\/summary>\n<div class=\"cg-accordion-item\">\n<p>T\u00e4nu k\u00f5rgele antioks\u00fcdantide sisaldusele aitab see \u00f5li kaitsta nahka oks\u00fcdatiivse stressi ja enneaegse vananemise eest. See neutraliseerib vabad radikaalid, mis v\u00f5ivad p\u00f5hjustada nahakahjustusi ja kortse.<\/p>\n<\/div>\n<\/details>\n<details >\n<summary>Naha tooni parandamine<\/summary>\n<div class=\"cg-accordion-item\">\n<p>Regulaarne riisiklii\u00f5li kasutamine j\u00e4tab naha s\u00e4ravaks ja terveks. \u00d5li aitab \u00fchtlustada nahatooni, v\u00e4hendada tumedaid laike ja pigmentatsiooni ning annab n\u00e4ole loomuliku s\u00e4ra.<\/p>\n<\/div>\n<\/details>\n<details >\n<summary>Kerge tekstuur<\/summary>\n<div class=\"cg-accordion-item\">\n<p>Riisiklii\u00f5li on kerge tekstuuriga, mis imendub kiiresti naha sisse, j\u00e4tmata rasvast tunnet. See tagab mugava kasutamise ja v\u00f5imaldab nahal hingata.<\/p>\n<\/div>\n<\/details>\n<details >\n<summary>Rahustav m\u00f5ju<\/summary>\n<div class=\"cg-accordion-item\">\n<p>T\u00e4nu oma rahustavatele omadustele aitab see \u00f5li v\u00e4hendada naha\u00e4rritust ja p\u00f5letikku, mist\u00f5ttu on see suurep\u00e4rane valik tundlikule nahale.<\/p>\n<\/div>\n<\/details>","protected":false},"featured_media":9280,"comment_status":"open","ping_status":"closed","template":"","meta":{"_acf_changed":false},"product_brand":[427],"product_cat":[56,500,59],"product_tag":[],"class_list":{"0":"post-7264","1":"product","2":"type-product","3":"status-publish","4":"has-post-thumbnail","6":"product_brand-hayejin","7":"product_cat-veido-serumai","8":"product_cat-outlet","9":"product_cat-veidui","11":"first","12":"instock","13":"sale","14":"shipping-taxable","15":"purchasable","16":"product-type-simple"},"acf":[],"tiered_pricing_type":"fixed","tiered_pricing_fixed_rules":[],"tiered_pricing_product_settings":{"layout":"default","base_unit_name":{"singular":null,"plural":null},"default_variation":null},"tiered_pricing_minimum_quantity":null,"tiered_pricing_roles_data":[],"tiered_pricing_percentage_rules":[],"_links":{"self":[{"href":"https:\/\/purama.lt\/ee\/wp-json\/wp\/v2\/product\/7264","targetHints":{"allow":["GET"]}}],"collection":[{"href":"https:\/\/purama.lt\/ee\/wp-json\/wp\/v2\/product"}],"about":[{"href":"https:\/\/purama.lt\/ee\/wp-json\/wp\/v2\/types\/product"}],"replies":[{"embeddable":true,"href":"https:\/\/purama.lt\/ee\/wp-json\/wp\/v2\/comments?post=7264"}],"wp:featuredmedia":[{"embeddable":true,"href":"https:\/\/purama.lt\/ee\/wp-json\/wp\/v2\/media\/9280"}],"wp:attachment":[{"href":"https:\/\/purama.lt\/ee\/wp-json\/wp\/v2\/media?parent=7264"}],"wp:term":[{"taxonomy":"product_brand","embeddable":true,"href":"https:\/\/purama.lt\/ee\/wp-json\/wp\/v2\/product_brand?post=7264"},{"taxonomy":"product_cat","embeddable":true,"href":"https:\/\/purama.lt\/ee\/wp-json\/wp\/v2\/product_cat?post=7264"},{"taxonomy":"product_tag","embeddable":true,"href":"https:\/\/purama.lt\/ee\/wp-json\/wp\/v2\/product_tag?post=7264"}],"curies":[{"name":"wp","href":"https:\/\/api.w.org\/{rel}","templated":true}]}}