{"id":7263,"date":"2024-11-26T09:14:57","date_gmt":"2024-11-26T09:14:57","guid":{"rendered":"https:\/\/purama.lt\/?post_type=product&#038;p=7263"},"modified":"2026-04-10T13:03:22","modified_gmt":"2026-04-10T11:03:22","slug":"hayejin-blessing-of-sprout-naoseerum","status":"publish","type":"product","link":"https:\/\/purama.lt\/ee\/produktas\/hayejin-blessing-of-sprout-veido-serumas\/","title":{"rendered":"HAYEJIN \"Blessing of Sprout\" n\u00e4oseerum"},"content":{"rendered":"<p><strong>HAYEJIN \"Sprout'i \u00f5nnistus\"<\/strong> Seerum eristub teistest seerumitest t\u00e4nu oma t\u00e4iustatud koostisele ja t\u00f5husale m\u00f5jule nahale. Siin on m\u00f5ned p\u00f5hjused, miks seda kasutada:<\/p>\n<p><strong>1:<\/strong><br \/>\nSeerum on rikastatud looduslike taimeekstraktide ja aktiivsete koostisosadega, mis koos annavad nahale s\u00e4rava, niisutatud ja tervisliku s\u00e4ra. Peamised koostisosad on j\u00e4rgmised:<\/p>\n<p>Nelumbo Nucifera iduekstrakt: aitab niisutada ja elustada nahka.<br \/>\nCentella Asiatica Leaf Extract: tuntud oma rahustavate ja taastavate omaduste poolest.<br \/>\nNiatsiinamiid: Aitab nahka heledamaks muuta, v\u00e4hendab pigmendilaike ja \u00fchtlustab nahatooni.<br \/>\nH\u00fcaluroonhape: niisutab nahka s\u00fcgavuti ja aitab s\u00e4ilitada niiskust.<\/p>\n<p><strong>2. Intensiivne niisutamine<\/strong><br \/>\nSeerum tagab s\u00fcgava ja kauakestva niisutava toime, mis aitab v\u00f5idelda kuivuse ja deh\u00fcdratsiooni vastu. See j\u00e4tab naha pehmeks ja elastseks, aidates s\u00e4ilitada terve v\u00e4limuse.<\/p>\n<p><strong>3. Rahustav m\u00f5ju<\/strong><br \/>\nT\u00e4nu sisalduvatele taimeekstraktidele on seerumil rahustav toime, mis v\u00e4hendab naha\u00e4rritust ja p\u00f5letikku. See on ideaalne valik tundlikule ja \u00e4rritunud nahale.<\/p>\n<p><strong>4. Helendav ja \u00fchtlane nahav\u00e4rv<\/strong><br \/>\nSeerum aitab v\u00e4hendada tumedaid laike ja pigmentatsiooni, \u00fchtlustab nahatooni ja annab loomuliku s\u00e4ra. Niatsiinamiid on peamine koostisosa, mis aitab seda efekti saavutada.<\/p>\n<p><strong>5. Vananemisvastased omadused<\/strong><br \/>\nKreemi koostisosad, nagu adenosiin ja feruliinhape, aitavad v\u00f5idelda vananemisilmingutega, v\u00e4hendada kortse ja edendada naha uuenemist. See aitab s\u00e4ilitada nooruslikku ja tervislikku v\u00e4limust.<\/p>\n<p><strong>6. Kerge tekstuur<\/strong><br \/>\nSeerumil on kerge, kiiresti imenduv tekstuur, mis ei tundu kleepuvana ja v\u00f5imaldab nahal hingata. See tagab meeldiva ja mugava pealekandmise.<\/p>\n<p><strong><em>Kasutamine:<\/em><\/strong> Kandke v\u00e4ike kogus seerumit hommikul ja \u00f5htul eelnevalt puhastatud ja toonikuga niisutatud n\u00e4ole ning patsutage \u00f5rnalt, kuni see on imendunud.<\/p>\n<p><strong>Koostis:<\/strong> Vesi, propaandiool, niatsiinamiid, Chlorella Vulgaris ekstrakt, Aloe Barbadensis leheekstrakt, beetagl\u00fckaan, Camellia Sinensis leheekstrakt, Portulaca Oleracea ekstrakt, adenosiin, gl\u00fctseriin, pantenool, looduslikud s\u00e4ilitusained, l\u00f5hnaaine.<\/p>","protected":false},"excerpt":{"rendered":"<p><strong>HAYEJIN \"Sprout'i \u00f5nnistus\"<\/strong>\u00a0 N\u00e4oseerum v\u00e4\u00e4rib t\u00e4helepanu oma rikkaliku koostise, paljude nahale kasulike omaduste ja meeldiva kasutustunde t\u00f5ttu. See on toode, mis mitte ainult ei niisuta ja toidab nahka intensiivselt, vaid aitab sellel ka nooruslikuna ja tervena loomulikku s\u00e4ra anda.<\/p>","protected":false},"featured_media":7293,"comment_status":"open","ping_status":"closed","template":"","meta":{"_acf_changed":false},"product_brand":[],"product_cat":[56,92,500,59],"product_tag":[],"class_list":{"0":"post-7263","1":"product","2":"type-product","3":"status-publish","4":"has-post-thumbnail","6":"product_cat-veido-serumai","7":"product_cat-groziui","8":"product_cat-outlet","9":"product_cat-veidui","11":"first","12":"instock","13":"sale","14":"shipping-taxable","15":"purchasable","16":"product-type-simple"},"acf":[],"tiered_pricing_type":"fixed","tiered_pricing_fixed_rules":[],"tiered_pricing_product_settings":{"layout":"default","base_unit_name":{"singular":null,"plural":null},"default_variation":null},"tiered_pricing_minimum_quantity":null,"tiered_pricing_roles_data":[],"tiered_pricing_percentage_rules":[],"_links":{"self":[{"href":"https:\/\/purama.lt\/ee\/wp-json\/wp\/v2\/product\/7263","targetHints":{"allow":["GET"]}}],"collection":[{"href":"https:\/\/purama.lt\/ee\/wp-json\/wp\/v2\/product"}],"about":[{"href":"https:\/\/purama.lt\/ee\/wp-json\/wp\/v2\/types\/product"}],"replies":[{"embeddable":true,"href":"https:\/\/purama.lt\/ee\/wp-json\/wp\/v2\/comments?post=7263"}],"wp:featuredmedia":[{"embeddable":true,"href":"https:\/\/purama.lt\/ee\/wp-json\/wp\/v2\/media\/7293"}],"wp:attachment":[{"href":"https:\/\/purama.lt\/ee\/wp-json\/wp\/v2\/media?parent=7263"}],"wp:term":[{"taxonomy":"product_brand","embeddable":true,"href":"https:\/\/purama.lt\/ee\/wp-json\/wp\/v2\/product_brand?post=7263"},{"taxonomy":"product_cat","embeddable":true,"href":"https:\/\/purama.lt\/ee\/wp-json\/wp\/v2\/product_cat?post=7263"},{"taxonomy":"product_tag","embeddable":true,"href":"https:\/\/purama.lt\/ee\/wp-json\/wp\/v2\/product_tag?post=7263"}],"curies":[{"name":"wp","href":"https:\/\/api.w.org\/{rel}","templated":true}]}}