{"id":7261,"date":"2024-11-26T09:14:57","date_gmt":"2024-11-26T09:14:57","guid":{"rendered":"https:\/\/purama.lt\/?post_type=product&#038;p=7261"},"modified":"2026-04-10T13:03:22","modified_gmt":"2026-04-10T11:03:22","slug":"hayejin-blessing-of-sprout-naokreem","status":"publish","type":"product","link":"https:\/\/purama.lt\/ee\/produktas\/hayejin-blessing-of-sprout-veido-kremas\/","title":{"rendered":"HAYEJIN \"Blessing of Sprout\" n\u00e4okreem"},"content":{"rendered":"<p><strong>HAYEJIN \"Sprout'i \u00f5nnistus\"<\/strong> Vitality Face Cream eristub teistest kreemidest t\u00e4nu oma ainulaadsele koostisele ja toimele:<\/p>\n<p><strong>1. Ainulaadne ja looduslik koostis<\/strong><br \/>\nKreem on rikastatud looduslike taimeekstraktide ja aktiivsete koostisosadega, mis koos annavad nahale eluj\u00f5ulise ja tervisliku s\u00e4ra. M\u00f5ned peamised koostisosad on j\u00e4rgmised:<\/p>\n<p>Sheav\u00f5i (Butyrospermum Parkii Butter): niisutab ja toidab nahka s\u00fcgavuti.<br \/>\nCentella Asiatica Leaf Extract: tuntud oma rahustavate ja taastavate omaduste poolest.<br \/>\nAdenosiin: Aitab v\u00e4hendada peeneid jooni ja parandada naha elastsust.<br \/>\nMadecassoside: V\u00f5imas antioks\u00fcdant, mis aitab v\u00f5idelda vabade radikaalide vastu.<\/p>\n<p><strong>2. Niisutamine ja toitmine<\/strong><br \/>\nKreem niisutab nahka s\u00fcgavuti ja tagab pikaajalise niisutava toime. See on eriti oluline kuivale ja deh\u00fcdreeritud nahale, mida see kreem aitab taaselustada ja anda terve v\u00e4limuse.<\/p>\n<p><strong>3. Rahustav m\u00f5ju<\/strong><br \/>\nT\u00e4nu selles sisalduvatele taimeekstraktidele on kreemil rahustav toime, mis v\u00e4hendab naha\u00e4rritust ja p\u00f5letikku. See on ideaalne valik tundlikule nahale.<\/p>\n<p><strong>4. Vananemisvastased omadused<\/strong><br \/>\nKreemi koostisosad, nagu tokofer\u00fc\u00fclatsetaat (E-vitamiin) ja adenosiin, aitavad v\u00f5idelda vananemisilmingutega, v\u00e4hendada kortse ja soodustada naha uuenemist.<\/p>\n<p><strong>5. Meeldiv tekstuur ja l\u00f5hn<\/strong><br \/>\nKreem on kerge, kiiresti imenduva tekstuuriga ja \u00f5rna, meeldiva l\u00f5hnaga, mis teeb selle kasutamise meeldivaks.<br \/>\nKasutamine: kandke kreemi peale seerumi kasutamist, m\u00e4\u00e4rige v\u00e4ike kogus kreemi kogu n\u00e4ole kuni kaelani, seej\u00e4rel masseerige \u00f5rnalt, kuni see imendub naha sisse.<\/p>\n<p><strong>Koostisained:<\/strong> Vesi (Aqua), gl\u00fctseriin, niatsinamiid, Chlorella Vulgaris ekstrakt, sheav\u00f5i (Butyrospermum Parkii Butter), Macadamia Ternifolia seemne\u00f5li, beeta-gl\u00fckaan, Rohelise tee ekstrakt (Camellia Sinensis Leaf Extract), Centella Extract (Centella Asiatica Extract), Panthenol, E-vitamiin (Tocopherol), looduslikud s\u00e4ilitusained, l\u00f5hna- ja maitseaine.<\/p>","protected":false},"excerpt":{"rendered":"<p><strong>HAYEJIN \"Sprout'i \u00f5nnistus\"<\/strong> N\u00e4okreemi kontsentreeritud lillepungade j\u00f5ud aitab tagada nahale p\u00fcsiva kaitse. T\u00e4nu oma unikaalsele koostisele aitab kreem taastada kahjustatud nahabarj\u00e4\u00e4ri ja kaitseb nahka negatiivsete v\u00e4liste keskkonnategurite eest. Kreem on intensiivselt niisutav, kirgastav (arbutiin), v\u00e4hendab kortse ja taastab naha elastsuse, imendub kiiresti ega j\u00e4ta nahale kleepuvaid j\u00e4\u00e4ke. Kerge ja \u00f5rn tekstuur.<\/p>","protected":false},"featured_media":9278,"comment_status":"open","ping_status":"closed","template":"","meta":{"_acf_changed":false},"product_brand":[427],"product_cat":[59,55],"product_tag":[],"class_list":{"0":"post-7261","1":"product","2":"type-product","3":"status-publish","4":"has-post-thumbnail","6":"product_brand-hayejin","7":"product_cat-veidui","8":"product_cat-veido-kremai","10":"first","11":"instock","12":"shipping-taxable","13":"purchasable","14":"product-type-simple"},"acf":[],"tiered_pricing_type":"fixed","tiered_pricing_fixed_rules":[],"tiered_pricing_product_settings":{"layout":"default","base_unit_name":{"singular":null,"plural":null},"default_variation":null},"tiered_pricing_minimum_quantity":null,"tiered_pricing_roles_data":[],"tiered_pricing_percentage_rules":[],"_links":{"self":[{"href":"https:\/\/purama.lt\/ee\/wp-json\/wp\/v2\/product\/7261","targetHints":{"allow":["GET"]}}],"collection":[{"href":"https:\/\/purama.lt\/ee\/wp-json\/wp\/v2\/product"}],"about":[{"href":"https:\/\/purama.lt\/ee\/wp-json\/wp\/v2\/types\/product"}],"replies":[{"embeddable":true,"href":"https:\/\/purama.lt\/ee\/wp-json\/wp\/v2\/comments?post=7261"}],"wp:featuredmedia":[{"embeddable":true,"href":"https:\/\/purama.lt\/ee\/wp-json\/wp\/v2\/media\/9278"}],"wp:attachment":[{"href":"https:\/\/purama.lt\/ee\/wp-json\/wp\/v2\/media?parent=7261"}],"wp:term":[{"taxonomy":"product_brand","embeddable":true,"href":"https:\/\/purama.lt\/ee\/wp-json\/wp\/v2\/product_brand?post=7261"},{"taxonomy":"product_cat","embeddable":true,"href":"https:\/\/purama.lt\/ee\/wp-json\/wp\/v2\/product_cat?post=7261"},{"taxonomy":"product_tag","embeddable":true,"href":"https:\/\/purama.lt\/ee\/wp-json\/wp\/v2\/product_tag?post=7261"}],"curies":[{"name":"wp","href":"https:\/\/api.w.org\/{rel}","templated":true}]}}