{"id":48536,"date":"2026-04-22T09:04:25","date_gmt":"2026-04-22T07:04:25","guid":{"rendered":"https:\/\/purama.lt\/produktas\/sapiens-poudre-coiffante-plauku-formavimo-pudra-purumui-ir-teksturai\/"},"modified":"2026-04-22T10:05:00","modified_gmt":"2026-04-22T08:05:00","slug":"sapiens-poudre-coiffante-plauku-formavimo-pudra-purumui-ir-teksturai","status":"publish","type":"product","link":"https:\/\/purama.lt\/ee\/produktas\/sapiens-poudre-coiffante-plauku-formavimo-pudra-purumui-ir-teksturai\/","title":{"rendered":"SAPIENS Poudre Coiffante juuksuripuder kohevuse ja tekstuuri jaoks"},"content":{"rendered":"<p><strong>Kasutamine<\/strong><br>Nedidel\u012f kiek\u012f pudros berkite \u012f deln\u0105 arba tiesiai ant saus\u0173 plauk\u0173, ypa\u010d prie \u0161akn\u0173<br>Pir\u0161t\u0173 galiukais paskirstykite ir modeliuokite \u0161ukuosen\u0105 pagal poreik\u012f<br>Jei reikia, naudokite \u0161iek tiek daugiau stipresniam purumo ar fiksacijos efektui<\/p>\n\n\n\n<p><strong>Koostisosad<\/strong><br>glycerin, aqua (water), silica silylate, vp\/va copolymer, sodium benzoate, hydrolyzed wheat protein<\/p>","protected":false},"excerpt":{"rendered":"<p data-start=\"0\" data-end=\"661\"><strong data-start=\"16\" data-end=\"46\">Sapiens \u2014 Poudre Coiffante<\/strong> plauk\u0173 formavimo pudra, padedanti greitai suteikti plaukams daugiau <strong data-start=\"115\" data-end=\"159\">purumo, tekst\u016bros ir nat\u016bralios apimties<\/strong> j\u0173 neapsunkinant. Ji suteikia matin\u012f, tvarking\u0105, bet neperkraut\u0105 rezultat\u0105, nepalieka matom\u0173 liku\u010di\u0173, leid\u017eia lengvai modeliuoti \u0161ukuosen\u0105 ir tinka \u012fvairiems plauk\u0173 tipams, ypa\u010d kai norisi daugiau pak\u0117limo nuo \u0161akn\u0173. Formul\u0117 yra lengva, be kvapikli\u0173, tod\u0117l kasdieniam naudojimui i\u0161lieka neutrali ir paprasta derinti su kitomis formavimo priemon\u0117mis. Sud\u0117tyje esantis hidrolizuotas kvie\u010di\u0173 baltymas plauk\u0173 prie\u017ei\u016broje vertinamas d\u0117l kondicionuojan\u010di\u0173 ir plauko elastingum\u0105 palaikyti padedan\u010di\u0173 savybi\u0173.<\/p>\n<p data-start=\"663\" data-end=\"916\"><strong data-start=\"663\" data-end=\"686\">Miks valida<\/strong><br data-start=\"686\" data-end=\"689\" \/><strong data-start=\"689\" data-end=\"695\">\u2714\ufe0f<\/strong> Suteikia plaukams daugiau purumo ir tekst\u016bros<br data-start=\"741\" data-end=\"744\" \/><strong data-start=\"744\" data-end=\"750\">\u2714\ufe0f<\/strong> Padeda sukurti nat\u016bral\u0173 matin\u012f \u012fvaizd\u012f<br data-start=\"789\" data-end=\"792\" \/><strong data-start=\"792\" data-end=\"798\">\u2714\ufe0f<\/strong> Neapsunkina ir nesulipina plauk\u0173<br data-start=\"831\" data-end=\"834\" \/><strong data-start=\"834\" data-end=\"840\">\u2714\ufe0f<\/strong> Nepalieka matom\u0173 liku\u010di\u0173<br data-start=\"865\" data-end=\"868\" \/><strong data-start=\"868\" data-end=\"874\">\u2714\ufe0f<\/strong> Be kvapikli\u0173, tinka kasdieniam naudojimui<\/p>","protected":false},"featured_media":48551,"comment_status":"open","ping_status":"closed","template":"","meta":{"_acf_changed":true},"product_brand":[532],"product_cat":[92,304],"product_tag":[],"class_list":{"0":"post-48536","1":"product","2":"type-product","3":"status-publish","4":"has-post-thumbnail","6":"product_brand-sapiens","7":"product_cat-groziui","8":"product_cat-plaukams","10":"first","11":"instock","12":"shipping-taxable","13":"purchasable","14":"product-type-simple"},"acf":[],"tiered_pricing_type":"fixed","tiered_pricing_fixed_rules":[],"tiered_pricing_product_settings":{"layout":"default","base_unit_name":{"singular":null,"plural":null},"default_variation":null},"tiered_pricing_minimum_quantity":null,"tiered_pricing_roles_data":[],"tiered_pricing_percentage_rules":[],"_links":{"self":[{"href":"https:\/\/purama.lt\/ee\/wp-json\/wp\/v2\/product\/48536","targetHints":{"allow":["GET"]}}],"collection":[{"href":"https:\/\/purama.lt\/ee\/wp-json\/wp\/v2\/product"}],"about":[{"href":"https:\/\/purama.lt\/ee\/wp-json\/wp\/v2\/types\/product"}],"replies":[{"embeddable":true,"href":"https:\/\/purama.lt\/ee\/wp-json\/wp\/v2\/comments?post=48536"}],"wp:featuredmedia":[{"embeddable":true,"href":"https:\/\/purama.lt\/ee\/wp-json\/wp\/v2\/media\/48551"}],"wp:attachment":[{"href":"https:\/\/purama.lt\/ee\/wp-json\/wp\/v2\/media?parent=48536"}],"wp:term":[{"taxonomy":"product_brand","embeddable":true,"href":"https:\/\/purama.lt\/ee\/wp-json\/wp\/v2\/product_brand?post=48536"},{"taxonomy":"product_cat","embeddable":true,"href":"https:\/\/purama.lt\/ee\/wp-json\/wp\/v2\/product_cat?post=48536"},{"taxonomy":"product_tag","embeddable":true,"href":"https:\/\/purama.lt\/ee\/wp-json\/wp\/v2\/product_tag?post=48536"}],"curies":[{"name":"wp","href":"https:\/\/api.w.org\/{rel}","templated":true}]}}