{"id":48534,"date":"2026-04-22T09:04:19","date_gmt":"2026-04-22T07:04:19","guid":{"rendered":"https:\/\/purama.lt\/produktas\/sapiens-huile-a-barbe-bio-wild-forest-barzdos-aliejus-su-ricinos-aliejumi\/"},"modified":"2026-04-23T09:34:34","modified_gmt":"2026-04-23T07:34:34","slug":"sapiens-huile-a-barbe-bio-wild-forest-barzdos-aliejus-su-ricinos-aliejumi","status":"publish","type":"product","link":"https:\/\/purama.lt\/ee\/produktas\/sapiens-huile-a-barbe-bio-wild-forest-barzdos-aliejus-su-ricinos-aliejumi\/","title":{"rendered":"SAPIENS Mahe-juukse\u00f5li Wild Forest castor\u00f5liga"},"content":{"rendered":"<p><strong>Kasutamine<\/strong><br>\u012e deln\u0105 paskirstykite 1\u20132 paspaudimus aliejaus ir patrinkite tarp rank\u0173<br>Tepkite ant sausos barzdos, \u0161velniai \u012fmasa\u017euokite \u012f barzd\u0105 ir od\u0105 po ja<br>Jei atsiranda sudirginimas, nutraukite naudojim\u0105<\/p>\n\n\n\n<p><strong>Koostisosad<\/strong><br>prunus amygdalus dulcis (sweet almond) oil, ricinus communis (castor) seed oil, simmondsia chinensis (jojoba) seed oil, argania spinosa (argan) kernel oil, tocopherol, parfum (fragrance), helianthus annuus (sunflower) seed oil, linalool, limonene, citronellol, geraniol, coumarin, eugenol, citral<\/p>","protected":false},"excerpt":{"rendered":"<p data-start=\"0\" data-end=\"583\"><strong data-start=\"16\" data-end=\"59\">Sapiens \u2014 Huile \u00e0 Barbe Bio Wild Forest<\/strong> barzdos aliejus su ricinos aliejumi, skirtas kasdienei barzdos ir odos po ja prie\u017ei\u016brai. Jis padeda <strong data-start=\"160\" data-end=\"183\">sumink\u0161tinti barzd\u0105<\/strong>, suteikia jai glotnesn\u012f ir tvarkingesn\u012f vaizd\u0105, puosel\u0117ja plauk\u0105 jo neapsunkindamas, padeda i\u0161laikyti odos komfort\u0105 ir palieka lengv\u0105, gaiv\u0173 <strong data-start=\"325\" data-end=\"356\">medienos bei gaivos natomis<\/strong> pasi\u017eymint\u012f kvap\u0105. Formul\u0117je derinami ricinos, jojobos, argano ir sald\u017ei\u0173j\u0173 migdol\u0173 aliejai, o tokie augaliniai aliejai pla\u010diai vertinami d\u0117l j\u0173 mink\u0161tinan\u010di\u0173 ir kondicionuojan\u010di\u0173 savybi\u0173.<\/p>\n<p data-start=\"585\" data-end=\"921\"><strong data-start=\"585\" data-end=\"608\">Miks valida<\/strong><br data-start=\"608\" data-end=\"611\" \/><strong data-start=\"611\" data-end=\"617\">\u2714\ufe0f<\/strong> Mink\u0161tina barzd\u0105 ir padeda jai atrodyti glotniau<br data-start=\"666\" data-end=\"669\" \/><strong data-start=\"669\" data-end=\"675\">\u2714\ufe0f<\/strong> Maitina plauk\u0105 ir od\u0105 po barzda<br data-start=\"707\" data-end=\"710\" \/><strong data-start=\"710\" data-end=\"716\">\u2714\ufe0f<\/strong> Lengva tekst\u016bra nepalieka riebaus poj\u016b\u010dio<br data-start=\"758\" data-end=\"761\" \/><strong data-start=\"761\" data-end=\"767\">\u2714\ufe0f<\/strong> Tinka kasdienei \u012fvairi\u0173 tip\u0173 barzdos prie\u017ei\u016brai<br data-start=\"815\" data-end=\"818\" \/><strong data-start=\"818\" data-end=\"824\">\u2714\ufe0f<\/strong> Gaivus ir medienos natomis pasi\u017eymintis Wild Forest kvapas<\/p>","protected":false},"featured_media":48554,"comment_status":"open","ping_status":"closed","template":"","meta":{"_acf_changed":true},"product_brand":[532],"product_cat":[57,92,304],"product_tag":[],"class_list":{"0":"post-48534","1":"product","2":"type-product","3":"status-publish","4":"has-post-thumbnail","6":"product_brand-sapiens","7":"product_cat-akcijos","8":"product_cat-groziui","9":"product_cat-plaukams","11":"first","12":"instock","13":"sale","14":"shipping-taxable","15":"purchasable","16":"product-type-simple"},"acf":[],"tiered_pricing_type":"fixed","tiered_pricing_fixed_rules":[],"tiered_pricing_product_settings":{"layout":"default","base_unit_name":{"singular":null,"plural":null},"default_variation":null},"tiered_pricing_minimum_quantity":null,"tiered_pricing_roles_data":[],"tiered_pricing_percentage_rules":[],"_links":{"self":[{"href":"https:\/\/purama.lt\/ee\/wp-json\/wp\/v2\/product\/48534","targetHints":{"allow":["GET"]}}],"collection":[{"href":"https:\/\/purama.lt\/ee\/wp-json\/wp\/v2\/product"}],"about":[{"href":"https:\/\/purama.lt\/ee\/wp-json\/wp\/v2\/types\/product"}],"replies":[{"embeddable":true,"href":"https:\/\/purama.lt\/ee\/wp-json\/wp\/v2\/comments?post=48534"}],"wp:featuredmedia":[{"embeddable":true,"href":"https:\/\/purama.lt\/ee\/wp-json\/wp\/v2\/media\/48554"}],"wp:attachment":[{"href":"https:\/\/purama.lt\/ee\/wp-json\/wp\/v2\/media?parent=48534"}],"wp:term":[{"taxonomy":"product_brand","embeddable":true,"href":"https:\/\/purama.lt\/ee\/wp-json\/wp\/v2\/product_brand?post=48534"},{"taxonomy":"product_cat","embeddable":true,"href":"https:\/\/purama.lt\/ee\/wp-json\/wp\/v2\/product_cat?post=48534"},{"taxonomy":"product_tag","embeddable":true,"href":"https:\/\/purama.lt\/ee\/wp-json\/wp\/v2\/product_tag?post=48534"}],"curies":[{"name":"wp","href":"https:\/\/api.w.org\/{rel}","templated":true}]}}