{"id":48533,"date":"2026-04-22T09:04:16","date_gmt":"2026-04-22T07:04:16","guid":{"rendered":"https:\/\/purama.lt\/produktas\/sapiens-huile-a-barbe-red-sugar-barzdos-aliejus-su-ricinos-aliejumi\/"},"modified":"2026-04-22T09:58:08","modified_gmt":"2026-04-22T07:58:08","slug":"sapiens-huile-a-barbe-red-sugar-barzdos-aliejus-su-ricinos-aliejumi","status":"publish","type":"product","link":"https:\/\/purama.lt\/ee\/produktas\/sapiens-huile-a-barbe-red-sugar-barzdos-aliejus-su-ricinos-aliejumi\/","title":{"rendered":"SAPIENS Red Sugar habam\u0161i\u00f5li kastoor\u00f5liga"},"content":{"rendered":"<p><strong>Kasutamine<\/strong><br>\u012e deln\u0105 paskirstykite 2 paspaudimus aliejaus ir patrinkite tarp rank\u0173<br>Tepkite ant sausos barzdos, \u0161velniai \u012fmasa\u017euokite \u012f barzd\u0105 ir od\u0105 po ja, tuomet suformuokite<br>Jei atsiranda sudirginimas, nutraukite naudojim\u0105<\/p>\n\n\n\n<p><strong>Koostisosad<\/strong><br>prunus amygdalus dulcis (sweet almond) oil*, ricinus communis (castor) seed oil*, simmondsia chinensis (jojoba) seed oil*, argania spinosa (argan) kernel oil*, parfum (fragrance), tocopherol, helianthus annuus (sunflower) seed oil<\/p>","protected":false},"excerpt":{"rendered":"<p data-start=\"0\" data-end=\"613\"><strong data-start=\"16\" data-end=\"53\">Sapiens \u2014 Huile \u00e0 Barbe Red Sugar<\/strong> barzdos aliejus su ricinos aliejumi, skirtas kasdienei barzdos ir odos po ja prie\u017ei\u016brai. Jis padeda <strong data-start=\"154\" data-end=\"177\">sumink\u0161tinti barzd\u0105<\/strong>, suteikia jai glotnesn\u012f ir tvarkingesn\u012f vaizd\u0105, padeda ma\u017einti sausumo poj\u016bt\u012f, puosel\u0117ja plauk\u0105 jo neapsunkindamas ir nepalieka riebaus poj\u016b\u010dio. Formul\u0117je derinami ricinos, jojobos, argano ir sald\u017ei\u0173j\u0173 migdol\u0173 aliejai, o saldus, vaisi\u0161kas <strong data-start=\"417\" data-end=\"430\">Red Sugar<\/strong> kvapas suteikia malon\u0173 naudojimo poj\u016bt\u012f. Augaliniai aliejai pla\u010diai vertinami barzdos prie\u017ei\u016broje d\u0117l j\u0173 mink\u0161tinan\u010di\u0173 ir puosel\u0117jan\u010di\u0173 savybi\u0173.<\/p>\n<p data-start=\"615\" data-end=\"929\"><strong data-start=\"615\" data-end=\"638\">Miks valida<\/strong><br data-start=\"638\" data-end=\"641\" \/><strong data-start=\"641\" data-end=\"647\">\u2714\ufe0f<\/strong> Mink\u0161tina barzd\u0105 ir padeda jai atrodyti glotniau<br data-start=\"696\" data-end=\"699\" \/><strong data-start=\"699\" data-end=\"705\">\u2714\ufe0f<\/strong> Maitina plauk\u0105 ir od\u0105 po barzda<br data-start=\"737\" data-end=\"740\" \/><strong data-start=\"740\" data-end=\"746\">\u2714\ufe0f<\/strong> Padeda suma\u017einti tempimo ir sausumo poj\u016bt\u012f<br data-start=\"789\" data-end=\"792\" \/><strong data-start=\"792\" data-end=\"798\">\u2714\ufe0f<\/strong> Lengva, neriebi tekst\u016bra kasdieniam naudojimui<br data-start=\"845\" data-end=\"848\" \/><strong data-start=\"848\" data-end=\"854\">\u2714\ufe0f<\/strong> Saldus ir vaisi\u0161kas Red Sugar kvapas<\/p>","protected":false},"featured_media":48550,"comment_status":"open","ping_status":"closed","template":"","meta":{"_acf_changed":true},"product_brand":[532],"product_cat":[92,304],"product_tag":[],"class_list":{"0":"post-48533","1":"product","2":"type-product","3":"status-publish","4":"has-post-thumbnail","6":"product_brand-sapiens","7":"product_cat-groziui","8":"product_cat-plaukams","10":"first","11":"instock","12":"shipping-taxable","13":"purchasable","14":"product-type-simple"},"acf":[],"tiered_pricing_type":"fixed","tiered_pricing_fixed_rules":[],"tiered_pricing_product_settings":{"layout":"default","base_unit_name":{"singular":null,"plural":null},"default_variation":null},"tiered_pricing_minimum_quantity":null,"tiered_pricing_roles_data":[],"tiered_pricing_percentage_rules":[],"_links":{"self":[{"href":"https:\/\/purama.lt\/ee\/wp-json\/wp\/v2\/product\/48533","targetHints":{"allow":["GET"]}}],"collection":[{"href":"https:\/\/purama.lt\/ee\/wp-json\/wp\/v2\/product"}],"about":[{"href":"https:\/\/purama.lt\/ee\/wp-json\/wp\/v2\/types\/product"}],"replies":[{"embeddable":true,"href":"https:\/\/purama.lt\/ee\/wp-json\/wp\/v2\/comments?post=48533"}],"wp:featuredmedia":[{"embeddable":true,"href":"https:\/\/purama.lt\/ee\/wp-json\/wp\/v2\/media\/48550"}],"wp:attachment":[{"href":"https:\/\/purama.lt\/ee\/wp-json\/wp\/v2\/media?parent=48533"}],"wp:term":[{"taxonomy":"product_brand","embeddable":true,"href":"https:\/\/purama.lt\/ee\/wp-json\/wp\/v2\/product_brand?post=48533"},{"taxonomy":"product_cat","embeddable":true,"href":"https:\/\/purama.lt\/ee\/wp-json\/wp\/v2\/product_cat?post=48533"},{"taxonomy":"product_tag","embeddable":true,"href":"https:\/\/purama.lt\/ee\/wp-json\/wp\/v2\/product_tag?post=48533"}],"curies":[{"name":"wp","href":"https:\/\/api.w.org\/{rel}","templated":true}]}}