{"id":48532,"date":"2026-04-22T09:04:13","date_gmt":"2026-04-22T07:04:13","guid":{"rendered":"https:\/\/purama.lt\/produktas\/sapiens-spray-coiffant-texturant-bio-teksturinis-plauku-purskiklis\/"},"modified":"2026-04-22T09:55:02","modified_gmt":"2026-04-22T07:55:02","slug":"sapiens-spray-coiffant-texturant-bio-teksturinis-plauku-purskiklis","status":"publish","type":"product","link":"https:\/\/purama.lt\/ee\/produktas\/sapiens-spray-coiffant-texturant-bio-teksturinis-plauku-purskiklis\/","title":{"rendered":"SAPIENS Spray Coiffant Texturant Bio tekstuuriga juuksepihusti"},"content":{"rendered":"<p><strong>Kasutamine<\/strong><br>Purk\u0161kite tolygiai ant plauk\u0173.<br>Paskirstykite rankomis ir formuokite \u0161ukuosen\u0105 pagal poreik\u012f.<\/p>\n\n\n\n<p><strong>Koostisosad<\/strong><br>aqua, sodium chloride, decyl glucoside, hydrolyzed keratin, aloe barbadensis leaf juice powder, sodium benzoate, citric acid, parfum<\/p>","protected":false},"excerpt":{"rendered":"<p data-start=\"0\" data-end=\"559\"><strong data-start=\"16\" data-end=\"55\">Sapiens \u2014 Texturizing Styling Spray<\/strong> tekst\u016brinis plauk\u0173 pur\u0161kiklis, padedantis suteikti plaukams daugiau apimties ir i\u0161rai\u0161kingos tekst\u016bros j\u0173 neapsunkinant. Lengva fiksacija padeda i\u0161laikyti nat\u016bral\u0173, neperkraut\u0105 \u012fvaizd\u012f vis\u0105 dien\u0105, formul\u0117 tinka \u012fvairiems plauk\u0173 tipams, lengvai i\u0161siplauna, o gaivus j\u016brinio charakterio kvapas suteikia \u0161varos poj\u016bt\u012f. Sud\u0117tyje esantis keratinas siejamas su geresniu plauko elastingumu ir atsparumu, o alavijas padeda i\u0161laikyti \u0161velnesn\u012f plauk\u0173 bei galvos odos poj\u016bt\u012f.<\/p>\n<p data-start=\"561\" data-end=\"906\"><strong data-start=\"561\" data-end=\"584\">Miks valida<\/strong><br data-start=\"584\" data-end=\"587\" \/><strong data-start=\"587\" data-end=\"593\">\u2714\ufe0f<\/strong> Suteikia plaukams daugiau tekst\u016bros ir apimties<br data-start=\"641\" data-end=\"644\" \/><strong data-start=\"644\" data-end=\"650\">\u2714\ufe0f<\/strong> Lengva fiksacija nat\u016braliam rezultatui<br data-start=\"689\" data-end=\"692\" \/><strong data-start=\"692\" data-end=\"698\">\u2714\ufe0f<\/strong> Neapsunkina plauk\u0173 ir lengvai i\u0161siplauna<br data-start=\"739\" data-end=\"742\" \/><strong data-start=\"742\" data-end=\"748\">\u2714\ufe0f<\/strong> Su keratinu ir alaviju kasdieniam plauk\u0173 komfortui<br data-start=\"799\" data-end=\"802\" \/><strong data-start=\"802\" data-end=\"808\">\u2714\ufe0f<\/strong> Sertifikuota ekologi\u0161ka formul\u0117, tinkama vis\u0173 tip\u0173 plaukams<\/p>","protected":false},"featured_media":48552,"comment_status":"open","ping_status":"closed","template":"","meta":{"_acf_changed":false},"product_brand":[532],"product_cat":[92,304],"product_tag":[],"class_list":{"0":"post-48532","1":"product","2":"type-product","3":"status-publish","4":"has-post-thumbnail","6":"product_brand-sapiens","7":"product_cat-groziui","8":"product_cat-plaukams","10":"first","11":"instock","12":"shipping-taxable","13":"purchasable","14":"product-type-simple"},"acf":[],"tiered_pricing_type":"fixed","tiered_pricing_fixed_rules":[],"tiered_pricing_product_settings":{"layout":"default","base_unit_name":{"singular":null,"plural":null},"default_variation":null},"tiered_pricing_minimum_quantity":null,"tiered_pricing_roles_data":[],"tiered_pricing_percentage_rules":[],"_links":{"self":[{"href":"https:\/\/purama.lt\/ee\/wp-json\/wp\/v2\/product\/48532","targetHints":{"allow":["GET"]}}],"collection":[{"href":"https:\/\/purama.lt\/ee\/wp-json\/wp\/v2\/product"}],"about":[{"href":"https:\/\/purama.lt\/ee\/wp-json\/wp\/v2\/types\/product"}],"replies":[{"embeddable":true,"href":"https:\/\/purama.lt\/ee\/wp-json\/wp\/v2\/comments?post=48532"}],"wp:featuredmedia":[{"embeddable":true,"href":"https:\/\/purama.lt\/ee\/wp-json\/wp\/v2\/media\/48552"}],"wp:attachment":[{"href":"https:\/\/purama.lt\/ee\/wp-json\/wp\/v2\/media?parent=48532"}],"wp:term":[{"taxonomy":"product_brand","embeddable":true,"href":"https:\/\/purama.lt\/ee\/wp-json\/wp\/v2\/product_brand?post=48532"},{"taxonomy":"product_cat","embeddable":true,"href":"https:\/\/purama.lt\/ee\/wp-json\/wp\/v2\/product_cat?post=48532"},{"taxonomy":"product_tag","embeddable":true,"href":"https:\/\/purama.lt\/ee\/wp-json\/wp\/v2\/product_tag?post=48532"}],"curies":[{"name":"wp","href":"https:\/\/api.w.org\/{rel}","templated":true}]}}