{"id":48487,"date":"2026-04-21T09:24:11","date_gmt":"2026-04-21T07:24:11","guid":{"rendered":"https:\/\/purama.lt\/produktas\/sveikadienis-detoxbalansas-kapsulese\/"},"modified":"2026-04-21T12:16:16","modified_gmt":"2026-04-21T10:16:16","slug":"sveikadienis-detoxbalansas-kapsulese","status":"publish","type":"product","link":"https:\/\/purama.lt\/ee\/produktas\/sveikadienis-detoxbalansas-kapsulese\/","title":{"rendered":"Sveikadienis DetoxBalans kapslites"},"content":{"rendered":"<p><strong>Tarbimine<\/strong><br>Vartokite po 1 kapsul\u0119 2 kartus per dien\u0105, u\u017egeriant stikline vandens, prie\u0161 valg\u012f arba valgio metu<br>Nevir\u0161yti nustatytos rekomenduojamos paros doz\u0117s<br>Maisto papildas neturi b\u016bti vartojamas kaip maisto pakaitalas<\/p>\n\n\n\n<p><strong>Koostisosad<\/strong><br>margainio s\u0117klos (20 %), varnal\u0117\u0161os \u0161aknys (20 %), kiaulpien\u0117s \u0161aknys (20 %), juodgr\u016bd\u0117s s\u0117klos (20 %), o\u017erag\u0117s s\u0117klos (20 %), kapsul\u0117 (hidroksipropilmetilceliulioz\u0117)<\/p>","protected":false},"excerpt":{"rendered":"<p data-start=\"0\" data-end=\"635\"><strong data-start=\"16\" data-end=\"48\">DetoxBalansas<\/strong> tai augalinis maisto papildas kapsul\u0117se, skirtas kasdienei rutinai, kai norisi daugiau lengvumo ir subalansuoto pasirinkimo. Formul\u0117je derinami <strong data-start=\"193\" data-end=\"226\">penki augaliniai ingredientai<\/strong> \u2013 margainis, varnal\u0117\u0161a, kiaulpien\u0117, juodgr\u016bd\u0117 ir o\u017erag\u0117 \u2013 tod\u0117l produktas tinka ie\u0161kantiems <strong data-start=\"319\" data-end=\"339\">\u0161varios sud\u0117ties<\/strong>, <strong data-start=\"341\" data-end=\"369\">patogios kapsuli\u0173 formos<\/strong>, <strong data-start=\"371\" data-end=\"400\">augalin\u0117s kilm\u0117s sud\u0117ties<\/strong>, palaikymo <strong data-start=\"412\" data-end=\"436\">vir\u0161kinimo komfortui<\/strong> ja <strong data-start=\"440\" data-end=\"472\">med\u017eiag\u0173 apykaitos procesams<\/strong>. Papildas taip pat tinka <strong data-start=\"498\" data-end=\"524\">veganams ir vegetarams<\/strong>, o vartojimas prie\u0161 valg\u012f leid\u017eia j\u012f lengvai \u012ftraukti \u012f kasdien\u012f re\u017eim\u0105.<\/p>\n<p data-start=\"637\" data-end=\"920\"><strong data-start=\"637\" data-end=\"660\">Miks valida<\/strong><br data-start=\"660\" data-end=\"663\" \/><strong data-start=\"663\" data-end=\"669\">\u2714\ufe0f<\/strong> Penki\u0173 augal\u0173 derinys kasdieniam vartojimui<br data-start=\"713\" data-end=\"716\" \/><strong data-start=\"716\" data-end=\"722\">\u2714\ufe0f<\/strong> Patogi kapsuli\u0173 forma paprastai rutinai<br data-start=\"762\" data-end=\"765\" \/><strong data-start=\"765\" data-end=\"771\">\u2714\ufe0f<\/strong> \u0160vari augalin\u0117 sud\u0117tis<br data-start=\"794\" data-end=\"797\" \/><strong data-start=\"797\" data-end=\"803\">\u2714\ufe0f<\/strong> Tinka veganams ir vegetarams<br data-start=\"832\" data-end=\"835\" \/><strong data-start=\"835\" data-end=\"841\">\u2714\ufe0f<\/strong> Sukurtas patogiam vartojimui prie\u0161 valg\u012f<\/p>","protected":false},"featured_media":48455,"comment_status":"open","ping_status":"closed","template":"","meta":{"_acf_changed":false},"product_brand":[458],"product_cat":[123,264,265],"product_tag":[],"class_list":{"0":"post-48487","1":"product","2":"type-product","3":"status-publish","4":"has-post-thumbnail","6":"product_brand-sveikadienis","7":"product_cat-papildai-ilgaamziskumui","8":"product_cat-virskinimui-ir-detoksui","9":"product_cat-zarnynas-ir-mikrobioma","11":"first","12":"instock","13":"shipping-taxable","14":"purchasable","15":"product-type-simple"},"acf":[],"tiered_pricing_type":"fixed","tiered_pricing_fixed_rules":[],"tiered_pricing_product_settings":{"layout":"default","base_unit_name":{"singular":null,"plural":null},"default_variation":null},"tiered_pricing_minimum_quantity":null,"tiered_pricing_roles_data":[],"tiered_pricing_percentage_rules":[],"_links":{"self":[{"href":"https:\/\/purama.lt\/ee\/wp-json\/wp\/v2\/product\/48487","targetHints":{"allow":["GET"]}}],"collection":[{"href":"https:\/\/purama.lt\/ee\/wp-json\/wp\/v2\/product"}],"about":[{"href":"https:\/\/purama.lt\/ee\/wp-json\/wp\/v2\/types\/product"}],"replies":[{"embeddable":true,"href":"https:\/\/purama.lt\/ee\/wp-json\/wp\/v2\/comments?post=48487"}],"wp:featuredmedia":[{"embeddable":true,"href":"https:\/\/purama.lt\/ee\/wp-json\/wp\/v2\/media\/48455"}],"wp:attachment":[{"href":"https:\/\/purama.lt\/ee\/wp-json\/wp\/v2\/media?parent=48487"}],"wp:term":[{"taxonomy":"product_brand","embeddable":true,"href":"https:\/\/purama.lt\/ee\/wp-json\/wp\/v2\/product_brand?post=48487"},{"taxonomy":"product_cat","embeddable":true,"href":"https:\/\/purama.lt\/ee\/wp-json\/wp\/v2\/product_cat?post=48487"},{"taxonomy":"product_tag","embeddable":true,"href":"https:\/\/purama.lt\/ee\/wp-json\/wp\/v2\/product_tag?post=48487"}],"curies":[{"name":"wp","href":"https:\/\/api.w.org\/{rel}","templated":true}]}}