{"id":48486,"date":"2026-04-21T09:24:10","date_gmt":"2026-04-21T07:24:10","guid":{"rendered":"https:\/\/purama.lt\/produktas\/sveikadienis-parabalansas-kapsulese\/"},"modified":"2026-04-21T12:15:58","modified_gmt":"2026-04-21T10:15:58","slug":"sveikadienis-parabalansas-kapsulese","status":"publish","type":"product","link":"https:\/\/purama.lt\/ee\/produktas\/sveikadienis-parabalansas-kapsulese\/","title":{"rendered":"Terve p\u00e4ev ParaBalans kapslites"},"content":{"rendered":"<p><strong>Tarbimine<\/strong><br>Vartokite po 2 kapsules per dien\u0105: 1 kapsul\u0119 ryte ir 1 kapsul\u0119 vakare, u\u017egeriant stikline vandens, 30 min prie\u0161 valg\u012f arba 1,5 val. po valgio<br>Vartojimo kursas \u2013 30 dien\u0173, po kurso rekomenduojama padaryti 1\u20132 savai\u010di\u0173 pertrauk\u0105<br>Nevir\u0161yti nustatytos rekomenduojamos paros doz\u0117s; nevartoti, jei esate jautr\u016bs bent vienai sudedamajai daliai<\/p>\n\n\n\n<p><strong>Koostisosad<\/strong><br>pelynas (\u017eol\u0117) (20 %), \u010diobrelis (\u017eol\u0117) (20 %), gvazdik\u0117lis (prieskonis) (20 %), raudon\u0117lis (\u017eol\u0117) (20 %), voverait\u0117s (grybai) (20 %), kapsul\u0117 (hidroksipropilmetilceliulioz\u0117)<\/p>","protected":false},"excerpt":{"rendered":"<p data-start=\"0\" data-end=\"685\"><strong data-start=\"16\" data-end=\"47\">\u00a0ParaBalansas<\/strong> tai augalinis maisto papildas kapsul\u0117se, sukurtas tiems, kurie ie\u0161ko <strong data-start=\"117\" data-end=\"137\">\u0161varios sud\u0117ties<\/strong> ir patogiai vartojamo produkto kasdienei rutinai. Formul\u0117je derinami <strong data-start=\"207\" data-end=\"246\">penki augalin\u0117s kilm\u0117s ingredientai<\/strong> \u2013 pelynas, \u010diobrelis, gvazdik\u0117lis, raudon\u0117lis ir voverait\u0117s \u2013 tod\u0117l produktas i\u0161siskiria <strong data-start=\"336\" data-end=\"372\">augal\u0173 deriniu vienoje kapsul\u0117je<\/strong>, <strong data-start=\"374\" data-end=\"401\">mugaval kujul kasutamiseks<\/strong>, <strong data-start=\"403\" data-end=\"439\">sud\u0117timi be nereikaling\u0173 u\u017epild\u0173<\/strong>, tinkamumu <strong data-start=\"451\" data-end=\"477\">veganams ir vegetarams<\/strong> bei ai\u0161kiai apra\u0161ytu vartojimo kursu. Formul\u0117 remiasi tradici\u0161kai mityboje naudojam\u0173 augal\u0173 deriniu, tod\u0117l tinka ie\u0161kantiems s\u0105moningo ir paprasto pasirinkimo kasdienai.<\/p>\n<p data-start=\"687\" data-end=\"977\"><strong data-start=\"687\" data-end=\"710\">Miks valida<\/strong><br data-start=\"710\" data-end=\"713\" \/><strong data-start=\"713\" data-end=\"719\">\u2714\ufe0f<\/strong> Penki\u0173 augal\u0173 derinys vienoje kapsul\u0117je<br data-start=\"759\" data-end=\"762\" \/><strong data-start=\"762\" data-end=\"768\">\u2714\ufe0f<\/strong> Patogi forma kasdieniam vartojimui<br data-start=\"803\" data-end=\"806\" \/><strong data-start=\"806\" data-end=\"812\">\u2714\ufe0f<\/strong> \u0160vari sud\u0117tis be sintetini\u0173 u\u017epild\u0173<br data-start=\"848\" data-end=\"851\" \/><strong data-start=\"851\" data-end=\"857\">\u2714\ufe0f<\/strong> Tinka veganams ir vegetarams<br data-start=\"886\" data-end=\"889\" \/><strong data-start=\"889\" data-end=\"895\">\u2714\ufe0f<\/strong> Ai\u0161kiai apra\u0161ytas 30 dien\u0173 vartojimo kursas<\/p>","protected":false},"featured_media":48453,"comment_status":"open","ping_status":"closed","template":"","meta":{"_acf_changed":false},"product_brand":[458],"product_cat":[123,264,265],"product_tag":[],"class_list":{"0":"post-48486","1":"product","2":"type-product","3":"status-publish","4":"has-post-thumbnail","6":"product_brand-sveikadienis","7":"product_cat-papildai-ilgaamziskumui","8":"product_cat-virskinimui-ir-detoksui","9":"product_cat-zarnynas-ir-mikrobioma","11":"first","12":"instock","13":"shipping-taxable","14":"purchasable","15":"product-type-simple"},"acf":[],"tiered_pricing_type":"fixed","tiered_pricing_fixed_rules":[],"tiered_pricing_product_settings":{"layout":"default","base_unit_name":{"singular":null,"plural":null},"default_variation":null},"tiered_pricing_minimum_quantity":null,"tiered_pricing_roles_data":[],"tiered_pricing_percentage_rules":[],"_links":{"self":[{"href":"https:\/\/purama.lt\/ee\/wp-json\/wp\/v2\/product\/48486","targetHints":{"allow":["GET"]}}],"collection":[{"href":"https:\/\/purama.lt\/ee\/wp-json\/wp\/v2\/product"}],"about":[{"href":"https:\/\/purama.lt\/ee\/wp-json\/wp\/v2\/types\/product"}],"replies":[{"embeddable":true,"href":"https:\/\/purama.lt\/ee\/wp-json\/wp\/v2\/comments?post=48486"}],"wp:featuredmedia":[{"embeddable":true,"href":"https:\/\/purama.lt\/ee\/wp-json\/wp\/v2\/media\/48453"}],"wp:attachment":[{"href":"https:\/\/purama.lt\/ee\/wp-json\/wp\/v2\/media?parent=48486"}],"wp:term":[{"taxonomy":"product_brand","embeddable":true,"href":"https:\/\/purama.lt\/ee\/wp-json\/wp\/v2\/product_brand?post=48486"},{"taxonomy":"product_cat","embeddable":true,"href":"https:\/\/purama.lt\/ee\/wp-json\/wp\/v2\/product_cat?post=48486"},{"taxonomy":"product_tag","embeddable":true,"href":"https:\/\/purama.lt\/ee\/wp-json\/wp\/v2\/product_tag?post=48486"}],"curies":[{"name":"wp","href":"https:\/\/api.w.org\/{rel}","templated":true}]}}