{"id":48482,"date":"2026-04-21T09:24:08","date_gmt":"2026-04-21T07:24:08","guid":{"rendered":"https:\/\/purama.lt\/produktas\/wild-period-pain-relief-patches-menstruaciniu-spazmu-pleistras\/"},"modified":"2026-04-23T09:29:45","modified_gmt":"2026-04-23T07:29:45","slug":"wild-period-pain-relief-patches-menstruaciniu-spazmu-pleistras","status":"publish","type":"product","link":"https:\/\/purama.lt\/ee\/produktas\/wild-period-pain-relief-patches-menstruaciniu-spazmu-pleistras\/","title":{"rendered":"WILD+ menstruatsioonivalu plaaster"},"content":{"rendered":"<p><strong>Kasutamine<\/strong><br>Atidarykite pakuot\u0119, nulupkite apsaugin\u012f sluoksn\u012f ir priklijuokite pleistr\u0105 ant \u0161varios, sausos odos toje vietoje, kur jau\u010diamas diskomfortas<br>Pleistras aktyvuojasi atidarius pakuot\u0119 ir suteikia \u0161ildant\u012f poj\u016bt\u012f<br>J\u00e4rgige pakendil olevaid juhiseid.<\/p>\n\n\n\n<p><strong>Koostisosad<\/strong><br>camphor (1.1 %), menthol (1.3 %), heat sensitizer (1 %)<\/p>","protected":false},"excerpt":{"rendered":"<p data-start=\"0\" data-end=\"611\"><strong data-start=\"16\" data-end=\"54\">WILD+ \u2014 Period Pain Relief Patches<\/strong> tai \u0161ildantys pleistrai, skirti patogesniam laikotarpiui menstruacij\u0173 metu, kai norisi <strong data-start=\"142\" data-end=\"171\">tikslinio \u0161ilumos poj\u016b\u010dio<\/strong> pilvo ar nugaros srityje. Pleistrai <strong data-start=\"208\" data-end=\"224\">\u0161yla savaime<\/strong>, on <strong data-start=\"230\" data-end=\"272\">ploni ir patog\u016bs naudoti po drabu\u017eiais<\/strong>, tinka greitam ir paprastam naudojimui, pasi\u017eymi <strong data-start=\"322\" data-end=\"353\">ilgesniu \u0161ildan\u010diu poveikiu<\/strong> ir yra sukurti taip, kad b\u016bt\u0173 malon\u016bs odai. Formul\u0117je naudojami <strong data-start=\"418\" data-end=\"465\">kamparas, mentolis ir \u0161ildantis komponentas<\/strong>, o \u0161ilumos terapija da\u017enai pasirenkama d\u0117l lokalaus komforto ir atpalaiduojan\u010dio poj\u016b\u010dio \u012ftemptose vietose.<\/p>\n<p data-start=\"613\" data-end=\"935\"><strong data-start=\"613\" data-end=\"636\">Miks valida<\/strong><br data-start=\"636\" data-end=\"639\" \/><strong data-start=\"639\" data-end=\"645\">\u2714\ufe0f<\/strong> Savaime \u0161ylantys pleistrai patogiam naudojimui<br data-start=\"692\" data-end=\"695\" \/><strong data-start=\"695\" data-end=\"701\">\u2714\ufe0f<\/strong> Tikslinis \u0161ilumos poj\u016btis pilvo ar nugaros srityje<br data-start=\"752\" data-end=\"755\" \/><strong data-start=\"755\" data-end=\"761\">\u2714\ufe0f<\/strong> Ploni ir patog\u016bs d\u0117v\u0117ti po drabu\u017eiais<br data-start=\"799\" data-end=\"802\" \/><strong data-start=\"802\" data-end=\"808\">\u2714\ufe0f<\/strong> Ilgiau i\u0161liekantis \u0161ildantis komfortas<br data-start=\"847\" data-end=\"850\" \/><strong data-start=\"850\" data-end=\"856\">\u2714\ufe0f<\/strong> Sud\u0117tyje naudojamas kamparas ir mentolis<\/p>","protected":false},"featured_media":48456,"comment_status":"open","ping_status":"closed","template":"","meta":{"_acf_changed":false},"product_brand":[],"product_cat":[57,278,276],"product_tag":[],"class_list":{"0":"post-48482","1":"product","2":"type-product","3":"status-publish","4":"has-post-thumbnail","6":"product_cat-akcijos","7":"product_cat-moterims","8":"product_cat-seksualinei-sveikatai","10":"first","11":"instock","12":"sale","13":"shipping-taxable","14":"purchasable","15":"product-type-simple"},"acf":[],"tiered_pricing_type":"fixed","tiered_pricing_fixed_rules":[],"tiered_pricing_product_settings":{"layout":"default","base_unit_name":{"singular":null,"plural":null},"default_variation":null},"tiered_pricing_minimum_quantity":null,"tiered_pricing_roles_data":[],"tiered_pricing_percentage_rules":[],"_links":{"self":[{"href":"https:\/\/purama.lt\/ee\/wp-json\/wp\/v2\/product\/48482","targetHints":{"allow":["GET"]}}],"collection":[{"href":"https:\/\/purama.lt\/ee\/wp-json\/wp\/v2\/product"}],"about":[{"href":"https:\/\/purama.lt\/ee\/wp-json\/wp\/v2\/types\/product"}],"replies":[{"embeddable":true,"href":"https:\/\/purama.lt\/ee\/wp-json\/wp\/v2\/comments?post=48482"}],"wp:featuredmedia":[{"embeddable":true,"href":"https:\/\/purama.lt\/ee\/wp-json\/wp\/v2\/media\/48456"}],"wp:attachment":[{"href":"https:\/\/purama.lt\/ee\/wp-json\/wp\/v2\/media?parent=48482"}],"wp:term":[{"taxonomy":"product_brand","embeddable":true,"href":"https:\/\/purama.lt\/ee\/wp-json\/wp\/v2\/product_brand?post=48482"},{"taxonomy":"product_cat","embeddable":true,"href":"https:\/\/purama.lt\/ee\/wp-json\/wp\/v2\/product_cat?post=48482"},{"taxonomy":"product_tag","embeddable":true,"href":"https:\/\/purama.lt\/ee\/wp-json\/wp\/v2\/product_tag?post=48482"}],"curies":[{"name":"wp","href":"https:\/\/api.w.org\/{rel}","templated":true}]}}