{"id":48137,"date":"2026-04-17T13:25:23","date_gmt":"2026-04-17T11:25:23","guid":{"rendered":"https:\/\/purama.lt\/produktas\/donotage-energijos-ir-balanso-rinkinys\/"},"modified":"2026-04-17T18:33:23","modified_gmt":"2026-04-17T16:33:23","slug":"donotage-energijos-ir-balanso-rinkinys","status":"publish","type":"product","link":"https:\/\/purama.lt\/ee\/produktas\/donotage-energijos-ir-balanso-rinkinys\/","title":{"rendered":"DONOTAGE Energijos ir balanso rinkinys"},"content":{"rendered":"<h4>Rinkinys kasdienei energijai, \u0161ird\u017eiai ir smegenims<\/h4>\n<p>Po 30 met\u0173 organizme nat\u016braliai ma\u017e\u0117ja CoQ10 gamyba, o omega-3 riebi\u0173j\u0173 r\u016bg\u0161\u010di\u0173 dauguma \u017emoni\u0173 negauna pakankamai su maistu. \u0160is rinkinys sprend\u017eia abi problemas vienu metu \u2013 <strong>auk\u0161\u010diausios kokyb\u0117s ingredientais gerai \u012fsisavinama forma<\/strong>.<\/p>\n<h4>K\u0105 rasite rinkinyje<\/h4>\n<h5>DoNotAge Pure Omega 3 \u2013 30 kapsuli\u0173<\/h5>\n<p>Gaminamas i\u0161 laukini\u0173 an\u010diuvi\u0173, sardini\u0173 ir skumbri\u0173. DoNotAge Omega 3 yra <strong>nat\u016bralioje triglicerid\u0173 (TG) formoje<\/strong> \u2013 pagal mokslinius tyrimus \u0161i forma gali b\u016bti geriau \u012fsisavinama nei pigesni etilo esteri\u0173 produktai.<\/p>\n<ul>\n<li><strong>800 mg EPA + 600 mg DHA + 100 mg kit\u0173 omega-3<\/strong> per 2 kapsules.<\/li>\n<li>DHA prisideda prie normalios smegen\u0173 veiklos ir reg\u0117jimo palaikymo (teigiamas poveikis pasiekiamas suvartojant 250 mg DHA per dien\u0105).<\/li>\n<li>EPA ir DHA prisideda prie normalios \u0161irdies veiklos (teigiamas poveikis pasiekiamas suvartojant 250 mg EPA ir DHA per dien\u0105).<\/li>\n<li>Testuota d\u0117l arseno, gyvsidabrio ir \u0161vino.<\/li>\n<\/ul>\n<p><strong>Kuidas kasutada:<\/strong> 2 kapsul\u0117s per dien\u0105 su maistu.<\/p>\n<h5>Maistin\u0117s vert\u0117s lentel\u0117 \u2013 Pure Omega 3 (2 kapsul\u0117s)<\/h5>\n<table style=\"width:100%;border-collapse:collapse;margin:15px 0;font-size:14px;\">\n<thead>\n<tr>\n<th style=\"background:#f5f5f5;border:1px solid #ddd;padding:10px 12px;text-align:left;font-weight:600;\">Veiklioji med\u017eiaga<\/th>\n<th style=\"background:#f5f5f5;border:1px solid #ddd;padding:10px 12px;text-align:left;font-weight:600;\">Kiekis porcijoje<\/th>\n<th style=\"background:#f5f5f5;border:1px solid #ddd;padding:10px 12px;text-align:left;font-weight:600;\">% NRV*<\/th>\n<\/tr>\n<\/thead>\n<tbody>\n<tr>\n<td style=\"border:1px solid #ddd;padding:8px 12px;\">\u017duv\u0173 aliejus (triglicerid\u0173 forma)<\/td>\n<td style=\"border:1px solid #ddd;padding:8px 12px;\">1500 mg<\/td>\n<td style=\"border:1px solid #ddd;padding:8px 12px;\">-<\/td>\n<\/tr>\n<tr>\n<td style=\"border:1px solid #ddd;padding:8px 12px;\">  \u2013 i\u0161 j\u0173 EPA<\/td>\n<td style=\"border:1px solid #ddd;padding:8px 12px;\">800 mg<\/td>\n<td style=\"border:1px solid #ddd;padding:8px 12px;\">-<\/td>\n<\/tr>\n<tr>\n<td style=\"border:1px solid #ddd;padding:8px 12px;\">  \u2013 i\u0161 j\u0173 DHA<\/td>\n<td style=\"border:1px solid #ddd;padding:8px 12px;\">600 mg<\/td>\n<td style=\"border:1px solid #ddd;padding:8px 12px;\">-<\/td>\n<\/tr>\n<tr>\n<td style=\"border:1px solid #ddd;padding:8px 12px;\">  \u2013 kitos omega-3<\/td>\n<td style=\"border:1px solid #ddd;padding:8px 12px;\">100 mg<\/td>\n<td style=\"border:1px solid #ddd;padding:8px 12px;\">-<\/td>\n<\/tr>\n<\/tbody>\n<tfoot>\n<tr>\n<td colspan=\"3\" style=\"border:1px solid #ddd;padding:8px 12px;background:#fafafa;font-size:13px;\"><em>*Omega-3 NRV nenustatytas.<\/em><\/td>\n<\/tr>\n<\/tfoot>\n<\/table>\n<h5>DoNotAge Pure CoQ10 \u2013 30 kapsuli\u0173<\/h5>\n<p>CoQ10 aktyviojoje <strong>ubichinolio formoje<\/strong> \u2013 tai forma, kuri\u0105 organizmas gali panaudoti tiesiogiai, be papildomo konvertavimo. Dauguma konkurent\u0173 naudoja ubichinono form\u0105, kuri\u0105 k\u016bnas turi konvertuoti.<\/p>\n<ul>\n<li><strong>200 mg ubichinolio<\/strong> per 2 kapsules \u2013 be joki\u0173 u\u017epild\u0173.<\/li>\n<li>CoQ10 dalyvauja mitochondrij\u0173 energijos (ATP) gamyboje.<\/li>\n<li>Veikia kaip antioksidantas.<\/li>\n<\/ul>\n<p><strong>Kuidas kasutada:<\/strong> 1\u20132 kapsul\u0117s per dien\u0105 su riebal\u0173 \u0161altiniu, su pirmu valgymu.<\/p>\n<h5>Maistin\u0117s vert\u0117s lentel\u0117 \u2013 Pure CoQ10 (2 kapsul\u0117s)<\/h5>\n<table style=\"width:100%;border-collapse:collapse;margin:15px 0;font-size:14px;\">\n<thead>\n<tr>\n<th style=\"background:#f5f5f5;border:1px solid #ddd;padding:10px 12px;text-align:left;font-weight:600;\">Veiklioji med\u017eiaga<\/th>\n<th style=\"background:#f5f5f5;border:1px solid #ddd;padding:10px 12px;text-align:left;font-weight:600;\">Kiekis porcijoje<\/th>\n<th style=\"background:#f5f5f5;border:1px solid #ddd;padding:10px 12px;text-align:left;font-weight:600;\">% NRV*<\/th>\n<\/tr>\n<\/thead>\n<tbody>\n<tr>\n<td style=\"border:1px solid #ddd;padding:8px 12px;\">Kofermentas Q10 (ubichinolis)<\/td>\n<td style=\"border:1px solid #ddd;padding:8px 12px;\">200 mg<\/td>\n<td style=\"border:1px solid #ddd;padding:8px 12px;\">-<\/td>\n<\/tr>\n<\/tbody>\n<tfoot>\n<tr>\n<td colspan=\"3\" style=\"border:1px solid #ddd;padding:8px 12px;background:#fafafa;font-size:13px;\"><em>*CoQ10 NRV nenustatytas.<\/em><\/td>\n<\/tr>\n<\/tfoot>\n<\/table>\n<h4>Kam skirtas \u0161is rinkinys?<\/h4>\n<p>Tiems, kurie nori palaikyti \u0161irdies ir kraujagysli\u0173 sveikat\u0105, kasdien\u0119 energij\u0105 ir apsaugoti l\u0105steles nuo oksidacinio streso.<\/p>\n<p><em>Maisto papildas n\u0117ra maisto pakaitalas. Nevir\u0161yti rekomenduojamos paros doz\u0117s. Laikyti v\u0117sioje, sausoje vietoje. Netinka n\u0117\u0161\u010diosioms ir maitinan\u010dioms moterims. Pagaminta pagal GMP ir ISO9001 standartus.<\/em><\/p>","protected":false},"excerpt":{"rendered":"<p>Energija prasideda l\u0105stel\u0117se \u2013 tiksliau, mitochondrijose. \u0160is <strong>DoNotAge<\/strong> rinkinys sujungia <strong>Puhas Omega 3<\/strong> (<strong>800 mg EPA + 600 mg DHA<\/strong> nat\u016bralioje triglicerid\u0173 formoje) ir <strong>Pure CoQ10<\/strong> aktyviojoje <strong>ubichinolio<\/strong> formoje (200 mg\/porcij\u0105) \u2013 du produktus, b\u016btinus <strong>\u0161irdies, smegen\u0173 ir energijos apykaitos<\/strong> palaikymui. Omega 3 triglicerid\u0173 forma pagal mokslinius tyrimus gali b\u016bti geriau \u012fsisavinama nei \u012fprastin\u0117 etilo esteri\u0173 forma. \u017duv\u0173 aliejus i\u0161 laukini\u0173 an\u010diuvi\u0173, sardini\u0173 ir skumbri\u0173, testuotas d\u0117l sunki\u0173j\u0173 metal\u0173. Pakanka <strong>30 dien\u0173 kursui<\/strong>. Vienas populiariausi\u0173 derini\u0173 tarp s\u0105moningai savo sveikata besir\u016bpinan\u010di\u0173 \u017emoni\u0173.<\/p>\n<p><strong>Miks valida<\/strong><br \/>\u2714\ufe0f Omega 3 nat\u016bralioje triglicerid\u0173 formoje<br \/>\u2714\ufe0f CoQ10 ubichinolio forma \u2013 veikia tiesiogiai, be konvertavimo<br \/>\u2714\ufe0f Laukin\u0117s \u017euvys i\u0161 tvari\u0173 \u017evejybos viet\u0173 (\u010cil\u0117)<br \/>\u2714\ufe0f Testuota d\u0117l sunki\u0173j\u0173 metal\u0173 (arsenas, gyvsidabris, \u0161vinas)<br \/>\u2714\ufe0f GMP ir ISO9001 gamybos standartai<\/p>","protected":false},"featured_media":48147,"comment_status":"open","ping_status":"closed","template":"","meta":{"_acf_changed":false},"product_brand":[242],"product_cat":[57,261,393,260,262,123],"product_tag":[],"class_list":{"0":"post-48137","1":"product","2":"type-product","3":"status-publish","4":"has-post-thumbnail","6":"product_brand-donotage","7":"product_cat-akcijos","8":"product_cat-cukraus-balansas","9":"product_cat-dovanu-rinkiniai","10":"product_cat-energijai-ir-apykaitai","11":"product_cat-medziagu-apykaita","12":"product_cat-papildai-ilgaamziskumui","14":"first","15":"instock","16":"sale","17":"shipping-taxable","18":"purchasable","19":"product-type-simple"},"acf":[],"tiered_pricing_type":"fixed","tiered_pricing_fixed_rules":[],"tiered_pricing_product_settings":{"layout":"default","base_unit_name":{"singular":null,"plural":null},"default_variation":null},"tiered_pricing_minimum_quantity":null,"tiered_pricing_roles_data":[],"tiered_pricing_percentage_rules":[],"_links":{"self":[{"href":"https:\/\/purama.lt\/ee\/wp-json\/wp\/v2\/product\/48137","targetHints":{"allow":["GET"]}}],"collection":[{"href":"https:\/\/purama.lt\/ee\/wp-json\/wp\/v2\/product"}],"about":[{"href":"https:\/\/purama.lt\/ee\/wp-json\/wp\/v2\/types\/product"}],"replies":[{"embeddable":true,"href":"https:\/\/purama.lt\/ee\/wp-json\/wp\/v2\/comments?post=48137"}],"wp:featuredmedia":[{"embeddable":true,"href":"https:\/\/purama.lt\/ee\/wp-json\/wp\/v2\/media\/48147"}],"wp:attachment":[{"href":"https:\/\/purama.lt\/ee\/wp-json\/wp\/v2\/media?parent=48137"}],"wp:term":[{"taxonomy":"product_brand","embeddable":true,"href":"https:\/\/purama.lt\/ee\/wp-json\/wp\/v2\/product_brand?post=48137"},{"taxonomy":"product_cat","embeddable":true,"href":"https:\/\/purama.lt\/ee\/wp-json\/wp\/v2\/product_cat?post=48137"},{"taxonomy":"product_tag","embeddable":true,"href":"https:\/\/purama.lt\/ee\/wp-json\/wp\/v2\/product_tag?post=48137"}],"curies":[{"name":"wp","href":"https:\/\/api.w.org\/{rel}","templated":true}]}}