{"id":47015,"date":"2026-03-17T09:28:07","date_gmt":"2026-03-17T07:28:07","guid":{"rendered":"https:\/\/purama.lt\/produktas\/cosrx-two-in-one-poreless-power-liquid-poras-mazinanti-esencija\/"},"modified":"2026-04-13T16:02:14","modified_gmt":"2026-04-13T14:02:14","slug":"cosrx-two-in-one-poreless-power-liquid-poorseidendav-essents","status":"publish","type":"product","link":"https:\/\/purama.lt\/ee\/produktas\/cosrx-two-in-one-poreless-power-liquid-poras-mazinanti-esencija\/","title":{"rendered":"COSRX TWO IN ONE PORELESS POWER LIQUID pooride v\u00e4hendav essents"},"content":{"rendered":"<p><strong>Kasutamine<\/strong><br>P\u00e4rast pesemist niisutage vatipadjakest ja p\u00fchkige \u00f5rnalt \u00fcle n\u00e4o, v\u00e4ltides silmade ja huulte piirkonda.<br>V\u00f5ib kasutada ka l\u00fchikese toniseeriva kompressina \u00f5htuti 5-10 minuti jooksul poorsematel v\u00f5i pleegitatud aladel.<br>J\u00e4rgige pakendil olevaid juhiseid.<\/p>\n\n\n\n<p><strong>Koostisosad<\/strong><br>salix alba (paju) koore vesi, but\u00fcleengl\u00fckool, h\u00fcdroks\u00fcprop\u00fc\u00fclts\u00fcklodekstriin, vesi, penty\u00fcleengl\u00fckool, 1,2-heksandiool, betaiinisalits\u00fclaat, arginiin, betaiin, peg-60 h\u00fcdrogeenitud ritsinus\u00f5li, allantoiin, pantenool, et\u00fc\u00fclheks\u00fc\u00fclgl\u00fctseriin, naatriumh\u00fcaluronaat, karbomeer, cassia obtusifolia seemneekstrakt, ment\u00fc\u00fcllaktaat, mentha haplocalix ekstrakt.<\/p>\n\n\n\n<p>Kas otsite rohkem? Vaadake t\u00e4ielikku <a href=\"\/ee\/tootesildid\/cosrx\/\">COSRX tooted<\/a>.<\/p>","protected":false},"excerpt":{"rendered":"<p data-start=\"0\" data-end=\"795\"><strong data-start=\"16\" data-end=\"60\">COSRX - kaks \u00fches poorivaba vedelikku<\/strong> on kerge tekstuuriga essents-toonik nahale, mis on altid <strong data-start=\"129\" data-end=\"191\">ummistunud poorid, liigne rasu ja eba\u00fchtlane tekstuur<\/strong>. Valem koos <strong data-start=\"204\" data-end=\"245\">88 % Valge paju koorevesi<\/strong>, betaiinisalits\u00fclaat, betaiin, pantenool ja naatriumh\u00fcaluronaat aitavad <strong data-start=\"316\" data-end=\"443\">koorib \u00f5rnalt, silub nahka, s\u00e4ilitab puhtamad poorid, v\u00e4hendab rasueritust ja annab rohkem v\u00e4rskust.<\/strong>. See sobib eriti h\u00e4sti kombineeritud, rasusele v\u00f5i probleemsele nahat\u00fc\u00fcbile, kui soovite igap\u00e4evast hooldusrutiini, mis ei raskenda teid ja aitab s\u00e4ilitada naha siledamat v\u00e4ljan\u00e4gemist. Valge pajukoore vesi ja betaiinisalits\u00fclaat on kosmeetikas hinnatud oma \u00f5rna pinnakoorimise ja ummistunud naha hooldamise abi poolest.<\/p>\n<p data-start=\"797\" data-end=\"1108\"><strong data-start=\"797\" data-end=\"820\">Miks valida<\/strong><br data-start=\"820\" data-end=\"823\" \/><strong data-start=\"823\" data-end=\"829\">\u2714\ufe0f<\/strong> Aitab \u00f5rnalt koorida ja siluda nahapinda<br data-start=\"882\" data-end=\"885\" \/><strong data-start=\"885\" data-end=\"891\">\u2714\ufe0f<\/strong> Aitab kaasa pooride puhtamale ja v\u00e4hem m\u00e4rgatavale v\u00e4limusele<br data-start=\"951\" data-end=\"954\" \/><strong data-start=\"954\" data-end=\"960\">\u2714\ufe0f<\/strong> Tagab kerge v\u00e4rskuse ja jaheduse tunde.<br data-start=\"999\" data-end=\"1002\" \/><strong data-start=\"1002\" data-end=\"1008\">\u2714\ufe0f<\/strong> Sobib rasusele, kombineeritud ja eba\u00fchtlasele nahat\u00fc\u00fcbile.<\/p>","protected":false},"featured_media":47001,"comment_status":"open","ping_status":"closed","template":"","meta":{"_acf_changed":false},"product_brand":[418],"product_cat":[57,92,56,59],"product_tag":[],"class_list":{"0":"post-47015","1":"product","2":"type-product","3":"status-publish","4":"has-post-thumbnail","6":"product_brand-cosrx","7":"product_cat-akcijos","8":"product_cat-groziui","9":"product_cat-veido-serumai","10":"product_cat-veidui","12":"first","13":"instock","14":"sale","15":"shipping-taxable","16":"purchasable","17":"product-type-simple"},"acf":[],"tiered_pricing_type":"fixed","tiered_pricing_fixed_rules":[],"tiered_pricing_product_settings":{"layout":"default","base_unit_name":{"singular":null,"plural":null},"default_variation":null},"tiered_pricing_minimum_quantity":null,"tiered_pricing_roles_data":[],"tiered_pricing_percentage_rules":[],"_links":{"self":[{"href":"https:\/\/purama.lt\/ee\/wp-json\/wp\/v2\/product\/47015","targetHints":{"allow":["GET"]}}],"collection":[{"href":"https:\/\/purama.lt\/ee\/wp-json\/wp\/v2\/product"}],"about":[{"href":"https:\/\/purama.lt\/ee\/wp-json\/wp\/v2\/types\/product"}],"replies":[{"embeddable":true,"href":"https:\/\/purama.lt\/ee\/wp-json\/wp\/v2\/comments?post=47015"}],"wp:featuredmedia":[{"embeddable":true,"href":"https:\/\/purama.lt\/ee\/wp-json\/wp\/v2\/media\/47001"}],"wp:attachment":[{"href":"https:\/\/purama.lt\/ee\/wp-json\/wp\/v2\/media?parent=47015"}],"wp:term":[{"taxonomy":"product_brand","embeddable":true,"href":"https:\/\/purama.lt\/ee\/wp-json\/wp\/v2\/product_brand?post=47015"},{"taxonomy":"product_cat","embeddable":true,"href":"https:\/\/purama.lt\/ee\/wp-json\/wp\/v2\/product_cat?post=47015"},{"taxonomy":"product_tag","embeddable":true,"href":"https:\/\/purama.lt\/ee\/wp-json\/wp\/v2\/product_tag?post=47015"}],"curies":[{"name":"wp","href":"https:\/\/api.w.org\/{rel}","templated":true}]}}