{"id":47014,"date":"2026-03-17T09:28:03","date_gmt":"2026-03-17T07:28:03","guid":{"rendered":"https:\/\/purama.lt\/produktas\/cosrx-peptide-132-ultra-bonding-sampunas\/"},"modified":"2026-04-17T13:50:41","modified_gmt":"2026-04-17T11:50:41","slug":"cosrx-peptiid-132-ultra-sideaine-ampull","status":"publish","type":"product","link":"https:\/\/purama.lt\/ee\/produktas\/cosrx-peptide-132-ultra-bonding-sampunas\/","title":{"rendered":"COSRX PEPTIDE 132 Ultra Bonding \u0161ampoon"},"content":{"rendered":"<p><strong>Kasutamine<\/strong><br>Jagage sobiv kogus niiskele peanahale ja juustele, masseerige \u00f5rnalt, kuni vahutatakse.<br>Loputage p\u00f5hjalikult leige veega<br>Ainult v\u00e4lispidiseks kasutamiseks, v\u00e4ltida kokkupuudet silmadega<\/p>\n\n\n\n<p><strong>Koostisosad<\/strong><br>aqua\/vesi, naatrium-c14-16-olefiinsulfonaat, gl\u00fctseriin, dinaatriumlauret-sulfosuktsinaat, kokamidoprop\u00fc\u00fclbetaiin, kapr\u00fc\u00fcl-\/kapr\u00fc\u00fclgl\u00fckosiid, laur\u00fc\u00fclh\u00fcdroks\u00fcsultaiin, dinaatriumkook\u00fc\u00fclglutamaat, naatriumkook\u00fc\u00fclalaninaat, laur\u00fc\u00fclbetaiin, naatriumkloriid, tset\u00fc\u00fclalkohol, pol\u00fckvaternium-10, sidrunhape, naatriumsalits\u00fclaat, pvp, l\u00f5hnaaine\/parf\u00fc\u00fcm, kapr\u00fc\u00fclgl\u00fckool, trih\u00fcdroks\u00fcsteariin, kapr\u00fc\u00fcl\/kapriksete trigl\u00fctseriid, pol\u00fckvaternium-6, naatriumtsitraat, ppg-3 kapr\u00fc\u00fcl\u00fc\u00fcleeter, c10-18 trigl\u00fctseriidid, vitis vinifera (viinamarja) seemne\u00f5li, dikapr\u00fc\u00fcl\u00fc\u00fcleeter, naatriummetafosfaat, et\u00fc\u00fclheks\u00fc\u00fclgl\u00fctseriin, p\u00fcroktonolamiin, anthemis nobilise \u00f5ievesi, gl\u00fctser\u00fc\u00fclstearaat, guarh\u00fcdroks\u00fcprop\u00fc\u00fcltrimooniumkloriid, naatriumbensoaat, macadamia ternifolia seemne\u00f5li, deh\u00fcdro\u00e4\u00e4dikhape, heks\u00fc\u00fcltsinnamaal, propaandiool, tsink pca, 1,2heksandiool, biotiin, tripeptiid-132 hcl, tokoferool, naatrium h\u00fcaluronaat, laminaria japonica ekstrakt, avena sativa (kaera) peptiid, arginiin, seriin, glutamiinhape, treoniin, leutsiin, proliin, asparagiinhape, isoleutsiin, gl\u00fctsiin, lahustuv kollageen, h\u00fcdrol\u00fc\u00fcsitud h\u00fcaluroonhape, fen\u00fc\u00fclalaniin, alaniin, t\u00fcrosiin, l\u00fcsiin, naatriumh\u00fcaluronaadi ristpol\u00fcmeer, histidiin, h\u00fcaluroonhape, kofeiin, pantenool, niatsiinamiid, alkohol denat., peg-150 pentaer\u00fctrit\u00fc\u00fcl tetrastearaat, h\u00fcdrogeenitud letsitiin, but\u00fcleengl\u00fckool, tseet\u00fc\u00fclalkohol, valiin, ppg-2 h\u00fcdroks\u00fcet\u00fc\u00fclkookamiid, steariinhape, naatriumatset\u00fc\u00fclitud h\u00fcaluronaat, keramiid np, f\u00fctosfingosiin, kolesterool, h\u00fcdrol\u00fc\u00fcsitud taimne valk, metioniin, keramiid ns, ts\u00fcstiin, keramiid ap, keramiid eop, tr\u00fcptofaan, keramiid as.<\/p>\n\n\n\n<p>Kas otsite rohkem? Vaadake t\u00e4ielikku <a href=\"\/ee\/tootesildid\/cosrx\/\">COSRX tooted<\/a>.<\/p>","protected":false},"excerpt":{"rendered":"<p data-start=\"0\" data-end=\"875\"><strong data-start=\"16\" data-end=\"74\">COSRX - PEPTIDE-132 Ultra Perfect Hair Bonding \u0161ampoon<\/strong> on \u00f5rnalt puhastav juukseshampoon juustele, millel puudub <strong data-start=\"148\" data-end=\"194\">pehmus, siledus ja tugevam v\u00e4limus<\/strong>. Patenteeritud valemiga <strong data-start=\"218\" data-end=\"234\">PEPTIDE-132\u2122<\/strong>, h\u00fcdrol\u00fc\u00fcsitud taimseid valke, madala molekulmassiga kollageeni, aminohappeid, biotiini, pantenooli ja niatsiinamiidi, mis aitavad juustele. <strong data-start=\"374\" data-end=\"455\">pesevad \u00f5rnalt, j\u00e4ttes need siledaks, pehmeks ja tervislikuma l\u00e4ikega.<\/strong>, ja rohkem mugavust peanahale. See \u0161ampoon sobib igap\u00e4evaseks kasutamiseks, eriti kuivadele, kahjustatud v\u00f5i s\u00e4risemisele kalduvatele juustele, kui soovite \u00fchendada puhtuse tunde, sileda tekstuuri ja juuste hoolduse \u00fches tootes. Peptiidid, valgud ja aminohapped on juuksehoolduses hinnatud, sest need aitavad s\u00e4ilitada siledamat, tugevamat ja vastupidavamat v\u00e4ljan\u00e4gemist.<\/p>\n<p data-start=\"877\" data-end=\"1246\"><strong data-start=\"877\" data-end=\"900\">Miks valida<\/strong><br data-start=\"900\" data-end=\"903\" \/><strong data-start=\"903\" data-end=\"909\">\u2714\ufe0f<\/strong> Puhastab \u00f5rnalt juukseid ja peanahka<br data-start=\"945\" data-end=\"948\" \/><strong data-start=\"948\" data-end=\"954\">\u2714\ufe0f<\/strong> Aitab s\u00e4ilitada siledamad ja pehmemad juuksed<br data-start=\"1011\" data-end=\"1014\" \/><strong data-start=\"1014\" data-end=\"1020\">\u2714\ufe0f<\/strong> Annab juustele rohkem s\u00e4ra ja eluj\u00f5udu<br data-start=\"1071\" data-end=\"1074\" \/><strong data-start=\"1074\" data-end=\"1080\">\u2714\ufe0f<\/strong> Sobib kahjustatud, kuivematele ja s\u00e4risemisele kalduvatele juustele.<br data-start=\"1146\" data-end=\"1149\" \/><strong data-start=\"1149\" data-end=\"1155\">\u2714\ufe0f<\/strong> Mugav kasutada igap\u00e4evases juuksehoolduses<\/p>","protected":false},"featured_media":46999,"comment_status":"open","ping_status":"closed","template":"","meta":{"_acf_changed":true},"product_brand":[418],"product_cat":[57,92,304,307],"product_tag":[],"class_list":{"0":"post-47014","1":"product","2":"type-product","3":"status-publish","4":"has-post-thumbnail","6":"product_brand-cosrx","7":"product_cat-akcijos","8":"product_cat-groziui","9":"product_cat-plaukams","10":"product_cat-plauku-sampunai","12":"first","13":"instock","14":"sale","15":"shipping-taxable","16":"purchasable","17":"product-type-simple"},"acf":[],"tiered_pricing_type":"fixed","tiered_pricing_fixed_rules":[],"tiered_pricing_product_settings":{"layout":"default","base_unit_name":{"singular":null,"plural":null},"default_variation":null},"tiered_pricing_minimum_quantity":null,"tiered_pricing_roles_data":[],"tiered_pricing_percentage_rules":[],"_links":{"self":[{"href":"https:\/\/purama.lt\/ee\/wp-json\/wp\/v2\/product\/47014","targetHints":{"allow":["GET"]}}],"collection":[{"href":"https:\/\/purama.lt\/ee\/wp-json\/wp\/v2\/product"}],"about":[{"href":"https:\/\/purama.lt\/ee\/wp-json\/wp\/v2\/types\/product"}],"replies":[{"embeddable":true,"href":"https:\/\/purama.lt\/ee\/wp-json\/wp\/v2\/comments?post=47014"}],"wp:featuredmedia":[{"embeddable":true,"href":"https:\/\/purama.lt\/ee\/wp-json\/wp\/v2\/media\/46999"}],"wp:attachment":[{"href":"https:\/\/purama.lt\/ee\/wp-json\/wp\/v2\/media?parent=47014"}],"wp:term":[{"taxonomy":"product_brand","embeddable":true,"href":"https:\/\/purama.lt\/ee\/wp-json\/wp\/v2\/product_brand?post=47014"},{"taxonomy":"product_cat","embeddable":true,"href":"https:\/\/purama.lt\/ee\/wp-json\/wp\/v2\/product_cat?post=47014"},{"taxonomy":"product_tag","embeddable":true,"href":"https:\/\/purama.lt\/ee\/wp-json\/wp\/v2\/product_tag?post=47014"}],"curies":[{"name":"wp","href":"https:\/\/api.w.org\/{rel}","templated":true}]}}