{"id":47013,"date":"2026-03-17T09:28:00","date_gmt":"2026-03-17T07:28:00","guid":{"rendered":"https:\/\/purama.lt\/produktas\/cosrx-the-6-peptide-skin-booster-serumas-su-peptidais\/"},"modified":"2026-04-13T16:03:18","modified_gmt":"2026-04-13T14:03:18","slug":"kosrx-the-6-peptide-skin-booster-serum-koos-peptididega","status":"publish","type":"product","link":"https:\/\/purama.lt\/ee\/produktas\/cosrx-the-6-peptide-skin-booster-serumas-su-peptidais\/","title":{"rendered":"COSRX The 6 Peptide Skin Booster seerum peptididega"},"content":{"rendered":"<p><strong>Kasutamine<\/strong><br>P\u00e4rast pesemist jaotada 2-3 kl\u00f5psu n\u00e4ole.<br>Masseerige \u00f5rnalt, kuni see on imendunud, seej\u00e4rel j\u00e4tkake rutiinset kasutamist teiste vahenditega.<\/p>\n\n\n\n<p><strong>Koostisosad<\/strong><br>vesi, diprop\u00fcleengl\u00fckool, gl\u00fctseriin, pentyleengl\u00fckool, 1,2-heksandiool, niatsiinamiid, atset\u00fc\u00fclheksapeptiid-8, vasetripeptiid-1, sh-pol\u00fcpeptiid-121, dipeptiiddiaminobut\u00fcro\u00fc\u00fclbens\u00fc\u00fclamiiddiatsetaat, oligopeptiid-68, palmito\u00fc\u00fcli-tripeptiid-8, allantoiin, naatriumh\u00fcaluronaat, atset\u00fc\u00fclgl\u00fckosamiin, seriin, alaniin, gl\u00fctsiin, treoniin, arginiin, proliin, betaiin, naatrium-pca, naatriumlaktaat, pca, glutamiinhape, l\u00fcsiin hcl, tokoferool, dekstraan, gl\u00fctsiin-soja\u00f5li (soja\u00f5li), h\u00fcdrogeenitud letsitiin, ammooniumakr\u00fc\u00fcldimet\u00fc\u00fcltauraat\/vp kopol\u00fcmeer, pol\u00fcakr\u00fclaadi ristpol\u00fcmeer-6, but\u00fcleengl\u00fckool, ksantaankummi, et\u00fc\u00fclheks\u00fc\u00fclgl\u00fctseriin, adenosiin, pol\u00fckvaternium-51, dinaatriumedta, sidrunhape, kapr\u00fc\u00fclgl\u00fckool, t-but\u00fc\u00fclalkohol, kaaliumsorbaat, naatriumoleaat.<\/p>\n\n\n\n<p>Kas otsite rohkem? Vaadake t\u00e4ielikku <a href=\"\/ee\/tootesildid\/cosrx\/\">COSRX tooted<\/a>.<\/p>","protected":false},"excerpt":{"rendered":"<p data-start=\"0\" data-end=\"754\"><strong data-start=\"16\" data-end=\"60\">COSRX - 6 peptiidi Skin Booster seerum<\/strong> on kerge, toonikulaadse tekstuuriga n\u00e4oseerum nahale, millel puudub <strong data-start=\"140\" data-end=\"197\">niiskus, siledus, s\u00e4ra ja tugevam v\u00e4limus<\/strong>. 6 peptiidikompleksi, niatsiinamiidi, adenosiini, naatriumh\u00fcaluronaadi ja aminohapetega koostis aitab hoida naha v\u00e4limuse parimal tasemel. <strong data-start=\"313\" data-end=\"362\">siledam, elastsem ja niisutatum<\/strong>, samuti valmistab see ette rutiini j\u00e4rgmisteks etappideks. Sobib paljudele nahat\u00fc\u00fcpidele, sealhulgas tundlikumale nahale, kui soovite \u00fche toote abil igap\u00e4evast mugavust, pehmemat tekstuuri, siledamat v\u00e4limust ja tervislikumat s\u00e4ra. Peptiide ja niisutavaid aineid hinnatakse kosmeetikas nende v\u00f5ime t\u00f5ttu aidata s\u00e4ilitada naha niiskust ja anda siledam ja tugevam v\u00e4ljan\u00e4gemine.<\/p>\n<p data-start=\"756\" data-end=\"1116\"><strong data-start=\"756\" data-end=\"779\">Miks valida<\/strong><br data-start=\"779\" data-end=\"782\" \/><strong data-start=\"782\" data-end=\"788\">\u2714\ufe0f<\/strong> Aitab niisutada ja pehmendada nahka<br data-start=\"826\" data-end=\"829\" \/><strong data-start=\"829\" data-end=\"835\">\u2714\ufe0f<\/strong> Annab sileda, s\u00e4ravama tunde<br data-start=\"880\" data-end=\"883\" \/><strong data-start=\"883\" data-end=\"889\">\u2714\ufe0f<\/strong> Aitab s\u00e4ilitada naha tugevamat ja elastsemat v\u00e4ljan\u00e4gemist.<br data-start=\"947\" data-end=\"950\" \/><strong data-start=\"950\" data-end=\"956\">\u2714\ufe0f<\/strong> Sobib esimese sammuna enne teisi seerumeid v\u00f5i ampullesid.<br data-start=\"1016\" data-end=\"1019\" \/><strong data-start=\"1019\" data-end=\"1025\">\u2714\ufe0f<\/strong> Kerge, mittekleepuv tekstuur, mis sobib igap\u00e4evaseks kasutamiseks.<\/p>","protected":false},"featured_media":47000,"comment_status":"open","ping_status":"closed","template":"","meta":{"_acf_changed":true},"product_brand":[418],"product_cat":[57,92,56,59],"product_tag":[],"class_list":{"0":"post-47013","1":"product","2":"type-product","3":"status-publish","4":"has-post-thumbnail","6":"product_brand-cosrx","7":"product_cat-akcijos","8":"product_cat-groziui","9":"product_cat-veido-serumai","10":"product_cat-veidui","12":"first","13":"instock","14":"sale","15":"shipping-taxable","16":"purchasable","17":"product-type-simple"},"acf":[],"tiered_pricing_type":"fixed","tiered_pricing_fixed_rules":[],"tiered_pricing_product_settings":{"layout":"default","base_unit_name":{"singular":null,"plural":null},"default_variation":null},"tiered_pricing_minimum_quantity":null,"tiered_pricing_roles_data":[],"tiered_pricing_percentage_rules":[],"_links":{"self":[{"href":"https:\/\/purama.lt\/ee\/wp-json\/wp\/v2\/product\/47013","targetHints":{"allow":["GET"]}}],"collection":[{"href":"https:\/\/purama.lt\/ee\/wp-json\/wp\/v2\/product"}],"about":[{"href":"https:\/\/purama.lt\/ee\/wp-json\/wp\/v2\/types\/product"}],"replies":[{"embeddable":true,"href":"https:\/\/purama.lt\/ee\/wp-json\/wp\/v2\/comments?post=47013"}],"wp:featuredmedia":[{"embeddable":true,"href":"https:\/\/purama.lt\/ee\/wp-json\/wp\/v2\/media\/47000"}],"wp:attachment":[{"href":"https:\/\/purama.lt\/ee\/wp-json\/wp\/v2\/media?parent=47013"}],"wp:term":[{"taxonomy":"product_brand","embeddable":true,"href":"https:\/\/purama.lt\/ee\/wp-json\/wp\/v2\/product_brand?post=47013"},{"taxonomy":"product_cat","embeddable":true,"href":"https:\/\/purama.lt\/ee\/wp-json\/wp\/v2\/product_cat?post=47013"},{"taxonomy":"product_tag","embeddable":true,"href":"https:\/\/purama.lt\/ee\/wp-json\/wp\/v2\/product_tag?post=47013"}],"curies":[{"name":"wp","href":"https:\/\/api.w.org\/{rel}","templated":true}]}}