{"id":47012,"date":"2026-03-17T09:27:57","date_gmt":"2026-03-17T07:27:57","guid":{"rendered":"https:\/\/purama.lt\/produktas\/medicube-pdrn-pink-glutathione-serumo-dulksna\/"},"modified":"2026-04-10T13:03:32","modified_gmt":"2026-04-10T11:03:32","slug":"medicube-pdrn-roosa-glutatiooni-seerum","status":"publish","type":"product","link":"https:\/\/purama.lt\/ee\/produktas\/medicube-pdrn-pink-glutathione-serumo-dulksna\/","title":{"rendered":"Medicube PDRN Pink Glutathione seerum"},"content":{"rendered":"<p><strong>Kasutamine<\/strong><br>Pihustage n\u00e4ole iga kord, kui nahk tundub kuiv olevat.<br>Kasutage vastavalt vajadusele p\u00e4eva jooksul<br>V\u00e4ltida kokkupuudet silmadega<\/p>\n\n\n\n<p><strong>Koostisosad<\/strong><br>aqua, kollageeni vesi, diprop\u00fcleengl\u00fckool, c13-15-alkaan, ricinus communis (ritsinus) seemne\u00f5li, gl\u00fctseret-26, 1,2-heksandiool, niatsiinamiid, naatriumkloriid, sorbitool, h\u00fcdroks\u00fcet\u00fc\u00fcluurea, h\u00fcdroks\u00fcet\u00fc\u00fclgl\u00fckool, but\u00fcleengl\u00fckool, helianthus annuus (p\u00e4evalille) seemne\u00f5li, parf\u00fc\u00fcm, et\u00fc\u00fclheks\u00fc\u00fclgl\u00fctseriin, eclipta prostrata ekstrakt, adenosiin, naatriumdna, melia azadirachta leheekstrakt, glutatioon, paeonia lactiflora juure ekstrakt, moringa oleifera seemne\u00f5li, candida bombicola\/gl\u00fckoos\/met\u00fc\u00fclrapsifermend, rosa damascena \u00f5ie vesi, biotiin, heksapeptiid-2, biotino\u00fc\u00fcl tripeptiid-1, atset\u00fc\u00fclheksapeptiid-8, tripeptiid-1, tripeptiid-3, m\u00fcristo\u00fc\u00fclpentapeptiid-17, heksapeptiid-9.<\/p>","protected":false},"excerpt":{"rendered":"<p data-start=\"0\" data-end=\"684\"><strong data-start=\"16\" data-end=\"63\">Medicube - PDRN Pink Glutathione Serum Mist<\/strong> on kerge, mikropuhumisformaadis n\u00e4oseerumi-udu puudulikule nahale <strong data-start=\"150\" data-end=\"184\">niiskus, mugavus ja s\u00e4ra<\/strong>. Koostatud PDRN-i, glutatiooni, niatsiinamiidi, kollageeni vee ja peptiididega, mis aitavad nahal v\u00e4lja n\u00e4ha <strong data-start=\"280\" data-end=\"322\">v\u00e4rskemad, siledamad ja elastsemad<\/strong>, ja toode ise v\u00e4rskendab nahka mugavalt p\u00e4eva jooksul. See uduvesi sobib eriti h\u00e4sti v\u00e4sinud, kuivale v\u00f5i tuhmile nahale, kui soovid koheselt niisutust, pehmust, s\u00e4ra ja meeldivat v\u00e4rskustunnet. Niatsiinamiid ja niisutajad on kosmeetikas laialdaselt hinnatud nende v\u00f5ime t\u00f5ttu aidata s\u00e4ilitada niiskust ja \u00fchtlasemat naha v\u00e4limust.<\/p>\n<p data-start=\"686\" data-end=\"1010\"><strong data-start=\"686\" data-end=\"709\">Miks valida<\/strong><br data-start=\"709\" data-end=\"712\" \/><strong data-start=\"712\" data-end=\"718\">\u2714\ufe0f<\/strong> Niisutab ja elustab nahka kiiresti<br data-start=\"753\" data-end=\"756\" \/><strong data-start=\"756\" data-end=\"762\">\u2714\ufe0f<\/strong> Aitab s\u00e4ilitada s\u00e4ravamat ja siledamat naha v\u00e4limust<br data-start=\"817\" data-end=\"820\" \/><strong data-start=\"820\" data-end=\"826\">\u2714\ufe0f<\/strong> Pakub rohkem mugavust kuivale nahale<br data-start=\"884\" data-end=\"887\" \/><strong data-start=\"887\" data-end=\"893\">\u2714\ufe0f<\/strong> Mugav kasutada mis tahes kellaaegadel.<br data-start=\"931\" data-end=\"934\" \/><strong data-start=\"934\" data-end=\"940\">\u2714\ufe0f<\/strong> Kerge koostis ilma nahka raskendamata<\/p>","protected":false},"featured_media":46997,"comment_status":"open","ping_status":"closed","template":"","meta":{"_acf_changed":true},"product_brand":[438],"product_cat":[92,56,59],"product_tag":[],"class_list":{"0":"post-47012","1":"product","2":"type-product","3":"status-publish","4":"has-post-thumbnail","6":"product_brand-medicube","7":"product_cat-groziui","8":"product_cat-veido-serumai","9":"product_cat-veidui","11":"first","12":"instock","13":"shipping-taxable","14":"purchasable","15":"product-type-simple"},"acf":[],"tiered_pricing_type":"fixed","tiered_pricing_fixed_rules":[],"tiered_pricing_product_settings":{"layout":"default","base_unit_name":{"singular":null,"plural":null},"default_variation":null},"tiered_pricing_minimum_quantity":null,"tiered_pricing_roles_data":[],"tiered_pricing_percentage_rules":[],"_links":{"self":[{"href":"https:\/\/purama.lt\/ee\/wp-json\/wp\/v2\/product\/47012","targetHints":{"allow":["GET"]}}],"collection":[{"href":"https:\/\/purama.lt\/ee\/wp-json\/wp\/v2\/product"}],"about":[{"href":"https:\/\/purama.lt\/ee\/wp-json\/wp\/v2\/types\/product"}],"replies":[{"embeddable":true,"href":"https:\/\/purama.lt\/ee\/wp-json\/wp\/v2\/comments?post=47012"}],"wp:featuredmedia":[{"embeddable":true,"href":"https:\/\/purama.lt\/ee\/wp-json\/wp\/v2\/media\/46997"}],"wp:attachment":[{"href":"https:\/\/purama.lt\/ee\/wp-json\/wp\/v2\/media?parent=47012"}],"wp:term":[{"taxonomy":"product_brand","embeddable":true,"href":"https:\/\/purama.lt\/ee\/wp-json\/wp\/v2\/product_brand?post=47012"},{"taxonomy":"product_cat","embeddable":true,"href":"https:\/\/purama.lt\/ee\/wp-json\/wp\/v2\/product_cat?post=47012"},{"taxonomy":"product_tag","embeddable":true,"href":"https:\/\/purama.lt\/ee\/wp-json\/wp\/v2\/product_tag?post=47012"}],"curies":[{"name":"wp","href":"https:\/\/api.w.org\/{rel}","templated":true}]}}