{"id":47011,"date":"2026-03-17T09:27:55","date_gmt":"2026-03-17T07:27:55","guid":{"rendered":"https:\/\/purama.lt\/produktas\/cosrx-the-vitamin-c-13-serumas-su-vitaminu-c\/"},"modified":"2026-04-13T16:03:39","modified_gmt":"2026-04-13T14:03:39","slug":"cosrx-c-vitamiini-seerum-13","status":"publish","type":"product","link":"https:\/\/purama.lt\/ee\/produktas\/cosrx-the-vitamin-c-13-serumas-su-vitaminu-c\/","title":{"rendered":"COSRX C-vitamiini 13 seerum C-vitamiiniga"},"content":{"rendered":"<p><strong>Kasutamine<\/strong><br>P\u00e4rast puhastamist ja toniseerimist kandke paar tilka n\u00e4ole.<br>Jagage \u00f5rnalt ja masseerige n\u00e4o keskelt v\u00e4ljapoole, kuni see on imendunud.<\/p>\n\n\n\n<p><strong>Koostisosad<\/strong><br>vesi, askorbiinhape (13%), but\u00fcleengl\u00fckool, diprop\u00fcleengl\u00fckool, trometamiin, 3-oet\u00fc\u00fclaskorbiinhape, pantenool, atset\u00fc\u00fclgl\u00fckosamiin, kofeiin, naatriumh\u00fcaluronaat, naatriumsulfit, dinaatriumedta, glutatioon, adenosiin, gardenia florida puuviljaekstrakt, allantoiin, dekstriin, skvalaan, tokotrienoolid, tokoferool, elaeis guineensis (palmi\u00f5li), arginiin, niatsiinamiid, niatsiinamiid, pentyleengl\u00fckool, gl\u00fctsirhiza glabra (lagritsa) juurteekstrakt.<\/p>\n\n\n\n<p>Kas otsite rohkem? Vaadake t\u00e4ielikku <a href=\"\/ee\/tootesildid\/cosrx\/\">COSRX tooted<\/a>.<\/p>","protected":false},"excerpt":{"rendered":"<p data-start=\"0\" data-end=\"721\"><strong data-start=\"16\" data-end=\"50\">COSRX - C-vitamiini 13 seerum<\/strong> on kerge, veep\u00f5hine n\u00e4oseerum igap\u00e4evaseks kasutamiseks, mis on m\u00f5eldud nahale, millel puudub <strong data-start=\"147\" data-end=\"193\">heledus, niiskus ja \u00fchtlasem v\u00e4limus<\/strong>. Valem koos <strong data-start=\"206\" data-end=\"231\">13 % puhas C-vitamiin<\/strong>, E-vitamiini kompleks, h\u00fcaluroonhape, pantenool ja allantoiin, mis aitavad nahal v\u00e4lja n\u00e4ha <strong data-start=\"320\" data-end=\"359\">heledam, siledam ja v\u00e4rskem<\/strong>, pakkudes samas mugavust ja j\u00e4ttes kleepuvust. See seerum sobib eriti h\u00e4sti paksule, v\u00e4sinud v\u00f5i eba\u00fchtlase tooniga nahale, kui soovite kergemat C-vitamiini abin\u00f5u oma igap\u00e4evarutiini. C-vitamiin on kosmeetikas laialdaselt hinnatud oma antioks\u00fcdantsete omaduste ja heledama, \u00fchtlasema jume s\u00e4ilitamise eest.<\/p>\n<p data-start=\"723\" data-end=\"1025\"><strong data-start=\"723\" data-end=\"746\">Miks valida<\/strong><br data-start=\"746\" data-end=\"749\" \/><strong data-start=\"749\" data-end=\"755\">\u2714\ufe0f<\/strong> Sobib igap\u00e4evaseks kasutamiseks ja imendub kiiresti<br data-start=\"804\" data-end=\"807\" \/><strong data-start=\"807\" data-end=\"813\">\u2714\ufe0f<\/strong> Aitab anda nahale s\u00e4ravama ja v\u00e4rskema v\u00e4limuse.<br data-start=\"866\" data-end=\"869\" \/><strong data-start=\"869\" data-end=\"875\">\u2714\ufe0f<\/strong> Aitab kaasa \u00fchtlasema nahatooni saavutamisele<br data-start=\"921\" data-end=\"924\" \/><strong data-start=\"924\" data-end=\"930\">\u2714\ufe0f<\/strong> Niisutab ja muudab naha mugavamaks<br data-start=\"972\" data-end=\"975\" \/><strong data-start=\"975\" data-end=\"981\">\u2714\ufe0f<\/strong> Kerge, mittekleepuv tekstuur, mis ei raskenda nahka.<\/p>","protected":false},"featured_media":46998,"comment_status":"open","ping_status":"closed","template":"","meta":{"_acf_changed":false},"product_brand":[418],"product_cat":[57,92,56,59],"product_tag":[],"class_list":{"0":"post-47011","1":"product","2":"type-product","3":"status-publish","4":"has-post-thumbnail","6":"product_brand-cosrx","7":"product_cat-akcijos","8":"product_cat-groziui","9":"product_cat-veido-serumai","10":"product_cat-veidui","12":"first","13":"instock","14":"sale","15":"shipping-taxable","16":"purchasable","17":"product-type-simple"},"acf":[],"tiered_pricing_type":"fixed","tiered_pricing_fixed_rules":[],"tiered_pricing_product_settings":{"layout":"default","base_unit_name":{"singular":null,"plural":null},"default_variation":null},"tiered_pricing_minimum_quantity":null,"tiered_pricing_roles_data":[],"tiered_pricing_percentage_rules":[],"_links":{"self":[{"href":"https:\/\/purama.lt\/ee\/wp-json\/wp\/v2\/product\/47011","targetHints":{"allow":["GET"]}}],"collection":[{"href":"https:\/\/purama.lt\/ee\/wp-json\/wp\/v2\/product"}],"about":[{"href":"https:\/\/purama.lt\/ee\/wp-json\/wp\/v2\/types\/product"}],"replies":[{"embeddable":true,"href":"https:\/\/purama.lt\/ee\/wp-json\/wp\/v2\/comments?post=47011"}],"wp:featuredmedia":[{"embeddable":true,"href":"https:\/\/purama.lt\/ee\/wp-json\/wp\/v2\/media\/46998"}],"wp:attachment":[{"href":"https:\/\/purama.lt\/ee\/wp-json\/wp\/v2\/media?parent=47011"}],"wp:term":[{"taxonomy":"product_brand","embeddable":true,"href":"https:\/\/purama.lt\/ee\/wp-json\/wp\/v2\/product_brand?post=47011"},{"taxonomy":"product_cat","embeddable":true,"href":"https:\/\/purama.lt\/ee\/wp-json\/wp\/v2\/product_cat?post=47011"},{"taxonomy":"product_tag","embeddable":true,"href":"https:\/\/purama.lt\/ee\/wp-json\/wp\/v2\/product_tag?post=47011"}],"curies":[{"name":"wp","href":"https:\/\/api.w.org\/{rel}","templated":true}]}}