{"id":47010,"date":"2026-03-17T09:27:52","date_gmt":"2026-03-17T07:27:52","guid":{"rendered":"https:\/\/purama.lt\/produktas\/cosrx-the-skin-barrier-drekinamoji-veido-dulksna\/"},"modified":"2026-04-13T16:03:54","modified_gmt":"2026-04-13T14:03:54","slug":"cosrx-naha-barjaari-taastav-naosprei","status":"publish","type":"product","link":"https:\/\/purama.lt\/ee\/produktas\/cosrx-the-skin-barrier-drekinamoji-veido-dulksna\/","title":{"rendered":"COSRX The Skin Barrier niisutav n\u00e4osprei"},"content":{"rendered":"<p><strong>Kasutamine<\/strong><br>Hoidke pudelit umbes 20 cm kaugusel oma n\u00e4ost.<br>Sulge silmad ja pihusta \u00fchtlaselt, seej\u00e4rel tupsuta ettevaatlikult<br>Kasutage seda alati, kui nahk tundub kuiv, vajadusel ka \u00fcle meigi.<\/p>\n\n\n\n<p><strong>Koostisosad<\/strong><br>aqua\/vesi, gl\u00fctseriin, but\u00fcleengl\u00fckool, kapr\u00fc\u00fcl\/kapriksete trigl\u00fctseriid, h\u00fcdrogeenitud pol\u00fc(c6-14 olefiin), dimetikoon, tset\u00fc\u00fclet\u00fc\u00fclheksanaat, h\u00fcdroks\u00fcprop\u00fc\u00fclbislauramiid mea, 1,2-heksandiool, kolesterool, naatriumturfaktiin, gl\u00fctser\u00fc\u00fclkapr\u00fclaat, et\u00fc\u00fclheks\u00fc\u00fclgl\u00fctseriin, dinaatriumedta, behenhape, skvalaan, pantenool, allantoiin, h\u00fcdrogeenitud letsitiin, tseet\u00fc\u00fclalkohol, tokoferool, betaiin, steariinhape, propaandiool, naatriumh\u00fcaluronaat, naatriumh\u00fcaluronaat, naatriumlaktaat, pca, seriin, alaniin, gl\u00fctsiin, h\u00fcdrol\u00fc\u00fcsitud h\u00fcaluroonhape, keramiid np, glutamiinhape, naatriumh\u00fcaluronaadi ristpol\u00fcmeer, l\u00fcsiin hcl, treoniin, arginiin, h\u00fcaluroonhape, keramiid ns, f\u00fctosfingosiin, keramiid ap, keramiid as, proliin, naatriumatset\u00fc\u00fclitud h\u00fcaluronaat, keramiid eop.<\/p>\n\n\n\n<p>Kas otsite rohkem? Vaadake t\u00e4ielikku <a href=\"\/ee\/tootesildid\/cosrx\/\">COSRX tooted<\/a>.<\/p>","protected":false},"excerpt":{"rendered":"<p data-start=\"0\" data-end=\"775\"><strong data-start=\"16\" data-end=\"71\">COSRX - The Ceramide Skin Barrier Moisturising Mist (niisutav udu)<\/strong> on kerge, \u00fclipeene n\u00e4oveebi nahale, millel puudub <strong data-start=\"139\" data-end=\"192\">s\u00e4ilitades niiskuse, mugavuse ja kaitsva barj\u00e4\u00e4ri<\/strong>. Koostatud 5 t\u00fc\u00fcpi keramiidide, kolesterooli, rasvhapete, pantenooli, allantoiini ja mitmete h\u00fcaluroonhappe vormidega, mis aitavad nahale <strong data-start=\"325\" data-end=\"436\">Niisutab, rahustab, pehmendab, v\u00e4hendab venitustunnet ja s\u00e4ilitab sileda ja elastsema v\u00e4limuse.<\/strong>. Sobib kuivale, tundlikule v\u00f5i \u00e4rritusele kalduvale nahale, levib kiiresti, ei j\u00e4ta kleepuvaid j\u00e4\u00e4ke ja seda v\u00f5ib kasutada isegi p\u00e4evasel ajal meigi peal. Keramiidid, kolesterool ja niisutajad on kosmeetikas laialdaselt hinnatud nende v\u00f5ime t\u00f5ttu aidata s\u00e4ilitada niiskust ja s\u00e4ilitada naha kaitsefunktsiooni.<\/p>\n<p data-start=\"777\" data-end=\"1132\"><strong data-start=\"777\" data-end=\"800\">Miks valida<\/strong><br data-start=\"800\" data-end=\"803\" \/><strong data-start=\"803\" data-end=\"809\">\u2714\ufe0f<\/strong> Aitab nahka kiiresti niisutada ja taaselustada.<br data-start=\"853\" data-end=\"856\" \/><strong data-start=\"856\" data-end=\"862\">\u2714\ufe0f<\/strong> S\u00e4ilitab naha barj\u00e4\u00e4ri mugavuse ja pehmuse<br data-start=\"904\" data-end=\"907\" \/><strong data-start=\"907\" data-end=\"913\">\u2714\ufe0f<\/strong> Sobib kuivale, tundlikule ja venivale nahale<br data-start=\"971\" data-end=\"974\" \/><strong data-start=\"974\" data-end=\"980\">\u2714\ufe0f<\/strong> Ei j\u00e4ta kleepuvaid j\u00e4\u00e4ke ja seda v\u00f5ib kasutada \u00fcle meigi.<br data-start=\"1033\" data-end=\"1036\" \/><strong data-start=\"1036\" data-end=\"1042\">\u2714\ufe0f<\/strong> Mugav igap\u00e4evaseks kasutamiseks kodus ja p\u00e4eva jooksul<\/p>","protected":false},"featured_media":46996,"comment_status":"open","ping_status":"closed","template":"","meta":{"_acf_changed":true},"product_brand":[418],"product_cat":[57,92,59],"product_tag":[],"class_list":{"0":"post-47010","1":"product","2":"type-product","3":"status-publish","4":"has-post-thumbnail","6":"product_brand-cosrx","7":"product_cat-akcijos","8":"product_cat-groziui","9":"product_cat-veidui","11":"first","12":"instock","13":"sale","14":"shipping-taxable","15":"purchasable","16":"product-type-simple"},"acf":[],"tiered_pricing_type":"fixed","tiered_pricing_fixed_rules":[],"tiered_pricing_product_settings":{"layout":"default","base_unit_name":{"singular":null,"plural":null},"default_variation":null},"tiered_pricing_minimum_quantity":null,"tiered_pricing_roles_data":[],"tiered_pricing_percentage_rules":[],"_links":{"self":[{"href":"https:\/\/purama.lt\/ee\/wp-json\/wp\/v2\/product\/47010","targetHints":{"allow":["GET"]}}],"collection":[{"href":"https:\/\/purama.lt\/ee\/wp-json\/wp\/v2\/product"}],"about":[{"href":"https:\/\/purama.lt\/ee\/wp-json\/wp\/v2\/types\/product"}],"replies":[{"embeddable":true,"href":"https:\/\/purama.lt\/ee\/wp-json\/wp\/v2\/comments?post=47010"}],"wp:featuredmedia":[{"embeddable":true,"href":"https:\/\/purama.lt\/ee\/wp-json\/wp\/v2\/media\/46996"}],"wp:attachment":[{"href":"https:\/\/purama.lt\/ee\/wp-json\/wp\/v2\/media?parent=47010"}],"wp:term":[{"taxonomy":"product_brand","embeddable":true,"href":"https:\/\/purama.lt\/ee\/wp-json\/wp\/v2\/product_brand?post=47010"},{"taxonomy":"product_cat","embeddable":true,"href":"https:\/\/purama.lt\/ee\/wp-json\/wp\/v2\/product_cat?post=47010"},{"taxonomy":"product_tag","embeddable":true,"href":"https:\/\/purama.lt\/ee\/wp-json\/wp\/v2\/product_tag?post=47010"}],"curies":[{"name":"wp","href":"https:\/\/api.w.org\/{rel}","templated":true}]}}