{"id":47009,"date":"2026-03-17T09:27:49","date_gmt":"2026-03-17T07:27:49","guid":{"rendered":"https:\/\/purama.lt\/produktas\/cosrx-galactomyces-95-tone-balancing-esencija\/"},"modified":"2026-04-13T16:04:13","modified_gmt":"2026-04-13T14:04:13","slug":"cosrx-galactomyces-95-tooni-tasakaalustav-essents","status":"publish","type":"product","link":"https:\/\/purama.lt\/ee\/produktas\/cosrx-galactomyces-95-tone-balancing-esencija\/","title":{"rendered":"COSRX Galactomyces 95 toonitasakaalu essents"},"content":{"rendered":"<p><strong>Kasutamine<\/strong><br>P\u00e4rast pesemist ja toniseerimist kandke v\u00e4ike kogus nahale.<br>Parema imendumise tagamiseks masseerige \u00f5rnalt, seej\u00e4rel j\u00e4tkake rutiinselt niisutava kreemiga.<br>Ainult v\u00e4lispidiseks kasutamiseks, v\u00e4ltida kokkupuudet silmadega<\/p>\n\n\n\n<p><strong>Koostisosad<\/strong><br>galaktom\u00fctside fermentfiltraat, niatsiinamiid, pantenool, gl\u00fctseriin, 1,2-heksandiool, but\u00fcleengl\u00fckool, betaiin, naatriumh\u00fcaluronaat, allantoiin, ksantaankummi, et\u00fc\u00fclheksandiool, adenosiin.<\/p>\n\n\n\n<p>Kas otsite rohkem? Vaadake t\u00e4ielikku <a href=\"\/ee\/tootesildid\/cosrx\/\">COSRX tooted<\/a>.<\/p>","protected":false},"excerpt":{"rendered":"<p data-start=\"0\" data-end=\"740\"><strong data-start=\"16\" data-end=\"66\">COSRX - Galactomyces 95 Tone Balancing Essence (tasakaalustav essents)<\/strong> on kerge tekstuuriga n\u00e4oessents, mis on m\u00f5eldud nahale, millel puudub <strong data-start=\"134\" data-end=\"180\">Niiskus, siledus ja s\u00e4ravam v\u00e4ljan\u00e4gemine<\/strong>. Valem <strong data-start=\"200\" data-end=\"238\">95 % galaktom\u00fctside fermentfiltraat<\/strong>, niatsinamiid, pantenool ja naatriumh\u00fcaluronaat aitavad nahal v\u00e4lja n\u00e4ha <strong data-start=\"309\" data-end=\"355\">siledam, pehmem ja niisutatum<\/strong>, ja toode ise imendub kiiresti ja ilma teid koormamata. See sobib eriti h\u00e4sti paksule, karedale v\u00f5i v\u00e4sinud nahale, kui soovite suuremat mugavust, \u00fchtlasemat v\u00e4ljan\u00e4gemist ja igap\u00e4evast niisutust. Lisaks tasub mainida, et <strong data-start=\"575\" data-end=\"606\">niatsinamiid ja niisutavad ained<\/strong> on kosmeetikatoodetes laialdaselt hinnatud nende v\u00f5ime t\u00f5ttu aidata s\u00e4ilitada naha niiskust ja s\u00e4ravamat v\u00e4limust.<\/p>\n<p data-start=\"742\" data-end=\"1028\"><strong data-start=\"742\" data-end=\"765\">Miks valida<\/strong><br data-start=\"765\" data-end=\"768\" \/><strong data-start=\"768\" data-end=\"774\">\u2714\ufe0f<\/strong> Aitab niisutada ja pehmendada nahka<br data-start=\"812\" data-end=\"815\" \/><strong data-start=\"815\" data-end=\"821\">\u2714\ufe0f<\/strong> Annab nahale sileda ja s\u00e4ravama v\u00e4limuse<br data-start=\"871\" data-end=\"874\" \/><strong data-start=\"874\" data-end=\"880\">\u2714\ufe0f<\/strong> Imendub kiiresti ja ei j\u00e4ta rasket tunnet.<br data-start=\"927\" data-end=\"930\" \/><strong data-start=\"930\" data-end=\"936\">\u2714\ufe0f<\/strong> Sobib v\u00e4sinud, pundunud ja karedale nahale<\/p>","protected":false},"featured_media":47002,"comment_status":"open","ping_status":"closed","template":"","meta":{"_acf_changed":true},"product_brand":[418],"product_cat":[57,92,59],"product_tag":[],"class_list":{"0":"post-47009","1":"product","2":"type-product","3":"status-publish","4":"has-post-thumbnail","6":"product_brand-cosrx","7":"product_cat-akcijos","8":"product_cat-groziui","9":"product_cat-veidui","11":"first","12":"instock","13":"sale","14":"shipping-taxable","15":"purchasable","16":"product-type-simple"},"acf":[],"tiered_pricing_type":"fixed","tiered_pricing_fixed_rules":[],"tiered_pricing_product_settings":{"layout":"default","base_unit_name":{"singular":null,"plural":null},"default_variation":null},"tiered_pricing_minimum_quantity":null,"tiered_pricing_roles_data":[],"tiered_pricing_percentage_rules":[],"_links":{"self":[{"href":"https:\/\/purama.lt\/ee\/wp-json\/wp\/v2\/product\/47009","targetHints":{"allow":["GET"]}}],"collection":[{"href":"https:\/\/purama.lt\/ee\/wp-json\/wp\/v2\/product"}],"about":[{"href":"https:\/\/purama.lt\/ee\/wp-json\/wp\/v2\/types\/product"}],"replies":[{"embeddable":true,"href":"https:\/\/purama.lt\/ee\/wp-json\/wp\/v2\/comments?post=47009"}],"wp:featuredmedia":[{"embeddable":true,"href":"https:\/\/purama.lt\/ee\/wp-json\/wp\/v2\/media\/47002"}],"wp:attachment":[{"href":"https:\/\/purama.lt\/ee\/wp-json\/wp\/v2\/media?parent=47009"}],"wp:term":[{"taxonomy":"product_brand","embeddable":true,"href":"https:\/\/purama.lt\/ee\/wp-json\/wp\/v2\/product_brand?post=47009"},{"taxonomy":"product_cat","embeddable":true,"href":"https:\/\/purama.lt\/ee\/wp-json\/wp\/v2\/product_cat?post=47009"},{"taxonomy":"product_tag","embeddable":true,"href":"https:\/\/purama.lt\/ee\/wp-json\/wp\/v2\/product_tag?post=47009"}],"curies":[{"name":"wp","href":"https:\/\/api.w.org\/{rel}","templated":true}]}}