{"id":46598,"date":"2026-03-10T09:40:48","date_gmt":"2026-03-10T07:40:48","guid":{"rendered":"https:\/\/purama.lt\/produktas\/natures-finest-mommy-tobe-vitaminu-ir-mineralu-misinys-nesciosioms-su-quatrefolic-ir-13-vitaminu-bei-mineralu\/"},"modified":"2026-04-16T12:41:25","modified_gmt":"2026-04-16T10:41:25","slug":"natures-finest-mommy-tobe-vitamiinide-ja-mineraalide-kauss-rasedatele-naistele-kvatrefooliumiga-ja-13-vitamiini-ja-mineraalainega","status":"publish","type":"product","link":"https:\/\/purama.lt\/ee\/produktas\/natures-finest-mommy-tobe-vitaminu-ir-mineralu-misinys-nesciosioms-su-quatrefolic-ir-13-vitaminu-bei-mineralu\/","title":{"rendered":"NATURE'S FINEST MOMMY TOBE rasedusaegne vitamiinide ja mineraalide segu Quatrefolic\u00ae ja 13 vitamiini ja mineraalainega."},"content":{"rendered":"<div class=\"purama-ebook-promo\">\r\n  <div class=\"pep-content\">\r\n    <span class=\"pep-eyebrow\">Nature's Finest toodete ostmisel<\/span>\r\n    <h2 class=\"pep-title\">Tasuta e-raamat kingituseks<\/h2>\r\n    <p class=\"pep-desc\">Meie ekspertide koostatud n\u00f5uanded ja retseptid aitavad teid tervisliku toitumise ja igap\u00e4evaste treeningute teekonnal \u2013 <strong>kingitus iga Nature\u2019s Finest tellimuse juurde alates 30 \u20ac.<\/strong><\/p>\r\n  <\/div>\r\n  <div class=\"pep-visual\">\r\n    <img decoding=\"async\" src=\"https:\/\/purama.lt\/wp-content\/uploads\/2026\/04\/receptu-knyga.png\" alt=\"Tasuta e-raamat \u2013 kingitus iga Nature&#039;s Finest tellimuse puhul alates 30 \u20ac\" loading=\"lazy\" \/>\r\n  <\/div>\r\n<\/div>\r\n\r\n<style>\r\n.purama-ebook-promo{\r\n  font-family:Inter,-apple-system,BlinkMacSystemFont,sans-serif;\r\n  display:grid;\r\n  grid-template-columns:1.1fr 1fr;\r\n  gap:48px;\r\n  align-items:center;\r\n  padding:48px;\r\n  margin:32px 0;\r\n  background:#f8f8f8;\r\n  border:1px solid #eee;\r\n  border-radius:12px;\r\n  position:relative;\r\n  overflow:hidden;\r\n}\r\n.purama-ebook-promo::before{\r\n  content:\"\";\r\n  position:absolute;\r\n  top:-120px;right:-120px;\r\n  width:340px;height:340px;\r\n  background:radial-gradient(circle,rgba(220,152,20,.08) 0%,transparent 70%);\r\n  border-radius:50%;\r\n  pointer-events:none;\r\n}\r\n.pep-content{position:relative;z-index:2;}\r\n.pep-eyebrow{\r\n  display:inline-block;\r\n  font-family:Inter,sans-serif;\r\n  font-size:13px;\r\n  font-weight:600;\r\n  letter-spacing:.3px;\r\n  text-transform:uppercase;\r\n  color:#dc9814;\r\n  margin-bottom:14px;\r\n  line-height:1.5;\r\n}\r\n.pep-title{\r\n  font-family:Inter,sans-serif;\r\n  font-size:34px;\r\n  line-height:1.2;\r\n  font-weight:600;\r\n  letter-spacing:-.5px;\r\n  color:#111;\r\n  margin:0 0 18px;\r\n}\r\n.pep-desc{\r\n  font-family:Inter,sans-serif;\r\n  font-size:16px;\r\n  line-height:1.6;\r\n  font-weight:400;\r\n  color:#444;\r\n  margin:0;\r\n}\r\n.pep-desc strong{\r\n  font-weight:600;\r\n  color:#111;\r\n}\r\n.pep-visual{\r\n  position:relative;\r\n  z-index:2;\r\n  text-align:center;\r\n}\r\n.pep-visual img{\r\n  max-width:100%;\r\n  height:auto;\r\n  filter:drop-shadow(0 22px 44px rgba(0,0,0,.15));\r\n  transform:rotate(-2deg);\r\n  transition:transform .4s ease;\r\n}\r\n.pep-visual img:hover{transform:rotate(0deg) scale(1.02);}\r\n@media (max-width:860px){\r\n  .purama-ebook-promo{\r\n    grid-template-columns:1fr;\r\n    padding:28px 22px;\r\n    gap:24px;\r\n  }\r\n  .pep-title{font-size:26px;}\r\n  .pep-visual img{max-width:260px;transform:rotate(0deg);}\r\n}\r\n<\/style>\n\n\n\n<p><strong>Tarbimine<\/strong><br>Segage 1 m\u00f5\u00f5teklapp (5g) klaasi veega ja jooge.<br>Sobib rasedust planeerivatele naistele ja raseduse alguses.<br>\u00c4rge \u00fcletage soovitatud p\u00e4evast kogust; toidulisand ei asenda t\u00e4ielikku ja tasakaalustatud toitumist.<\/p>\n\n\n\n<p><strong>Koostisosad<\/strong><br>maltodekstriin, kaltsiumlaktaat, magneesiumtsitraat, magusaine: er\u00fctritool, vaarika l\u00f5hna- ja maitseaine, stabilisaator: tselluloos, C-vitamiin (askorbiinhape), peedikontsentraat (maltodekstriin, peedipulber (beeta vulgaris)), b-kompleksisegu (tiamiinmononitraat, riboflaviin, p\u00fcridoksiinvesinikkloriid, ts\u00fcanokobalamiin, foolhape, kaltsiumd-pantotenaat, nikotiinamiid), tsingigl\u00fckonaat, raudgl\u00fckonaat, magusaine: stevia steviaalgl\u00fckosiidid, d3-vitamiin (kolekaltsiferool), foolhape (kvatrefoolik\u00ae ((6s)-5-met\u00fc\u00fcltetrah\u00fcdrofoolhape, gl\u00fckosamiinsool)).<\/p>\n\n\n\n<p>Kas otsite rohkem? Vaadake t\u00e4ielikku <a href=\"\/ee\/tootesildid\/natures-finest\/\">Nature\u2019s Finest sortimenti<\/a>.<\/p>","protected":false},"excerpt":{"rendered":"<p data-start=\"15\" data-end=\"745\"><strong data-start=\"15\" data-end=\"47\">NATURE'S FINEST Mommy ToBe<\/strong> - on vaarika maitsega toidulisand naistele raseduse planeerimise ja raseduse alguses. Valem \u00fchendab endas <strong data-start=\"176\" data-end=\"200\">Quatrefolic\u00ae folaat<\/strong>, rauda, tsinki, D3-vitamiini, C-vitamiini, kaltsiumi, magneesiumi ja B-vitamiine, mist\u00f5ttu on see <strong data-start=\"300\" data-end=\"366\">aitab kaasa normaalsele viljakusele ja reproduktiivsele funktsioonile.<\/strong>, <strong data-start=\"368\" data-end=\"407\">ema kudede kasv raseduse ajal<\/strong>, <strong data-start=\"409\" data-end=\"470\">normaalne punaste vereliblede ja hemoglobiini tootmine.<\/strong>, <strong data-start=\"472\" data-end=\"498\">normaalne DNA s\u00fcntees<\/strong> ja <strong data-start=\"503\" data-end=\"550\">aitab v\u00e4hendada v\u00e4simust ja v\u00e4simustunnet<\/strong>. Pulbri vorm on mugav igap\u00e4evaseks kasutamiseks ja vaarika maitse muudab selle h\u00f5lpsamini integreeritavaks oma rutiinis. Quatrefolic\u00ae on h\u00e4sti uuritud foolhappe vorm, mida hinnatakse selle hea biosaadavuse t\u00f5ttu.<\/p>\n<p><strong data-start=\"747\" data-end=\"770\">Miks valida <br \/><\/strong><strong data-start=\"772\" data-end=\"778\">\u2714\ufe0f<\/strong> Quatrefolic\u00ae foolhappe, raua, tsingi ja vitamiinidega.<br data-start=\"832\" data-end=\"835\" \/><strong data-start=\"835\" data-end=\"841\">\u2714\ufe0f<\/strong> aitab kaasa normaalsele viljakusele ja reproduktiivsele funktsioonile<br data-start=\"904\" data-end=\"907\" \/><strong data-start=\"907\" data-end=\"913\">\u2714\ufe0f<\/strong> Aitab kaasa emade kudede kasvule raseduse ajal<br data-start=\"964\" data-end=\"967\" \/><strong data-start=\"967\" data-end=\"973\">\u2714\ufe0f<\/strong> Aitab s\u00e4ilitada punaste vereliblede ja hemoglobiini normaalset tootmist.<br data-start=\"1046\" data-end=\"1049\" \/><strong data-start=\"1049\" data-end=\"1055\" data-is-only-node=\"\">\u2714\ufe0f<\/strong> Mugav pulber vaarika maitsega.<\/p>","protected":false},"featured_media":46636,"comment_status":"open","ping_status":"closed","template":"","meta":{"_acf_changed":false},"product_brand":[441],"product_cat":[94,57,60],"product_tag":[],"class_list":{"0":"post-46598","1":"product","2":"type-product","3":"status-publish","4":"has-post-thumbnail","6":"product_brand-natures-finest","7":"product_cat-vitaminai","8":"product_cat-akcijos","9":"product_cat-mitybai","11":"first","12":"instock","13":"sale","14":"shipping-taxable","15":"purchasable","16":"product-type-simple"},"acf":[],"tiered_pricing_type":"fixed","tiered_pricing_fixed_rules":[],"tiered_pricing_product_settings":{"layout":"default","base_unit_name":{"singular":null,"plural":null},"default_variation":null},"tiered_pricing_minimum_quantity":null,"tiered_pricing_roles_data":[],"tiered_pricing_percentage_rules":[],"_links":{"self":[{"href":"https:\/\/purama.lt\/ee\/wp-json\/wp\/v2\/product\/46598","targetHints":{"allow":["GET"]}}],"collection":[{"href":"https:\/\/purama.lt\/ee\/wp-json\/wp\/v2\/product"}],"about":[{"href":"https:\/\/purama.lt\/ee\/wp-json\/wp\/v2\/types\/product"}],"replies":[{"embeddable":true,"href":"https:\/\/purama.lt\/ee\/wp-json\/wp\/v2\/comments?post=46598"}],"wp:featuredmedia":[{"embeddable":true,"href":"https:\/\/purama.lt\/ee\/wp-json\/wp\/v2\/media\/46636"}],"wp:attachment":[{"href":"https:\/\/purama.lt\/ee\/wp-json\/wp\/v2\/media?parent=46598"}],"wp:term":[{"taxonomy":"product_brand","embeddable":true,"href":"https:\/\/purama.lt\/ee\/wp-json\/wp\/v2\/product_brand?post=46598"},{"taxonomy":"product_cat","embeddable":true,"href":"https:\/\/purama.lt\/ee\/wp-json\/wp\/v2\/product_cat?post=46598"},{"taxonomy":"product_tag","embeddable":true,"href":"https:\/\/purama.lt\/ee\/wp-json\/wp\/v2\/product_tag?post=46598"}],"curies":[{"name":"wp","href":"https:\/\/api.w.org\/{rel}","templated":true}]}}