{"id":46582,"date":"2026-03-10T09:16:10","date_gmt":"2026-03-10T07:16:10","guid":{"rendered":"https:\/\/purama.lt\/produktas\/malie-kakava-vaikams-su-kalciu-kaulams-ir-dantims\/"},"modified":"2026-03-24T11:16:10","modified_gmt":"2026-03-24T09:16:10","slug":"malie-kakao-lastele-kaltsiumiga-luude-ja-hammaste-jaoks","status":"publish","type":"product","link":"https:\/\/purama.lt\/ee\/produktas\/malie-kakava-vaikams-su-kalciu-kaulams-ir-dantims\/","title":{"rendered":"MALIE Kakao lastele kaltsiumiga luude ja hammaste jaoks"},"content":{"rendered":"<p><strong>Kasutamine<\/strong><br>Segage 2 supilusikat\u00e4it kuuma vee, taimse joogi v\u00f5i piimaga. Oodake 2-3 minutit ja tarbige.<br>\u00c4rge \u00fcletage soovitatavat p\u00e4evast kogust; v\u00f5ib sisaldada j\u00e4lgi maap\u00e4hklitest, puup\u00e4hklitest ja seesamist.<\/p>\n\n\n\n<p><strong>Koostisosad<\/strong><br>Orgaaniline kakaopulber, orgaaniline kookosesuhkur, kaltsiumtsitraat (0,6 %)<\/p>","protected":false},"excerpt":{"rendered":"<p data-start=\"15\" data-end=\"580\"><strong data-start=\"15\" data-end=\"55\">MALIE Bio Kakao jook kaltsiumiga<\/strong> - Kaltsiumiga orgaaniline kakaojoogi, mis on m\u00f5eldud neile, kes otsivad maitsvat ja lihtsat igap\u00e4evast valikut. See sisaldab <strong data-start=\"179\" data-end=\"206\">meeldiva \u0161okolaadimaitsega<\/strong>, on <strong data-start=\"212\" data-end=\"236\">ilma rafineeritud suhkruta<\/strong>, <strong data-start=\"238\" data-end=\"256\">sobib veganitele<\/strong>, peab <strong data-start=\"263\" data-end=\"280\">k\u00f5rge kiudainesisaldusega<\/strong> ja on <strong data-start=\"288\" data-end=\"335\">kaltsiumi, magneesiumi, raua ja tsingi allikas.<\/strong>. Sisaldab kaltsiumi <strong data-start=\"361\" data-end=\"411\">aitab s\u00e4ilitada normaalseid luid ja hambaid<\/strong>. See jook aitab kaasa ka <strong data-start=\"449\" data-end=\"496\">lihaste ja n\u00e4rvis\u00fcsteemi normaalne toimimine<\/strong>. Kaltsium on h\u00e4sti uuritud mineraal, mis on oluline luude ja hammaste igap\u00e4evaseks s\u00e4ilitamiseks. <strong data-start=\"582\" data-end=\"605\">Miks valida <\/strong><strong data-start=\"607\" data-end=\"613\">\u2714\ufe0f<\/strong> Orgaaniline kakaojoogi meeldiva \u0161okolaadimaitsega<br data-start=\"668\" data-end=\"671\" \/><strong data-start=\"671\" data-end=\"677\">\u2714\ufe0f<\/strong> Ilma rafineeritud suhkruta<br data-start=\"698\" data-end=\"701\" \/><strong data-start=\"701\" data-end=\"707\">\u2714\ufe0f<\/strong> Sobib veganitele<br data-start=\"722\" data-end=\"725\" \/><strong data-start=\"725\" data-end=\"731\">\u2714\ufe0f<\/strong> K\u00f5rge kiudainesisaldusega<br data-start=\"745\" data-end=\"748\" \/><strong data-start=\"748\" data-end=\"754\" data-is-only-node=\"\">\u2714\ufe0f<\/strong> Kaltsiumi, magneesiumi, raua ja tsingi allikas.<\/p>","protected":false},"featured_media":46584,"comment_status":"open","ping_status":"closed","template":"","meta":{"_acf_changed":false},"product_brand":[],"product_cat":[60,165,279,280,123,298],"product_tag":[],"class_list":{"0":"post-46582","1":"product","2":"type-product","3":"status-publish","4":"has-post-thumbnail","6":"product_cat-mitybai","7":"product_cat-gerimai","8":"product_cat-kaulams-ir-sanariams","9":"product_cat-kaulu-stiprinimas","10":"product_cat-papildai-ilgaamziskumui","11":"product_cat-sveikas-maistas","13":"first","14":"instock","15":"shipping-taxable","16":"purchasable","17":"product-type-simple"},"acf":[],"tiered_pricing_type":"fixed","tiered_pricing_fixed_rules":[],"tiered_pricing_product_settings":{"layout":"default","base_unit_name":{"singular":null,"plural":null},"default_variation":null},"tiered_pricing_minimum_quantity":null,"tiered_pricing_roles_data":[],"tiered_pricing_percentage_rules":[],"_links":{"self":[{"href":"https:\/\/purama.lt\/ee\/wp-json\/wp\/v2\/product\/46582","targetHints":{"allow":["GET"]}}],"collection":[{"href":"https:\/\/purama.lt\/ee\/wp-json\/wp\/v2\/product"}],"about":[{"href":"https:\/\/purama.lt\/ee\/wp-json\/wp\/v2\/types\/product"}],"replies":[{"embeddable":true,"href":"https:\/\/purama.lt\/ee\/wp-json\/wp\/v2\/comments?post=46582"}],"wp:featuredmedia":[{"embeddable":true,"href":"https:\/\/purama.lt\/ee\/wp-json\/wp\/v2\/media\/46584"}],"wp:attachment":[{"href":"https:\/\/purama.lt\/ee\/wp-json\/wp\/v2\/media?parent=46582"}],"wp:term":[{"taxonomy":"product_brand","embeddable":true,"href":"https:\/\/purama.lt\/ee\/wp-json\/wp\/v2\/product_brand?post=46582"},{"taxonomy":"product_cat","embeddable":true,"href":"https:\/\/purama.lt\/ee\/wp-json\/wp\/v2\/product_cat?post=46582"},{"taxonomy":"product_tag","embeddable":true,"href":"https:\/\/purama.lt\/ee\/wp-json\/wp\/v2\/product_tag?post=46582"}],"curies":[{"name":"wp","href":"https:\/\/api.w.org\/{rel}","templated":true}]}}