{"id":46581,"date":"2026-03-10T09:16:07","date_gmt":"2026-03-10T07:16:07","guid":{"rendered":"https:\/\/purama.lt\/produktas\/malie-kalcis-kaulams-dantims-raumenims-ir-imuninei-sistemai-vaikams\/"},"modified":"2026-03-24T11:16:16","modified_gmt":"2026-03-24T09:16:16","slug":"malie-kaltsium-luudele-hammastele-lihastele-ja-immuunsusteemile-lastel","status":"publish","type":"product","link":"https:\/\/purama.lt\/ee\/produktas\/malie-kalcis-kaulams-dantims-raumenims-ir-imuninei-sistemai-vaikams\/","title":{"rendered":"MALIE Kaltsium laste luude, hammaste, lihaste ja immuuns\u00fcsteemi jaoks"},"content":{"rendered":"<p><strong>Tarbimine<\/strong><br>Segage 1 m\u00f5\u00f5teklapp (5g) klaasi veega ja jooge.<br>Ei sobi alla 4-aastastele lastele<br>\u00c4rge \u00fcletage soovitatud p\u00e4evast kogust; toidulisand ei asenda t\u00e4ielikku ja tasakaalustatud toitumist.<\/p>\n\n\n\n<p><strong>Koostisosad<\/strong><br>kaltsiumtsitraat, akaatsia, looduslik apelsini aroom, stabilisaator: tselluloosipulber, magusaine: stevia stevioolgl\u00fckosiidid.<\/p>","protected":false},"excerpt":{"rendered":"<p data-start=\"15\" data-end=\"550\"><strong data-start=\"15\" data-end=\"34\">MALIE Kaltsium<\/strong> - on kaltsiumipulber lastele alates 4. eluaastast, mis aitab tagada olulise mineraali igap\u00e4evase lisatarbimise. See on saadaval aadressil <strong data-start=\"152\" data-end=\"202\">aitab s\u00e4ilitada normaalseid luid ja hambaid<\/strong>, <strong data-start=\"204\" data-end=\"250\">aitab kaasa lihaste normaalsele toimimisele<\/strong>, <strong data-start=\"252\" data-end=\"278\">n\u00e4rvis\u00fcsteemi aktiivsus<\/strong> ja <strong data-start=\"282\" data-end=\"315\">normaalne energia ainevahetus<\/strong>. Ei sisalda suhkrut, s\u00e4ilitusaineid, kunstlikke l\u00f5hna- ja maitseaineid ega v\u00e4rvaineid. Kaltsium on h\u00e4sti uuritud mineraal, mis on oluline kasvava organismi luude, hammaste ja igap\u00e4evaste kehaliste funktsioonide jaoks.<\/p>\n<p data-start=\"552\" data-end=\"575\"><strong data-start=\"552\" data-end=\"575\">Miks valida <\/strong><strong data-start=\"577\" data-end=\"583\">\u2714\ufe0f<\/strong> Aitab s\u00e4ilitada normaalseid luid ja hambaid <br data-start=\"668\" data-end=\"671\" \/><strong data-start=\"671\" data-end=\"677\">\u2714\ufe0f<\/strong> Aitab kaasa normaalsele lihastegevusele <br data-start=\"758\" data-end=\"761\" \/><strong data-start=\"761\" data-end=\"767\">\u2714\ufe0f<\/strong> aitab kaasa n\u00e4rvis\u00fcsteemi normaalsele toimimisele <br data-start=\"853\" data-end=\"856\" \/><strong data-start=\"856\" data-end=\"862\">\u2714\ufe0f<\/strong> aitab kaasa normaalsele energia ainevahetusele <br data-start=\"945\" data-end=\"948\" \/><strong data-start=\"948\" data-end=\"954\">\u2714\ufe0f<\/strong> Ei sisalda suhkrut, s\u00e4ilitusaineid, kunstlikke l\u00f5hna- ja maitseaineid ega v\u00e4rvaineid.<\/p>","protected":false},"featured_media":46585,"comment_status":"open","ping_status":"closed","template":"","meta":{"_acf_changed":false},"product_brand":[],"product_cat":[123,253,252,279,280,281],"product_tag":[],"class_list":{"0":"post-46581","1":"product","2":"type-product","3":"status-publish","4":"has-post-thumbnail","6":"product_cat-papildai-ilgaamziskumui","7":"product_cat-imuniteto-palaikymas","8":"product_cat-imunitetui","9":"product_cat-kaulams-ir-sanariams","10":"product_cat-kaulu-stiprinimas","11":"product_cat-raumenu-palaikymas","13":"first","14":"instock","15":"shipping-taxable","16":"purchasable","17":"product-type-simple"},"acf":[],"tiered_pricing_type":"fixed","tiered_pricing_fixed_rules":[],"tiered_pricing_product_settings":{"layout":"default","base_unit_name":{"singular":null,"plural":null},"default_variation":null},"tiered_pricing_minimum_quantity":null,"tiered_pricing_roles_data":[],"tiered_pricing_percentage_rules":[],"_links":{"self":[{"href":"https:\/\/purama.lt\/ee\/wp-json\/wp\/v2\/product\/46581","targetHints":{"allow":["GET"]}}],"collection":[{"href":"https:\/\/purama.lt\/ee\/wp-json\/wp\/v2\/product"}],"about":[{"href":"https:\/\/purama.lt\/ee\/wp-json\/wp\/v2\/types\/product"}],"replies":[{"embeddable":true,"href":"https:\/\/purama.lt\/ee\/wp-json\/wp\/v2\/comments?post=46581"}],"wp:featuredmedia":[{"embeddable":true,"href":"https:\/\/purama.lt\/ee\/wp-json\/wp\/v2\/media\/46585"}],"wp:attachment":[{"href":"https:\/\/purama.lt\/ee\/wp-json\/wp\/v2\/media?parent=46581"}],"wp:term":[{"taxonomy":"product_brand","embeddable":true,"href":"https:\/\/purama.lt\/ee\/wp-json\/wp\/v2\/product_brand?post=46581"},{"taxonomy":"product_cat","embeddable":true,"href":"https:\/\/purama.lt\/ee\/wp-json\/wp\/v2\/product_cat?post=46581"},{"taxonomy":"product_tag","embeddable":true,"href":"https:\/\/purama.lt\/ee\/wp-json\/wp\/v2\/product_tag?post=46581"}],"curies":[{"name":"wp","href":"https:\/\/api.w.org\/{rel}","templated":true}]}}