{"id":46580,"date":"2026-03-10T09:16:05","date_gmt":"2026-03-10T07:16:05","guid":{"rendered":"https:\/\/purama.lt\/produktas\/malie-vitaminas-d3-kaulams-dantims-raumenims-ir-imuninei-sistemai-vaikams\/"},"modified":"2026-03-24T11:16:23","modified_gmt":"2026-03-24T09:16:23","slug":"malie-d3-vitamiin-luudele-hammastele-lihastele-ja-immuunsusteemile-lastel","status":"publish","type":"product","link":"https:\/\/purama.lt\/ee\/produktas\/malie-vitaminas-d3-kaulams-dantims-raumenims-ir-imuninei-sistemai-vaikams\/","title":{"rendered":"MALIE D3-vitamiin laste luude, hammaste, lihaste ja immuuns\u00fcsteemi jaoks"},"content":{"rendered":"<p><strong>Tarbimine<\/strong><br>Segage 1 m\u00f5\u00f5teklapp (5g) klaasi veega ja jooge.<br>Ei sobi alla 4-aastastele lastele<br>\u00c4rge \u00fcletage soovitatud p\u00e4evast kogust; toidulisand ei asenda t\u00e4ielikku ja tasakaalustatud toitumist.<\/p>\n\n\n\n<p><strong>Koostisosad<\/strong><br>akaatsia, looduslik maasikaaroom, stabilisaator: tselluloosipulber, looduslik peediv\u00e4rv, magusaine: stevia stevioolgl\u00fckosiidid, d3-vitamiin (kolekaltsiferool).<\/p>\n\n\n\n<p><\/p>","protected":false},"excerpt":{"rendered":"<p data-start=\"15\" data-end=\"643\"><strong data-start=\"15\" data-end=\"37\">MALIE D3-vitamiin<\/strong> - maitsev maasikamaitseline D3-vitamiini jook lastele alates 4. eluaastast igap\u00e4evaseks rutiiniks. See <strong data-start=\"132\" data-end=\"186\">aitab s\u00e4ilitada normaalset immuuns\u00fcsteemi funktsiooni<\/strong>, <strong data-start=\"188\" data-end=\"238\">aitab s\u00e4ilitada normaalseid luid ja hambaid<\/strong>, aidates kaasa <strong data-start=\"255\" data-end=\"298\">kaltsiumi ja fosfori normaalne imendumine<\/strong>, <strong data-start=\"300\" data-end=\"331\">normaalne lihastegevus<\/strong> ja <strong data-start=\"335\" data-end=\"378\">normaalsed rakkude jagunemise funktsioonid<\/strong>. Suhkruvaba koostis ei sisalda s\u00e4ilitusaineid, kunstlikke l\u00f5hna- ja maitseaineid ega v\u00e4rvaineid, mist\u00f5ttu on see mugav ja ohutu valik igap\u00e4evaseks kasutamiseks. D3-vitamiin on h\u00e4sti uuritud vitamiin, mis on oluline kaltsiumi ainevahetuse ja normaalse luutervise jaoks. <strong data-start=\"645\" data-end=\"668\">Miks valida <\/strong><strong data-start=\"670\" data-end=\"676\">\u2714\ufe0f<\/strong> Meeldiv maasikamaitse, mis v\u00f5imaldab h\u00f5lpsasti tarbida. <br data-start=\"760\" data-end=\"763\" \/><strong data-start=\"763\" data-end=\"769\">\u2714\ufe0f<\/strong> Aitab s\u00e4ilitada immuuns\u00fcsteemi normaalset funktsiooni <br data-start=\"858\" data-end=\"861\" \/><strong data-start=\"861\" data-end=\"867\">\u2714\ufe0f<\/strong> Aitab s\u00e4ilitada normaalseid luid, hambaid ja lihaseid. <br data-start=\"961\" data-end=\"964\" \/><strong data-start=\"964\" data-end=\"970\">\u2714\ufe0f<\/strong> aitab kaasa kaltsiumi ja fosfori normaalsele imendumisele <br data-start=\"1063\" data-end=\"1066\" \/><strong data-start=\"1066\" data-end=\"1072\">\u2714\ufe0f<\/strong> Ei sisalda suhkrut, s\u00e4ilitusaineid, kunstlikke l\u00f5hna- ja maitseaineid ega v\u00e4rvaineid.<\/p>","protected":false},"featured_media":46586,"comment_status":"open","ping_status":"closed","template":"","meta":{"_acf_changed":false},"product_brand":[],"product_cat":[123,253,252,279,280,281],"product_tag":[],"class_list":{"0":"post-46580","1":"product","2":"type-product","3":"status-publish","4":"has-post-thumbnail","6":"product_cat-papildai-ilgaamziskumui","7":"product_cat-imuniteto-palaikymas","8":"product_cat-imunitetui","9":"product_cat-kaulams-ir-sanariams","10":"product_cat-kaulu-stiprinimas","11":"product_cat-raumenu-palaikymas","13":"first","14":"instock","15":"shipping-taxable","16":"purchasable","17":"product-type-simple"},"acf":[],"tiered_pricing_type":"fixed","tiered_pricing_fixed_rules":[],"tiered_pricing_product_settings":{"layout":"default","base_unit_name":{"singular":null,"plural":null},"default_variation":null},"tiered_pricing_minimum_quantity":null,"tiered_pricing_roles_data":[],"tiered_pricing_percentage_rules":[],"_links":{"self":[{"href":"https:\/\/purama.lt\/ee\/wp-json\/wp\/v2\/product\/46580","targetHints":{"allow":["GET"]}}],"collection":[{"href":"https:\/\/purama.lt\/ee\/wp-json\/wp\/v2\/product"}],"about":[{"href":"https:\/\/purama.lt\/ee\/wp-json\/wp\/v2\/types\/product"}],"replies":[{"embeddable":true,"href":"https:\/\/purama.lt\/ee\/wp-json\/wp\/v2\/comments?post=46580"}],"wp:featuredmedia":[{"embeddable":true,"href":"https:\/\/purama.lt\/ee\/wp-json\/wp\/v2\/media\/46586"}],"wp:attachment":[{"href":"https:\/\/purama.lt\/ee\/wp-json\/wp\/v2\/media?parent=46580"}],"wp:term":[{"taxonomy":"product_brand","embeddable":true,"href":"https:\/\/purama.lt\/ee\/wp-json\/wp\/v2\/product_brand?post=46580"},{"taxonomy":"product_cat","embeddable":true,"href":"https:\/\/purama.lt\/ee\/wp-json\/wp\/v2\/product_cat?post=46580"},{"taxonomy":"product_tag","embeddable":true,"href":"https:\/\/purama.lt\/ee\/wp-json\/wp\/v2\/product_tag?post=46580"}],"curies":[{"name":"wp","href":"https:\/\/api.w.org\/{rel}","templated":true}]}}