{"id":46446,"date":"2026-03-03T13:19:24","date_gmt":"2026-03-03T11:19:24","guid":{"rendered":"https:\/\/purama.lt\/produktas\/zinzino-testas-omega-3-profiliui-nustatyti\/"},"modified":"2026-03-24T17:18:45","modified_gmt":"2026-03-24T15:18:45","slug":"zinzin-test-oomega-3-profiili-jaoks","status":"publish","type":"product","link":"https:\/\/purama.lt\/ee\/produktas\/zinzino-testas-omega-3-profiliui-nustatyti\/","title":{"rendered":"Zinc BalanceTest Omega-3 test"},"content":{"rendered":"<p><strong>Kasutamine<\/strong><br>Pistke s\u00f5rmega vastavalt juhistele ja v\u00f5tke verd testkaardile.<br>Laske proovil kuivada ja saatke see etten\u00e4htud \u00fcmbrikus.<br>J\u00e4rgige pakendil olevaid juhiseid.<\/p>\n\n\n\n<p><strong>Koostisosad<\/strong><br>testikomplekt (proovikaart, lantsett, desinfitseerimispuhasti, tagastus\u00fcmbrik)<\/p>","protected":false},"excerpt":{"rendered":"<p data-start=\"96\" data-end=\"574\"><strong>Zinzino tasakaalutest<\/strong> see kodus, kuigi jo pavadinimas ir apra\u0161ymas yra est\u0173 kalba. \u0160is testas, atliekamas namuose, padeda nustatyti j\u016bs\u0173 omega-6 ir omega-3 riebal\u0173 r\u016bg\u0161\u010di\u0173 santyk\u012f. Jis vertina j\u016bs\u0173 riebal\u0173 r\u016bg\u0161\u010di\u0173 profil\u012f ir pateikia ai\u0161k\u0173 rodikl\u012f apie j\u016bs\u0173 organizmo pusiausvyr\u0105. M\u0117ginys imamas paprastu d\u016briu pir\u0161tu ir siun\u010diamas \u012f akredituot\u0105 laboratorij\u0105 analizei. Remiantis rezultatais, gal\u0117site priimti labiau pagr\u012fstus sprendimus d\u0117l mitybos ar maisto papild\u0173 vartojimo.<\/p>\n<p data-start=\"576\" data-end=\"788\"><strong data-start=\"576\" data-end=\"599\">Miks valida<\/strong><br data-start=\"599\" data-end=\"602\" \/><strong data-start=\"602\" data-end=\"608\">\u2714\ufe0f<\/strong> M\u00e4\u00e4ratleb omega-6 ja omega-3 vahekorra.<br data-start=\"643\" data-end=\"646\" \/><strong data-start=\"646\" data-end=\"652\">\u2714\ufe0f<\/strong> Mugav t\u00e4ita kodus<br data-start=\"676\" data-end=\"679\" \/><strong data-start=\"679\" data-end=\"685\">\u2714\ufe0f<\/strong> Laboratoorne anal\u00fc\u00fcs koos individuaalse aruandega<br data-start=\"732\" data-end=\"735\" \/><strong data-start=\"735\" data-end=\"741\">\u2714\ufe0f<\/strong> Aitab j\u00e4lgida toitumise m\u00f5ju aja jooksul<\/p>","protected":false},"featured_media":46428,"comment_status":"open","ping_status":"closed","template":"","meta":{"_acf_changed":false},"product_brand":[464],"product_cat":[75,97],"product_tag":[],"class_list":{"0":"post-46446","1":"product","2":"type-product","3":"status-publish","4":"has-post-thumbnail","6":"product_brand-zinzino","7":"product_cat-sveikatos-testai","8":"product_cat-tyrimai","10":"first","11":"instock","12":"shipping-taxable","13":"purchasable","14":"product-type-simple"},"acf":[],"tiered_pricing_type":"fixed","tiered_pricing_fixed_rules":[],"tiered_pricing_product_settings":{"layout":"default","base_unit_name":{"singular":null,"plural":null},"default_variation":null},"tiered_pricing_minimum_quantity":null,"tiered_pricing_roles_data":[],"tiered_pricing_percentage_rules":[],"_links":{"self":[{"href":"https:\/\/purama.lt\/ee\/wp-json\/wp\/v2\/product\/46446","targetHints":{"allow":["GET"]}}],"collection":[{"href":"https:\/\/purama.lt\/ee\/wp-json\/wp\/v2\/product"}],"about":[{"href":"https:\/\/purama.lt\/ee\/wp-json\/wp\/v2\/types\/product"}],"replies":[{"embeddable":true,"href":"https:\/\/purama.lt\/ee\/wp-json\/wp\/v2\/comments?post=46446"}],"wp:featuredmedia":[{"embeddable":true,"href":"https:\/\/purama.lt\/ee\/wp-json\/wp\/v2\/media\/46428"}],"wp:attachment":[{"href":"https:\/\/purama.lt\/ee\/wp-json\/wp\/v2\/media?parent=46446"}],"wp:term":[{"taxonomy":"product_brand","embeddable":true,"href":"https:\/\/purama.lt\/ee\/wp-json\/wp\/v2\/product_brand?post=46446"},{"taxonomy":"product_cat","embeddable":true,"href":"https:\/\/purama.lt\/ee\/wp-json\/wp\/v2\/product_cat?post=46446"},{"taxonomy":"product_tag","embeddable":true,"href":"https:\/\/purama.lt\/ee\/wp-json\/wp\/v2\/product_tag?post=46446"}],"curies":[{"name":"wp","href":"https:\/\/api.w.org\/{rel}","templated":true}]}}