{"id":46445,"date":"2026-03-03T13:19:22","date_gmt":"2026-03-03T11:19:22","guid":{"rendered":"https:\/\/purama.lt\/produktas\/zinzino-hba1c-ilgalaikio-cukraus-lygio-kraujyje-testas\/"},"modified":"2026-03-24T17:33:01","modified_gmt":"2026-03-24T15:33:01","slug":"zinzin-hba1c-pikaajaline-veresuhkrutesti","status":"publish","type":"product","link":"https:\/\/purama.lt\/ee\/produktas\/zinzino-hba1c-ilgalaikio-cukraus-lygio-kraujyje-testas\/","title":{"rendered":"Zinzin HbA1c Test Pikaajaline veresuhkru test"},"content":{"rendered":"<p><strong>Kasutamine<\/strong><br>Pistke s\u00f5rme vastavalt etteantud juhistele ja v\u00f5tke verd proovikaardile.<br>Laske proovil kuivada ja saatke see m\u00e4rgitud aadressile.<br>J\u00e4rgige pakendil olevaid juhiseid.<\/p>\n\n\n\n<p><strong>Koostisosad<\/strong><br>testikomplekt (proovikaart, lantsett, desinfitseerimispuhasti, tagastus\u00fcmbrik)<\/p>","protected":false},"excerpt":{"rendered":"<p data-start=\"95\" data-end=\"628\"><strong>Zinzino HbA1c test<\/strong> v\u00f5i kuivatatud veretilga uuring, mis on ette n\u00e4htud keskmise veresuhkru taseme hindamiseks viimase 2\u20133 kuu jooksul. Testi saab teha kodus lihtsa s\u00f5rme torkimise meetodiga ning proov saadetakse laborisse anal\u00fc\u00fcsimiseks. HbA1c n\u00e4itaja n\u00e4itab, milline osa hemoglobiinist on gl\u00fckoosiga seondunud, aidates seega saada \u00fcldise \u00fclevaate pikaajalisest veresuhkru kontrollist. See on mugav viis oma metaboolse seisundi j\u00e4lgimiseks ja teadlike elustiiliotsuste tegemiseks.<\/p>\n<p data-start=\"630\" data-end=\"827\"><strong data-start=\"630\" data-end=\"653\">Miks valida:<\/strong><br data-start=\"653\" data-end=\"656\" \/><strong data-start=\"656\" data-end=\"662\">\u2714\ufe0f<\/strong> N\u00e4itab keskmist gl\u00fckoositaset 2-3 kuu jooksul.<br data-start=\"710\" data-end=\"713\" \/><strong data-start=\"713\" data-end=\"719\">\u2714\ufe0f<\/strong> Mugav t\u00e4ita kodus<br data-start=\"743\" data-end=\"746\" \/><strong data-start=\"746\" data-end=\"752\">\u2714\ufe0f<\/strong> Proovi laboratoorsed uuringud<br data-start=\"784\" data-end=\"787\" \/><strong data-start=\"787\" data-end=\"793\">\u2714\ufe0f<\/strong> Selged ja arusaadavad tulemused<\/p>","protected":false},"featured_media":46422,"comment_status":"open","ping_status":"closed","template":"","meta":{"_acf_changed":false},"product_brand":[464],"product_cat":[75,97],"product_tag":[],"class_list":{"0":"post-46445","1":"product","2":"type-product","3":"status-publish","4":"has-post-thumbnail","6":"product_brand-zinzino","7":"product_cat-sveikatos-testai","8":"product_cat-tyrimai","10":"first","11":"instock","12":"shipping-taxable","13":"purchasable","14":"product-type-simple"},"acf":[],"tiered_pricing_type":"fixed","tiered_pricing_fixed_rules":[],"tiered_pricing_product_settings":{"layout":"default","base_unit_name":{"singular":null,"plural":null},"default_variation":null},"tiered_pricing_minimum_quantity":null,"tiered_pricing_roles_data":[],"tiered_pricing_percentage_rules":[],"_links":{"self":[{"href":"https:\/\/purama.lt\/ee\/wp-json\/wp\/v2\/product\/46445","targetHints":{"allow":["GET"]}}],"collection":[{"href":"https:\/\/purama.lt\/ee\/wp-json\/wp\/v2\/product"}],"about":[{"href":"https:\/\/purama.lt\/ee\/wp-json\/wp\/v2\/types\/product"}],"replies":[{"embeddable":true,"href":"https:\/\/purama.lt\/ee\/wp-json\/wp\/v2\/comments?post=46445"}],"wp:featuredmedia":[{"embeddable":true,"href":"https:\/\/purama.lt\/ee\/wp-json\/wp\/v2\/media\/46422"}],"wp:attachment":[{"href":"https:\/\/purama.lt\/ee\/wp-json\/wp\/v2\/media?parent=46445"}],"wp:term":[{"taxonomy":"product_brand","embeddable":true,"href":"https:\/\/purama.lt\/ee\/wp-json\/wp\/v2\/product_brand?post=46445"},{"taxonomy":"product_cat","embeddable":true,"href":"https:\/\/purama.lt\/ee\/wp-json\/wp\/v2\/product_cat?post=46445"},{"taxonomy":"product_tag","embeddable":true,"href":"https:\/\/purama.lt\/ee\/wp-json\/wp\/v2\/product_tag?post=46445"}],"curies":[{"name":"wp","href":"https:\/\/api.w.org\/{rel}","templated":true}]}}