{"id":46444,"date":"2026-03-03T13:19:21","date_gmt":"2026-03-03T11:19:21","guid":{"rendered":"https:\/\/purama.lt\/produktas\/zinzino-skin-serum-skirtas-mazinti-gilias-rauksles-kaklo-ir-veido-odai\/"},"modified":"2026-04-10T13:03:32","modified_gmt":"2026-04-10T11:03:32","slug":"zinzino-nahaseerum-sugavate-kortsude-vahendamiseks-kaelal-ja-naol","status":"publish","type":"product","link":"https:\/\/purama.lt\/ee\/produktas\/zinzino-skin-serum-skirtas-mazinti-gilias-rauksles-kaklo-ir-veido-odai\/","title":{"rendered":"Zinzino Skin Serum s\u00fcgavate kortsude v\u00e4hendamiseks kaelal ja n\u00e4ol"},"content":{"rendered":"<p><strong>Kasutamine<\/strong><br>Kanda puhtale nahale hommikul ja\/v\u00f5i \u00f5htul.<br>Masseerige \u00f5rnalt, kuni see on t\u00e4ielikult imendunud.<br>J\u00e4rgige pakendil olevaid juhiseid.<\/p>\n\n\n\n<h5 class=\"wp-block-heading\">Koostisained:<\/h5>\n\n\n\n<p>Vesi, gl\u00fctseriin, sheav\u00f5i et\u00fc\u00fclestrid, betaiin, met\u00fc\u00fclmetakr\u00fclaadi ristpol\u00fcmeer, Avena Sativa (kaera) tuumajahu, sorbitaankapr\u00fclaat, pektiin, skvalaan, ksantaankummi, p\u00e4rmi pol\u00fcsahhariidid, tokoferool, Olea Europaea (oliivi) puuviljaekstrakt, sepioliidi ekstrakt, Calendula Officinalis \u00f5iekstrakt, naatriumhialuronaat, Helianthus Annuus (p\u00e4evalille) seemne\u00f5li, Naatriumh\u00fcdroksiid, karrageen, pol\u00fcvin\u00fc\u00fclalkohol, kaaliumbensoaat, propaandiool, naatriumbensoaat, kapr\u00fc\u00fclgl\u00fckool, vask palmito\u00fc\u00fclheptid-14, gl\u00fctser\u00fc\u00fclkapr\u00fclaat, heptapeptiid-15 palmitaat, piimhappe\/gl\u00fckoolhappe kopol\u00fcmeer, fenoks\u00fcetanool, fen\u00fc\u00fclpropanool, sorbiinhape, bensoehape, beetakaroteen, sidrunhape.<\/p>","protected":false},"excerpt":{"rendered":"<p data-start=\"95\" data-end=\"606\"><strong data-start=\"111\" data-end=\"135\">Zinzino Skin Serum:<\/strong>\u00a0on t\u00e4iustatud n\u00e4oseerum, mis on m\u00f5eldud naha niisutamiseks, elastseks muutmiseks ja kirgastamiseks. Kerge tekstuuriga koostis imendub kiiresti, ei j\u00e4ta kleepuvat tunnet ja sobib ideaalselt nii hommikuks kui ka \u00f5htuseks kasutamiseks. Seerum aitab s\u00e4ilitada naha niiskustasakaalu, tugevdab kaitsebarj\u00e4\u00e4ri ning annab pehme ja mugava tunde. Seerumi niisutavad ja antioks\u00fcdantsed koostisosad aitavad kaitsta nahka keskkonnaagressorite eest ja s\u00e4ilitada \u00fchtlasemat jume.<\/p>\n<p data-start=\"608\" data-end=\"806\"><strong data-start=\"608\" data-end=\"631\">Miks valida:<\/strong><br data-start=\"631\" data-end=\"634\" \/><strong data-start=\"634\" data-end=\"640\">\u2714\ufe0f<\/strong> Intensiivselt niisutab ja pehmendab nahka<br data-start=\"677\" data-end=\"680\" \/><strong data-start=\"680\" data-end=\"686\">\u2714\ufe0f<\/strong> Kiiresti imenduv, kerge tekstuur<br data-start=\"724\" data-end=\"727\" \/><strong data-start=\"727\" data-end=\"733\">\u2714\ufe0f<\/strong> Aitab s\u00e4ilitada naha elastsust<br data-start=\"767\" data-end=\"770\" \/><strong data-start=\"770\" data-end=\"776\">\u2714\ufe0f<\/strong> Sobib igap\u00e4evaseks kasutamiseks<\/p>","protected":false},"featured_media":46425,"comment_status":"open","ping_status":"closed","template":"","meta":{"_acf_changed":true},"product_brand":[464],"product_cat":[92,56,59],"product_tag":[],"class_list":{"0":"post-46444","1":"product","2":"type-product","3":"status-publish","4":"has-post-thumbnail","6":"product_brand-zinzino","7":"product_cat-groziui","8":"product_cat-veido-serumai","9":"product_cat-veidui","11":"first","12":"instock","13":"shipping-taxable","14":"purchasable","15":"product-type-simple"},"acf":[],"tiered_pricing_type":"fixed","tiered_pricing_fixed_rules":[],"tiered_pricing_product_settings":{"layout":"default","base_unit_name":{"singular":null,"plural":null},"default_variation":null},"tiered_pricing_minimum_quantity":null,"tiered_pricing_roles_data":[],"tiered_pricing_percentage_rules":[],"_links":{"self":[{"href":"https:\/\/purama.lt\/ee\/wp-json\/wp\/v2\/product\/46444","targetHints":{"allow":["GET"]}}],"collection":[{"href":"https:\/\/purama.lt\/ee\/wp-json\/wp\/v2\/product"}],"about":[{"href":"https:\/\/purama.lt\/ee\/wp-json\/wp\/v2\/types\/product"}],"replies":[{"embeddable":true,"href":"https:\/\/purama.lt\/ee\/wp-json\/wp\/v2\/comments?post=46444"}],"wp:featuredmedia":[{"embeddable":true,"href":"https:\/\/purama.lt\/ee\/wp-json\/wp\/v2\/media\/46425"}],"wp:attachment":[{"href":"https:\/\/purama.lt\/ee\/wp-json\/wp\/v2\/media?parent=46444"}],"wp:term":[{"taxonomy":"product_brand","embeddable":true,"href":"https:\/\/purama.lt\/ee\/wp-json\/wp\/v2\/product_brand?post=46444"},{"taxonomy":"product_cat","embeddable":true,"href":"https:\/\/purama.lt\/ee\/wp-json\/wp\/v2\/product_cat?post=46444"},{"taxonomy":"product_tag","embeddable":true,"href":"https:\/\/purama.lt\/ee\/wp-json\/wp\/v2\/product_tag?post=46444"}],"curies":[{"name":"wp","href":"https:\/\/api.w.org\/{rel}","templated":true}]}}