{"id":46443,"date":"2026-03-03T13:19:20","date_gmt":"2026-03-03T11:19:20","guid":{"rendered":"https:\/\/purama.lt\/produktas\/zinzino-collagen-boozt-skysta-jurinio-kolageno-doze-vysniu-skonio\/"},"modified":"2026-04-08T09:10:55","modified_gmt":"2026-04-08T07:10:55","slug":"zinzino-collagen-boozt-vedel-annus-merekollageeni-kuiva-maitsega","status":"publish","type":"product","link":"https:\/\/purama.lt\/ee\/produktas\/zinzino-collagen-boozt-skysta-jurinio-kolageno-doze-vysniu-skonio\/","title":{"rendered":"Zinzino Collagen Boozt vedel annus merekollageeni, kirsi maitsega"},"content":{"rendered":"<p><strong>Tarbimine<\/strong><br>V\u00f5tke \u00fcks annus p\u00e4evas, eelistatavalt hommikul.<br>Enne kasutamist raputada.<br>J\u00e4rgige pakendil olevaid juhiseid.<\/p>\n\n\n\n<p><strong>Koostisosad<\/strong><br>vesi, h\u00fcdrol\u00fc\u00fcsitud kollageen, C-vitamiin (askorbiinhape), looduslikud l\u00f5hna- ja maitseained, magusaine, s\u00e4ilitusaine.<\/p>\n\n\n\n<p>Loe kollageeni kohta l\u00e4hemalt meie <a href=\"\/ee\/kollageeni-juhend\/\">kollageeni giid<\/a>.<\/p>","protected":false},"excerpt":{"rendered":"<p><strong>Zinzino Collagen Boozt:<\/strong>\u00a0on vedel kollageeni toidulisand, mis on koostatud naha, juuste ja k\u00fc\u00fcnte seisundi toetamiseks ning sidekoe funktsiooni tugevdamiseks. Koostises kasutatakse h\u00fcdrol\u00fc\u00fcsitud kollageeni, mis imendub kehas kergemini. Toidulisand on rikastatud C-vitamiiniga, mis aitab s\u00e4ilitada normaalset kollageeni moodustumist, mis on vajalik naha normaalseks funktsioneerimiseks, ning teiste naha ilu jaoks oluliste mikroelementidega. Vedelat vormi on mugav kasutada ja v\u00f5imaldab toodet kiiresti lisada igap\u00e4evaellu. <\/p>\n<p><strong>Miks valida:<br \/><\/strong> \u2714\ufe0f H\u00fcdrol\u00fc\u00fcsitud kollageen paremaks imendumiseks<br \/>\u2714\ufe0f C-vitamiin normaalseks kollageeni s\u00fcnteesiks<br \/>\u2714\ufe0f Toetab nahka, juukseid ja k\u00fc\u00fcsi.<br \/>\u2714\ufe0f Mugav vedeliku vorm igap\u00e4evaseks kasutamiseks. \u00a0<\/p>","protected":false},"featured_media":46432,"comment_status":"open","ping_status":"closed","template":"","meta":{"_acf_changed":true},"product_brand":[464],"product_cat":[123,279,280,273,274],"product_tag":[],"class_list":{"0":"post-46443","1":"product","2":"type-product","3":"status-publish","4":"has-post-thumbnail","6":"product_brand-zinzino","7":"product_cat-papildai-ilgaamziskumui","8":"product_cat-kaulams-ir-sanariams","9":"product_cat-kaulu-stiprinimas","10":"product_cat-odai-plaukams-nagams","11":"product_cat-odos-jaunyste","13":"first","14":"instock","15":"shipping-taxable","16":"purchasable","17":"product-type-simple"},"acf":[],"tiered_pricing_type":"fixed","tiered_pricing_fixed_rules":[],"tiered_pricing_product_settings":{"layout":"default","base_unit_name":{"singular":null,"plural":null},"default_variation":null},"tiered_pricing_minimum_quantity":null,"tiered_pricing_roles_data":[],"tiered_pricing_percentage_rules":[],"_links":{"self":[{"href":"https:\/\/purama.lt\/ee\/wp-json\/wp\/v2\/product\/46443","targetHints":{"allow":["GET"]}}],"collection":[{"href":"https:\/\/purama.lt\/ee\/wp-json\/wp\/v2\/product"}],"about":[{"href":"https:\/\/purama.lt\/ee\/wp-json\/wp\/v2\/types\/product"}],"replies":[{"embeddable":true,"href":"https:\/\/purama.lt\/ee\/wp-json\/wp\/v2\/comments?post=46443"}],"wp:featuredmedia":[{"embeddable":true,"href":"https:\/\/purama.lt\/ee\/wp-json\/wp\/v2\/media\/46432"}],"wp:attachment":[{"href":"https:\/\/purama.lt\/ee\/wp-json\/wp\/v2\/media?parent=46443"}],"wp:term":[{"taxonomy":"product_brand","embeddable":true,"href":"https:\/\/purama.lt\/ee\/wp-json\/wp\/v2\/product_brand?post=46443"},{"taxonomy":"product_cat","embeddable":true,"href":"https:\/\/purama.lt\/ee\/wp-json\/wp\/v2\/product_cat?post=46443"},{"taxonomy":"product_tag","embeddable":true,"href":"https:\/\/purama.lt\/ee\/wp-json\/wp\/v2\/product_tag?post=46443"}],"curies":[{"name":"wp","href":"https:\/\/api.w.org\/{rel}","templated":true}]}}