{"id":46442,"date":"2026-03-03T13:19:18","date_gmt":"2026-03-03T11:19:18","guid":{"rendered":"https:\/\/purama.lt\/produktas\/zinzino-spirumaxmaisto-papildas-su-naturalia-spirulina\/"},"modified":"2026-03-24T17:35:15","modified_gmt":"2026-03-24T15:35:15","slug":"zinzin-spirumaxfood-toidulisand-loodusliku-spirulinaga","status":"publish","type":"product","link":"https:\/\/purama.lt\/ee\/produktas\/zinzino-spirumaxmaisto-papildas-su-naturalia-spirulina\/","title":{"rendered":"Zinzino SpiruMax+\nLoodusliku spirulinaga toidulisand"},"content":{"rendered":"<p><strong>Tarbimine<\/strong><br>V\u00f5tke 3-6 tabletti p\u00e4evas koos s\u00f6\u00f6gi ja veega.<br>\u00c4rge \u00fcletage soovitatud p\u00e4evast annust.<br>J\u00e4rgige pakendil olevaid juhiseid.<\/p>\n\n\n\n<p><strong>Koostisosad<\/strong><br>spirulina (arthrospira platensis) <\/p>\n\n\n\n<p>spirulina&nbsp;<em>(Arthrospira maxima)<\/em>&nbsp;pulber, t\u00e4iteaine (tselluloos).<\/p>\n\n\n\n<p><\/p>","protected":false},"excerpt":{"rendered":"<p data-start=\"93\" data-end=\"639\"><strong>Zinzino SpiruMax+:<\/strong> on kvaliteetne spirulina toidulisand igap\u00e4evaseks kehatoetuseks ja energiaks. Spirulina on toitaineterikas sinivetikad, mis sisaldavad looduslikult valke, vitamiine, mineraalaineid ja antioks\u00fcdante. See toode aitab t\u00e4iendada toitu v\u00e4\u00e4rtuslike toitainetega, s\u00e4ilitada normaalset immuuns\u00fcsteemi ja \u00fcldist kehatoonust. Spirulinas sisalduvatel f\u00fctotoitainetel, n\u00e4iteks f\u00fckots\u00fcaniinil, on antioks\u00fcdantsed omadused, mis aitavad kaitsta rakke oks\u00fcdatiivse stressi eest.<\/p>\n<p data-start=\"641\" data-end=\"873\"><strong data-start=\"641\" data-end=\"664\">Miks valida:<\/strong><br data-start=\"664\" data-end=\"667\" \/><strong data-start=\"667\" data-end=\"673\">\u2714\ufe0f<\/strong> K\u00f5rgekvaliteediline spirulina kontrollitud p\u00f5llumajandusettev\u00f5tetest<br data-start=\"722\" data-end=\"725\" \/><strong data-start=\"725\" data-end=\"731\">\u2714\ufe0f<\/strong> Looduslik valkude ja mikroelementide allikas<br data-start=\"775\" data-end=\"778\" \/><strong data-start=\"778\" data-end=\"784\">\u2714\ufe0f<\/strong> Aitab kaasa energia ja eluj\u00f5u s\u00e4ilitamisele<br data-start=\"834\" data-end=\"837\" \/><strong data-start=\"837\" data-end=\"843\">\u2714\ufe0f<\/strong> Sobib igap\u00e4evaseks kasutamiseks<\/p>","protected":false},"featured_media":46423,"comment_status":"open","ping_status":"closed","template":"","meta":{"_acf_changed":false},"product_brand":[464],"product_cat":[252,266,253,123,254,264,265],"product_tag":[],"class_list":{"0":"post-46442","1":"product","2":"type-product","3":"status-publish","4":"has-post-thumbnail","6":"product_brand-zinzino","7":"product_cat-imunitetui","8":"product_cat-fermentai-ir-virskinimas","9":"product_cat-imuniteto-palaikymas","10":"product_cat-papildai-ilgaamziskumui","11":"product_cat-uzdegimo-mazinimas","12":"product_cat-virskinimui-ir-detoksui","13":"product_cat-zarnynas-ir-mikrobioma","15":"first","16":"instock","17":"shipping-taxable","18":"purchasable","19":"product-type-simple"},"acf":[],"tiered_pricing_type":"fixed","tiered_pricing_fixed_rules":[],"tiered_pricing_product_settings":{"layout":"default","base_unit_name":{"singular":null,"plural":null},"default_variation":null},"tiered_pricing_minimum_quantity":null,"tiered_pricing_roles_data":[],"tiered_pricing_percentage_rules":[],"_links":{"self":[{"href":"https:\/\/purama.lt\/ee\/wp-json\/wp\/v2\/product\/46442","targetHints":{"allow":["GET"]}}],"collection":[{"href":"https:\/\/purama.lt\/ee\/wp-json\/wp\/v2\/product"}],"about":[{"href":"https:\/\/purama.lt\/ee\/wp-json\/wp\/v2\/types\/product"}],"replies":[{"embeddable":true,"href":"https:\/\/purama.lt\/ee\/wp-json\/wp\/v2\/comments?post=46442"}],"wp:featuredmedia":[{"embeddable":true,"href":"https:\/\/purama.lt\/ee\/wp-json\/wp\/v2\/media\/46423"}],"wp:attachment":[{"href":"https:\/\/purama.lt\/ee\/wp-json\/wp\/v2\/media?parent=46442"}],"wp:term":[{"taxonomy":"product_brand","embeddable":true,"href":"https:\/\/purama.lt\/ee\/wp-json\/wp\/v2\/product_brand?post=46442"},{"taxonomy":"product_cat","embeddable":true,"href":"https:\/\/purama.lt\/ee\/wp-json\/wp\/v2\/product_cat?post=46442"},{"taxonomy":"product_tag","embeddable":true,"href":"https:\/\/purama.lt\/ee\/wp-json\/wp\/v2\/product_tag?post=46442"}],"curies":[{"name":"wp","href":"https:\/\/api.w.org\/{rel}","templated":true}]}}