{"id":46441,"date":"2026-03-03T13:19:16","date_gmt":"2026-03-03T11:19:16","guid":{"rendered":"https:\/\/purama.lt\/produktas\/zinzino-x-gold-maisto-papildas-su-naturaliai-gaunamu-ciberzoliu-saknu-ekstraktu-ir-piperinu\/"},"modified":"2026-03-24T17:35:57","modified_gmt":"2026-03-24T15:35:57","slug":"zinzino-x-gold-toidulisand-looduslikult-esineva-kurkumajuure-ekstrakti-ja-piperiiniga","status":"publish","type":"product","link":"https:\/\/purama.lt\/ee\/produktas\/zinzino-x-gold-maisto-papildas-su-naturaliai-gaunamu-ciberzoliu-saknu-ekstraktu-ir-piperinu\/","title":{"rendered":"Zinzino X Gold+ toidulisand looduslikult saadud kurkumajuure ekstrakti ja piperiiniga"},"content":{"rendered":"<p><strong>Tarbimine<\/strong><br>V\u00f5tke vastavalt tootja soovitatud \u00f6\u00f6p\u00e4evasele annusele.<br>Enne kasutamist raputada.<br>\u00c4rge \u00fcletage p\u00e4evast piirm\u00e4\u00e4ra.<\/p>\n\n\n\n<p><strong>Koostisosad<\/strong><br>kurkumi (curcuma longa) veeekstrakt, stabilisaator (taimset p\u00e4ritolu gl\u00fctserool, kummiaraabikumi), musta pipra (piper nigrum) ekstrakt.<\/p>\n\n\n\n<p><strong>Toitained ja f\u00fcsioloogiliselt aktiivsed ained (8 ml portsjoni kohta)<\/strong><br>Kurkumi veeekstrakt - 2400 mg<br>Musta pipra puuvilja ekstrakt - 300 mg<\/p>","protected":false},"excerpt":{"rendered":"<p data-start=\"0\" data-end=\"445\"><strong>Zinzino X Gold+:<\/strong> on k\u00f5rgekvaliteediline toidulisand, mis on valmistatud unikaalsest ja looduslikult toitaineterikkast kurkumajuure ekstraktist, millele on lisatud piperiini. T\u00e4nu meie t\u00e4iustatud Totum-Ex\u00ae-tehnoloogiale s\u00e4ilitab X GOLD+ k\u00f5ik kurkumajuure olulised, looduslikult aktiivsed, vees ja rasvas lahustuvad osad, mis tagavad tervikliku toime. T\u00e4nu kurkumajuure t\u00e4ielikule t\u00f6\u00f6tlemisele on see toode rikas kasulikest bioaktiivsetest \u00fchenditest: kurkuminoididest, eeterlikest \u00f5lidest, pol\u00fcfenoolidest ja looduslikest kiudainetest, mis koos toetavad organismi tervist. See lisaaine on rikastatud piperiiniga, mis parandab imendumist, ning pakub kurkumi tuntud ja traditsiooniliselt tunnustatud kasu seedimisele, immuunsusele ja antioks\u00fcdantide toetamisele. \u201eX GOLD+\u201c on toodetud ilma lahustite, emulgaatorite v\u00f5i lisatud kemikaalideta - ainult puhtast ja looduslikust kurkumast.<\/p>\n<p data-start=\"447\" data-end=\"680\"><strong data-start=\"447\" data-end=\"470\">Miks valida<\/strong><br data-start=\"470\" data-end=\"473\" \/><strong data-start=\"473\" data-end=\"479\">\u2714\ufe0f<\/strong> Kurkumi veeekstrakt<br data-start=\"512\" data-end=\"515\" \/><strong data-start=\"515\" data-end=\"521\">\u2714\ufe0f<\/strong> T\u00e4iendatud musta pipra ekstraktiga (piperiin).<br data-start=\"567\" data-end=\"570\" \/><strong data-start=\"570\" data-end=\"576\">\u2714\ufe0f<\/strong> Vedel kujul - mugav manustamine<br data-start=\"610\" data-end=\"613\" \/><strong data-start=\"613\" data-end=\"619\">\u2714\ufe0f<\/strong> Ei sisalda kunstlikke v\u00e4rvaineid<br data-start=\"641\" data-end=\"644\" \/><strong data-start=\"644\" data-end=\"650\">\u2714\ufe0f<\/strong> Sobib igap\u00e4evaseks kasutamiseks<\/p>\n<p data-start=\"682\" data-end=\"816\">\u00a0<\/p>","protected":false},"featured_media":46433,"comment_status":"open","ping_status":"closed","template":"","meta":{"_acf_changed":true},"product_brand":[464],"product_cat":[123,266,253,252,264],"product_tag":[],"class_list":{"0":"post-46441","1":"product","2":"type-product","3":"status-publish","4":"has-post-thumbnail","6":"product_brand-zinzino","7":"product_cat-papildai-ilgaamziskumui","8":"product_cat-fermentai-ir-virskinimas","9":"product_cat-imuniteto-palaikymas","10":"product_cat-imunitetui","11":"product_cat-virskinimui-ir-detoksui","13":"first","14":"instock","15":"shipping-taxable","16":"purchasable","17":"product-type-simple"},"acf":[],"tiered_pricing_type":"fixed","tiered_pricing_fixed_rules":[],"tiered_pricing_product_settings":{"layout":"default","base_unit_name":{"singular":null,"plural":null},"default_variation":null},"tiered_pricing_minimum_quantity":null,"tiered_pricing_roles_data":[],"tiered_pricing_percentage_rules":[],"_links":{"self":[{"href":"https:\/\/purama.lt\/ee\/wp-json\/wp\/v2\/product\/46441","targetHints":{"allow":["GET"]}}],"collection":[{"href":"https:\/\/purama.lt\/ee\/wp-json\/wp\/v2\/product"}],"about":[{"href":"https:\/\/purama.lt\/ee\/wp-json\/wp\/v2\/types\/product"}],"replies":[{"embeddable":true,"href":"https:\/\/purama.lt\/ee\/wp-json\/wp\/v2\/comments?post=46441"}],"wp:featuredmedia":[{"embeddable":true,"href":"https:\/\/purama.lt\/ee\/wp-json\/wp\/v2\/media\/46433"}],"wp:attachment":[{"href":"https:\/\/purama.lt\/ee\/wp-json\/wp\/v2\/media?parent=46441"}],"wp:term":[{"taxonomy":"product_brand","embeddable":true,"href":"https:\/\/purama.lt\/ee\/wp-json\/wp\/v2\/product_brand?post=46441"},{"taxonomy":"product_cat","embeddable":true,"href":"https:\/\/purama.lt\/ee\/wp-json\/wp\/v2\/product_cat?post=46441"},{"taxonomy":"product_tag","embeddable":true,"href":"https:\/\/purama.lt\/ee\/wp-json\/wp\/v2\/product_tag?post=46441"}],"curies":[{"name":"wp","href":"https:\/\/api.w.org\/{rel}","templated":true}]}}