{"id":46439,"date":"2026-03-03T13:19:13","date_gmt":"2026-03-03T11:19:13","guid":{"rendered":"https:\/\/purama.lt\/produktas\/zinzino-balanceoil-premium\/"},"modified":"2026-03-24T17:40:07","modified_gmt":"2026-03-24T15:40:07","slug":"zinzin-balanceoil-premium","status":"publish","type":"product","link":"https:\/\/purama.lt\/ee\/produktas\/zinzino-balanceoil-premium\/","title":{"rendered":"Zinzino BalanceOil+ Premium Omega-3"},"content":{"rendered":"<p><strong>Tarbimine<\/strong><br>V\u00f5tke iga p\u00e4ev tootja soovitatud annuses koos toiduga.<br>Enne kasutamist loksutada.<br>J\u00e4rgige pakendil olevaid juhiseid.<\/p>\n\n\n\n<p><strong>Koostisosad<\/strong><br>kala\u00f5li (oomega-3 rasvhapped epa, dha), ekstra neitsioliivi\u00f5li, d3-vitamiin (kolekaltsiferool), antioks\u00fcdandid (tokoferoolid).<\/p>","protected":false},"excerpt":{"rendered":"<p><strong>Zinzino BalanceOil+ Premium:<\/strong>\u00a0v\u00f5i k\u00f5rgekvaliteetne omega-3 toidulisand, mis on loodud aitama s\u00e4ilitada tasakaalustatud rasvhapete suhet organismis. Selle koostises olev kalakonsentraat koos k\u00f5rgeima kvaliteediga oliivi\u00f5liga aitab kaitsta rasvhappeid oks\u00fcdatsiooni eest, samas kui D-vitamiin aitab kaasa immuuns\u00fcsteemi normaalsele toimimisele. Toodet on ette n\u00e4htud igap\u00e4evaseks kasutamiseks, et toetada s\u00fcdame, aju ja kogu organismi funktsioneerimist. Omega-3 rasvhapped EPA ja DHA on h\u00e4sti uuritud ained, mis on olulised normaalseks s\u00fcdame tegevuseks. <\/p>\n<p><strong>Miks valida:<\/strong><br \/>\u2714\ufe0f K\u00f5rge omega-3 rasvhapete (EPA ja DHA) sisaldus.<br \/>\u2714\ufe0f T\u00e4iendatud oliivi\u00f5li pol\u00fcfenoolidega<br \/>\u2714\ufe0f D-vitamiiniga immuuns\u00fcsteemile<br \/>\u2714\ufe0f Aitab s\u00e4ilitada tasakaalustatud oomega-6 ja oomega-3 vahekorda.<br \/>\u2714\ufe0f Sobib igap\u00e4evaseks kasutamiseks<\/p>","protected":false},"featured_media":46430,"comment_status":"open","ping_status":"closed","template":"","meta":{"_acf_changed":false},"product_brand":[464],"product_cat":[123,251,257,260,263,253,252,122,256],"product_tag":[],"class_list":{"0":"post-46439","1":"product","2":"type-product","3":"status-publish","4":"has-post-thumbnail","6":"product_brand-zinzino","7":"product_cat-papildai-ilgaamziskumui","8":"product_cat-antioksidantai","9":"product_cat-atmintis-ir-demesys","10":"product_cat-energijai-ir-apykaitai","11":"product_cat-fizine-istverme","12":"product_cat-imuniteto-palaikymas","13":"product_cat-imunitetui","14":"product_cat-lasteliu-jaunystei","15":"product_cat-smegenims-ir-atminciai","17":"first","18":"instock","19":"shipping-taxable","20":"purchasable","21":"product-type-simple"},"acf":[],"tiered_pricing_type":"fixed","tiered_pricing_fixed_rules":[],"tiered_pricing_product_settings":{"layout":"default","base_unit_name":{"singular":null,"plural":null},"default_variation":null},"tiered_pricing_minimum_quantity":null,"tiered_pricing_roles_data":[],"tiered_pricing_percentage_rules":[],"_links":{"self":[{"href":"https:\/\/purama.lt\/ee\/wp-json\/wp\/v2\/product\/46439","targetHints":{"allow":["GET"]}}],"collection":[{"href":"https:\/\/purama.lt\/ee\/wp-json\/wp\/v2\/product"}],"about":[{"href":"https:\/\/purama.lt\/ee\/wp-json\/wp\/v2\/types\/product"}],"replies":[{"embeddable":true,"href":"https:\/\/purama.lt\/ee\/wp-json\/wp\/v2\/comments?post=46439"}],"wp:featuredmedia":[{"embeddable":true,"href":"https:\/\/purama.lt\/ee\/wp-json\/wp\/v2\/media\/46430"}],"wp:attachment":[{"href":"https:\/\/purama.lt\/ee\/wp-json\/wp\/v2\/media?parent=46439"}],"wp:term":[{"taxonomy":"product_brand","embeddable":true,"href":"https:\/\/purama.lt\/ee\/wp-json\/wp\/v2\/product_brand?post=46439"},{"taxonomy":"product_cat","embeddable":true,"href":"https:\/\/purama.lt\/ee\/wp-json\/wp\/v2\/product_cat?post=46439"},{"taxonomy":"product_tag","embeddable":true,"href":"https:\/\/purama.lt\/ee\/wp-json\/wp\/v2\/product_tag?post=46439"}],"curies":[{"name":"wp","href":"https:\/\/api.w.org\/{rel}","templated":true}]}}