{"id":46438,"date":"2026-03-03T13:19:12","date_gmt":"2026-03-03T11:19:12","guid":{"rendered":"https:\/\/purama.lt\/produktas\/medica-group-pherostrong-naktiniai-feromonai-vyrams\/"},"modified":"2026-04-27T13:37:40","modified_gmt":"2026-04-27T11:37:40","slug":"pherostrong-oosel-feromoonid-meestele","status":"publish","type":"product","link":"https:\/\/purama.lt\/ee\/produktas\/pherostrong-naktiniai-feromonai-vyrams\/","title":{"rendered":"PheroStrong \u00f6ised feromoonid meestele"},"content":{"rendered":"<p><strong>Kasutamine<\/strong><br>Pihustage v\u00e4ike kogus pulssipunktidele (randmed, kael).<br>V\u00e4ltida kokkupuudet silmadega.<br>Ainult v\u00e4liskasutuseks.<\/p>\n\n\n\n<p><strong>Koostisosad<\/strong><br>alcohol denat., parfum, aqua, kumariin, limoneen, alfa-isomet\u00fc\u00fcl-ionoon, h\u00fcdroks\u00fctronellaal, linalool, roosaketoonid, kaneel, eugenool, tsitraal, looduslik safrool.<\/p>","protected":false},"excerpt":{"rendered":"<p data-start=\"0\" data-end=\"534\"><span data-sheets-root=\"1\">Medica-group PheroStrong \u00f6\u00f6sel feromoonid meestele-<\/span>\u00a0on intensiivsema iseloomuga feromoonparf\u00fc\u00fcm meestele, mis on m\u00f5eldud \u00f5htuse atmosf\u00e4\u00e4ri ja erilise mulje loomiseks. Kompositsioon \u00fchendab v\u00e4rsked tsitruselised ja aromaatsed noodid soojema ja rikkalikuma baasiga, mis v\u00f5imaldab l\u00f5hnal kihiliselt avaneda ja kauem p\u00fcsida. Valemisse on integreeritud feromoonikompleks, mis lisab aktsenti, et suurendada isiklikku enesekindlust ja sarmi. Sobib \u00f5htustele kohtumistele, eriliste s\u00fcndmuste puhul v\u00f5i siis, kui soovite silma paista.<\/p>\n<p data-start=\"536\" data-end=\"778\"><strong data-start=\"536\" data-end=\"559\">Miks valida<\/strong><br data-start=\"559\" data-end=\"562\" \/><strong data-start=\"562\" data-end=\"568\">\u2714\ufe0f<\/strong> Intensiivne l\u00f5hn \u00f5htuse meeleolu jaoks<br data-start=\"614\" data-end=\"617\" \/><strong data-start=\"617\" data-end=\"623\">\u2714\ufe0f<\/strong> V\u00e4rskete ja soojade nootide tasakaal<br data-start=\"653\" data-end=\"656\" \/><strong data-start=\"656\" data-end=\"662\">\u2714\ufe0f<\/strong> Koostises olev feromoonikompleks<br data-start=\"696\" data-end=\"699\" \/><strong data-start=\"699\" data-end=\"705\">\u2714\ufe0f<\/strong> Pikemaajaline l\u00f5hn<br data-start=\"731\" data-end=\"734\" \/><strong data-start=\"734\" data-end=\"740\">\u2714\ufe0f<\/strong> Sobib eriliste s\u00fcndmuste ja \u00f5htuste s\u00fcndmuste jaoks<\/p>","protected":false},"featured_media":46429,"comment_status":"open","ping_status":"closed","template":"","meta":{"_acf_changed":true},"product_brand":[],"product_cat":[276,277],"product_tag":[],"class_list":{"0":"post-46438","1":"product","2":"type-product","3":"status-publish","4":"has-post-thumbnail","6":"product_cat-seksualinei-sveikatai","7":"product_cat-vyrams","9":"first","10":"instock","11":"shipping-taxable","12":"purchasable","13":"product-type-simple"},"acf":[],"tiered_pricing_type":"fixed","tiered_pricing_fixed_rules":[],"tiered_pricing_product_settings":{"layout":"default","base_unit_name":{"singular":null,"plural":null},"default_variation":null},"tiered_pricing_minimum_quantity":null,"tiered_pricing_roles_data":[],"tiered_pricing_percentage_rules":[],"_links":{"self":[{"href":"https:\/\/purama.lt\/ee\/wp-json\/wp\/v2\/product\/46438","targetHints":{"allow":["GET"]}}],"collection":[{"href":"https:\/\/purama.lt\/ee\/wp-json\/wp\/v2\/product"}],"about":[{"href":"https:\/\/purama.lt\/ee\/wp-json\/wp\/v2\/types\/product"}],"replies":[{"embeddable":true,"href":"https:\/\/purama.lt\/ee\/wp-json\/wp\/v2\/comments?post=46438"}],"wp:featuredmedia":[{"embeddable":true,"href":"https:\/\/purama.lt\/ee\/wp-json\/wp\/v2\/media\/46429"}],"wp:attachment":[{"href":"https:\/\/purama.lt\/ee\/wp-json\/wp\/v2\/media?parent=46438"}],"wp:term":[{"taxonomy":"product_brand","embeddable":true,"href":"https:\/\/purama.lt\/ee\/wp-json\/wp\/v2\/product_brand?post=46438"},{"taxonomy":"product_cat","embeddable":true,"href":"https:\/\/purama.lt\/ee\/wp-json\/wp\/v2\/product_cat?post=46438"},{"taxonomy":"product_tag","embeddable":true,"href":"https:\/\/purama.lt\/ee\/wp-json\/wp\/v2\/product_tag?post=46438"}],"curies":[{"name":"wp","href":"https:\/\/api.w.org\/{rel}","templated":true}]}}