{"id":46437,"date":"2026-03-03T13:19:12","date_gmt":"2026-03-03T11:19:12","guid":{"rendered":"https:\/\/purama.lt\/produktas\/medica-group-pherostrong-naktiniai-feromonai-moterims\/"},"modified":"2026-04-02T13:13:57","modified_gmt":"2026-04-02T11:13:57","slug":"pherostrong-oosel-feromoonid-naistele","status":"publish","type":"product","link":"https:\/\/purama.lt\/ee\/produktas\/pherostrong-naktiniai-feromonai-moterims\/","title":{"rendered":"PheroStrong \u00f6ised feromoonid naistele"},"content":{"rendered":"<p><strong>Kasutamine<\/strong><br>Pihustage v\u00e4ike kogus pulssipunktidele (randmed, kael).<br>V\u00e4ltida kokkupuudet silmadega.<br>Ainult v\u00e4liskasutuseks.<\/p>\n\n\n\n<p><strong>Koostisosad<\/strong><br>alkoholi denat.., parfum, aqua, bens\u00fc\u00fclbensoaat, bens\u00fc\u00fclsalits\u00fclaat, kaneelalkohol, tsitronellool, kumariin, dimet\u00fc\u00fclfenet\u00fc\u00fclatsetaat, geraniool, geran\u00fc\u00fclatsetaat, heksamet\u00fc\u00fclindanop\u00fcraan, heks\u00fc\u00fcltsinamal, h\u00fcdroks\u00fctsitronellaal, jasmiini\u00f5li\/ekstrakt, kadakamarja\u00f5li, limoneen, linalool, linal\u00fc\u00fclatsetaat, pineen, roosiketoonid, roosilille\u00f5li\/ekstrakt, tetramet\u00fc\u00fclatset\u00fc\u00fclotset\u00fc\u00fclh\u00fcdronaftaleen, vanilliin.<\/p>\n\n\n\n<p><\/p>","protected":false},"excerpt":{"rendered":"<p data-start=\"0\" data-end=\"525\"><span data-sheets-root=\"1\">Medica-group PheroStrong \u00f6ised feromoonid naistele -t<\/span>Intensiivsem feromoonil\u00f5hn \u00f5htuseks ajaks, mis on loodud r\u00f5hutama sensuaalsust ja enesekindlust. L\u00f5hn avaneb puuviljaste ja kergelt v\u00fcrtsikate nootidega, mis liiguvad rikkaliku lillelise s\u00fcdamega, samas kui baasosas p\u00fcsivad soojad, magusad ja puidulised noodid. Tasakaalustatud koostis koos feromoonikompleksiga, mis on loodud t\u00e4iendavaks aktsendiks, et suurendada isiklikku v\u00f5lu. L\u00f5hn on v\u00e4ljendusrikkam ja sobib paremini \u00f5htustele v\u00f5i erilistele s\u00fcndmustele.<\/p>\n<p data-start=\"527\" data-end=\"776\"><strong data-start=\"527\" data-end=\"550\">Miks valida<\/strong><br data-start=\"550\" data-end=\"553\" \/><strong data-start=\"553\" data-end=\"559\">\u2714\ufe0f<\/strong> Intensiivsem l\u00f5hn \u00f5htuse meeleolu jaoks<br data-start=\"608\" data-end=\"611\" \/><strong data-start=\"611\" data-end=\"617\">\u2714\ufe0f<\/strong> Puuviljade, lillede ja soojade nootide kombinatsioon<br data-start=\"653\" data-end=\"656\" \/><strong data-start=\"656\" data-end=\"662\">\u2714\ufe0f<\/strong> Koostises olev feromoonikompleks<br data-start=\"696\" data-end=\"699\" \/><strong data-start=\"699\" data-end=\"705\">\u2714\ufe0f<\/strong> Pikema kestvusega l\u00f5hna alus<br data-start=\"740\" data-end=\"743\" \/><strong data-start=\"743\" data-end=\"749\">\u2714\ufe0f<\/strong> Sobib eriliste s\u00fcndmuste jaoks<\/p>","protected":false},"featured_media":46424,"comment_status":"open","ping_status":"closed","template":"","meta":{"_acf_changed":false},"product_brand":[],"product_cat":[276,278],"product_tag":[],"class_list":{"0":"post-46437","1":"product","2":"type-product","3":"status-publish","4":"has-post-thumbnail","6":"product_cat-seksualinei-sveikatai","7":"product_cat-moterims","9":"first","10":"instock","11":"shipping-taxable","12":"purchasable","13":"product-type-simple"},"acf":[],"tiered_pricing_type":"fixed","tiered_pricing_fixed_rules":[],"tiered_pricing_product_settings":{"layout":"default","base_unit_name":{"singular":null,"plural":null},"default_variation":null},"tiered_pricing_minimum_quantity":null,"tiered_pricing_roles_data":[],"tiered_pricing_percentage_rules":[],"_links":{"self":[{"href":"https:\/\/purama.lt\/ee\/wp-json\/wp\/v2\/product\/46437","targetHints":{"allow":["GET"]}}],"collection":[{"href":"https:\/\/purama.lt\/ee\/wp-json\/wp\/v2\/product"}],"about":[{"href":"https:\/\/purama.lt\/ee\/wp-json\/wp\/v2\/types\/product"}],"replies":[{"embeddable":true,"href":"https:\/\/purama.lt\/ee\/wp-json\/wp\/v2\/comments?post=46437"}],"wp:featuredmedia":[{"embeddable":true,"href":"https:\/\/purama.lt\/ee\/wp-json\/wp\/v2\/media\/46424"}],"wp:attachment":[{"href":"https:\/\/purama.lt\/ee\/wp-json\/wp\/v2\/media?parent=46437"}],"wp:term":[{"taxonomy":"product_brand","embeddable":true,"href":"https:\/\/purama.lt\/ee\/wp-json\/wp\/v2\/product_brand?post=46437"},{"taxonomy":"product_cat","embeddable":true,"href":"https:\/\/purama.lt\/ee\/wp-json\/wp\/v2\/product_cat?post=46437"},{"taxonomy":"product_tag","embeddable":true,"href":"https:\/\/purama.lt\/ee\/wp-json\/wp\/v2\/product_tag?post=46437"}],"curies":[{"name":"wp","href":"https:\/\/api.w.org\/{rel}","templated":true}]}}