{"id":46436,"date":"2026-03-03T13:19:11","date_gmt":"2026-03-03T11:19:11","guid":{"rendered":"https:\/\/purama.lt\/produktas\/medica-group-pherostrong-feromonai-moterims\/"},"modified":"2026-04-02T13:14:56","modified_gmt":"2026-04-02T11:14:56","slug":"pherostrong-feromoonid-naistele","status":"publish","type":"product","link":"https:\/\/purama.lt\/ee\/produktas\/pherostrong-feromonai-moterims\/","title":{"rendered":"PheroStrong feromoonid naistele"},"content":{"rendered":"<p><strong>Kasutamine<\/strong><br>Pihustage v\u00e4ike kogus pulssipunktidele (randmed, kael, k\u00f5rvade taga).<br>V\u00e4ltida kokkupuudet silmadega.<br>Ainult v\u00e4liskasutuseks.<\/p>\n\n\n\n<p><strong>Koostisosad<\/strong><br>alcohol denat., parfum, aqua, kaneel, tsitraal, geraniool, limoneen, linalool.<\/p>","protected":false},"excerpt":{"rendered":"<p><span data-sheets-root=\"1\">Medica-group PheroStrong feromoonid naistele<\/span>\u2013 tai feromonais praturtinti moteri\u0161ki kvepalai, sukurti pabr\u0117\u017eti nat\u016bral\u0173 \u017eaves\u012f ir pasitik\u0117jim\u0105 savimi. Kompozicija atsiveria gaiviomis citrus\u0173 natomis, kurias papildo \u0161veln\u016bs g\u0117li\u0173 akordai ir subtilus \u0161iltas pagrindas. Kvapas lengvas, bet i\u0161rai\u0161kingas \u2013 tinkamas tiek kasdieniam naudojimui, tiek ypatingoms progoms. Feromon\u0173 kompleksas integruotas \u012f aromato formul\u0119 kaip papildomas akcentas, padedantis sustiprinti asmenin\u012f patrauklum\u0105. <\/p>\n<p>Miks valida:<br \/>\u2714\ufe0f Subtilus ir moteri\u0161kas aromatas<br \/>\u2714\ufe0f Gaivios citrus\u0173 ir g\u0117li\u0173 natos<br \/>\u2714\ufe0f Feromon\u0173 kompleksas kompozicijoje<br \/>\u2714\ufe0f Tinka dienai ir vakarui<br \/>\u2714\ufe0f Patogus pur\u0161kiamas formatas<\/p>","protected":false},"featured_media":46426,"comment_status":"open","ping_status":"closed","template":"","meta":{"_acf_changed":false},"product_brand":[],"product_cat":[276,278],"product_tag":[],"class_list":{"0":"post-46436","1":"product","2":"type-product","3":"status-publish","4":"has-post-thumbnail","6":"product_cat-seksualinei-sveikatai","7":"product_cat-moterims","9":"first","10":"instock","11":"shipping-taxable","12":"purchasable","13":"product-type-simple"},"acf":[],"tiered_pricing_type":"fixed","tiered_pricing_fixed_rules":[],"tiered_pricing_product_settings":{"layout":"default","base_unit_name":{"singular":null,"plural":null},"default_variation":null},"tiered_pricing_minimum_quantity":null,"tiered_pricing_roles_data":[],"tiered_pricing_percentage_rules":[],"_links":{"self":[{"href":"https:\/\/purama.lt\/ee\/wp-json\/wp\/v2\/product\/46436","targetHints":{"allow":["GET"]}}],"collection":[{"href":"https:\/\/purama.lt\/ee\/wp-json\/wp\/v2\/product"}],"about":[{"href":"https:\/\/purama.lt\/ee\/wp-json\/wp\/v2\/types\/product"}],"replies":[{"embeddable":true,"href":"https:\/\/purama.lt\/ee\/wp-json\/wp\/v2\/comments?post=46436"}],"wp:featuredmedia":[{"embeddable":true,"href":"https:\/\/purama.lt\/ee\/wp-json\/wp\/v2\/media\/46426"}],"wp:attachment":[{"href":"https:\/\/purama.lt\/ee\/wp-json\/wp\/v2\/media?parent=46436"}],"wp:term":[{"taxonomy":"product_brand","embeddable":true,"href":"https:\/\/purama.lt\/ee\/wp-json\/wp\/v2\/product_brand?post=46436"},{"taxonomy":"product_cat","embeddable":true,"href":"https:\/\/purama.lt\/ee\/wp-json\/wp\/v2\/product_cat?post=46436"},{"taxonomy":"product_tag","embeddable":true,"href":"https:\/\/purama.lt\/ee\/wp-json\/wp\/v2\/product_tag?post=46436"}],"curies":[{"name":"wp","href":"https:\/\/api.w.org\/{rel}","templated":true}]}}