{"id":46435,"date":"2026-03-03T13:19:09","date_gmt":"2026-03-03T11:19:09","guid":{"rendered":"https:\/\/purama.lt\/produktas\/medica-group-pherostrong-feromonai-vyrams\/"},"modified":"2026-04-02T13:15:36","modified_gmt":"2026-04-02T11:15:36","slug":"pherostrong-feromoonid-meestele","status":"publish","type":"product","link":"https:\/\/purama.lt\/ee\/produktas\/pherostrong-feromonai-vyrams\/","title":{"rendered":"PheroStrong feromoonid meestele"},"content":{"rendered":"<p><strong>Kasutamine<\/strong><br>Pihustage v\u00e4ike kogus randmetele, kaelale v\u00f5i k\u00f5rvade taha.<br>V\u00e4ltida kokkupuudet silmadega.<br>Ainult v\u00e4liskasutuseks.<\/p>\n\n\n\n<p><strong>Koostisosad<\/strong><br>alkoholi denat.., parf\u00fc\u00fcm, aqua, tetramet\u00fc\u00fclatset\u00fc\u00fclatset\u00fc\u00fcltah\u00fcdronaftaleen, bens\u00fc\u00fclsalits\u00fclaat, heksamet\u00fc\u00fclindanop\u00fcraan, limoneen, linalool, kumariin, linal\u00fc\u00fclatsetaat, tsitronellool, geraniool, alfa-isomet\u00fc\u00fclionoon, isoeugen\u00fc\u00fclatsetaat, pogostemon cablini\u00f5li, vanilliin, roosakatoonid, eugenool, met\u00fc\u00fclsalits\u00fclaat, cinnamomum zeylanicum koor\u00f5li, eugenia caryophyllus \u00f5li, pineen, kaneel, beeta-karyof\u00fclleen, bens\u00fc\u00fclalkohol, eugen\u00fc\u00fclatsetaat, bens\u00fc\u00fclbensoaat, CI 42051, CI 47005, CI 14720.<\/p>\n\n\n\n<p><\/p>","protected":false},"excerpt":{"rendered":"<p data-start=\"0\" data-end=\"535\"><span data-sheets-root=\"1\">Medica-group PheroStrong feromoonid meestele<\/span>- on feromoonidega t\u00e4idetud meeste l\u00f5hn, mis on loodud enesekindluse suurendamiseks ja meeldej\u00e4\u00e4va mulje j\u00e4tmiseks. V\u00e4rsked tsitruselised ja aromaatsed noodid kombineeruvad soojemate puiduliste akordidega, et luua l\u00f5hn, mis sobib nii igap\u00e4eva- kui ka eriliste s\u00fcndmuste jaoks. Tasakaalustatud kompositsioon annab alguses v\u00e4rskuse ja s\u00fcgavama, kauem kestva baasi. L\u00f5hna koostisesse on integreeritud feromoonikompleks, mis annab peene lisaaktsendi, et suurendada isiklikku v\u00f5lu.<\/p>\n<p data-start=\"537\" data-end=\"807\"><strong data-start=\"537\" data-end=\"560\">Miks valida<\/strong><br data-start=\"560\" data-end=\"563\" \/><strong data-start=\"563\" data-end=\"569\">\u2714\ufe0f<\/strong> V\u00e4rske, kuid iseloomulik maskuliinne l\u00f5hn.<br data-start=\"614\" data-end=\"617\" \/><strong data-start=\"617\" data-end=\"623\">\u2714\ufe0f<\/strong> Peenike feromoonikompleks koostises<br data-start=\"666\" data-end=\"669\" \/><strong data-start=\"669\" data-end=\"675\">\u2714\ufe0f<\/strong> Sobib nii p\u00e4eval kui ka \u00f5htul<br data-start=\"707\" data-end=\"710\" \/><strong data-start=\"710\" data-end=\"716\">\u2714\ufe0f<\/strong> Pikema kestvusega l\u00f5hna alus<br data-start=\"751\" data-end=\"754\" \/><strong data-start=\"754\" data-end=\"760\">\u2714\ufe0f<\/strong> Mugav kasutamine pulssipunktidele pihustades<\/p>","protected":false},"featured_media":46427,"comment_status":"open","ping_status":"closed","template":"","meta":{"_acf_changed":false},"product_brand":[],"product_cat":[276,277],"product_tag":[],"class_list":{"0":"post-46435","1":"product","2":"type-product","3":"status-publish","4":"has-post-thumbnail","6":"product_cat-seksualinei-sveikatai","7":"product_cat-vyrams","9":"first","10":"instock","11":"shipping-taxable","12":"purchasable","13":"product-type-simple"},"acf":[],"tiered_pricing_type":"fixed","tiered_pricing_fixed_rules":[],"tiered_pricing_product_settings":{"layout":"default","base_unit_name":{"singular":null,"plural":null},"default_variation":null},"tiered_pricing_minimum_quantity":null,"tiered_pricing_roles_data":[],"tiered_pricing_percentage_rules":[],"_links":{"self":[{"href":"https:\/\/purama.lt\/ee\/wp-json\/wp\/v2\/product\/46435","targetHints":{"allow":["GET"]}}],"collection":[{"href":"https:\/\/purama.lt\/ee\/wp-json\/wp\/v2\/product"}],"about":[{"href":"https:\/\/purama.lt\/ee\/wp-json\/wp\/v2\/types\/product"}],"replies":[{"embeddable":true,"href":"https:\/\/purama.lt\/ee\/wp-json\/wp\/v2\/comments?post=46435"}],"wp:featuredmedia":[{"embeddable":true,"href":"https:\/\/purama.lt\/ee\/wp-json\/wp\/v2\/media\/46427"}],"wp:attachment":[{"href":"https:\/\/purama.lt\/ee\/wp-json\/wp\/v2\/media?parent=46435"}],"wp:term":[{"taxonomy":"product_brand","embeddable":true,"href":"https:\/\/purama.lt\/ee\/wp-json\/wp\/v2\/product_brand?post=46435"},{"taxonomy":"product_cat","embeddable":true,"href":"https:\/\/purama.lt\/ee\/wp-json\/wp\/v2\/product_cat?post=46435"},{"taxonomy":"product_tag","embeddable":true,"href":"https:\/\/purama.lt\/ee\/wp-json\/wp\/v2\/product_tag?post=46435"}],"curies":[{"name":"wp","href":"https:\/\/api.w.org\/{rel}","templated":true}]}}