{"id":46121,"date":"2026-02-18T09:09:31","date_gmt":"2026-02-18T07:09:31","guid":{"rendered":"https:\/\/purama.lt\/produktas\/qed-smegenu-veiklai\/"},"modified":"2026-03-19T16:48:27","modified_gmt":"2026-03-19T14:48:27","slug":"qed-ajufunktsiooni-jaoks","status":"publish","type":"product","link":"https:\/\/purama.lt\/ee\/produktas\/qed-smegenu-veiklai\/","title":{"rendered":"QED Aju aktiivsus"},"content":{"rendered":"<p><strong>Tarbimine<\/strong><br>V\u00f5tke 2 kapslit hommikul v\u00f5i p\u00e4eva jooksul koos veega.<br>J\u00e4rjepideva tulemuse saavutamiseks on soovitatav kasutada regulaarselt<br>Mitte \u00fcletada soovitatud p\u00e4evast kogust; toidulisandit ei tohi kasutada toidu asendajana; ei ole m\u00f5eldud lastele.<\/p>\n\n\n\n<p><strong>Koostisosad<\/strong><br>l\u00f5virohi (hericium erinaceus) seene viljakeha ekstrakt, koliinbitartraat, rodioola rosea ekstrakt (standarditud 3 % rosaviinide ja 1 % salidroside), \u017een\u0161enni (panax ginseng) ekstrakt (standardiseeritud 5 % \u017een\u0161eniidide suhtes), fosfatid\u00fc\u00fclseriin (p\u00e4evalille letsitiinist), h\u00fcdroks\u00fcprop\u00fc\u00fclmet\u00fc\u00fcltselluloos (kapslikest), mikrokristalliline tselluloos, vitamiin b1 (tiamiin), magneesiumstearaat, vitamiin b6 (p\u00fcridoksaal-5-fosfaat), vitamiin b9 (l-met\u00fc\u00fclfolaat), vitamiin b12 (met\u00fc\u00fclkobalamiin).<\/p>","protected":false},"excerpt":{"rendered":"<p data-start=\"0\" data-end=\"735\"><strong data-start=\"16\" data-end=\"43\">QED Brain Booster<\/strong> toidulisand, mille on v\u00e4lja t\u00f6\u00f6tanud <strong data-start=\"70\" data-end=\"156\">j\u00e4rjepidev vaimne j\u00f5udlus, keskendumine ja igap\u00e4evane ps\u00fchholoogiline tasakaal<\/strong> toetus. Valem p\u00f5hineb <strong data-start=\"193\" data-end=\"224\">Vitamiinid B1, B6, B9 ja B12<\/strong>, mis aitavad kaasa <strong data-start=\"247\" data-end=\"283\">n\u00e4rvis\u00fcsteemi normaalne toimimine<\/strong> ja <strong data-start=\"287\" data-end=\"324\">normaalsed ps\u00fchholoogilised funktsioonid<\/strong>. Kompleksi t\u00e4iendab <strong data-start=\"344\" data-end=\"356\">Koliin<\/strong> (lipiidide ja homots\u00fcsteiini ainevahetus ja maksafunktsioon), <strong data-start=\"414\" data-end=\"435\">fosfatid\u00fc\u00fclseriin<\/strong> ja taimsed komponendid - <strong data-start=\"464\" data-end=\"487\">roosa rodioola<\/strong> ja <strong data-start=\"492\" data-end=\"512\">\u017een\u0161enn<\/strong> Ekstraktid, mida traditsiooniliselt hinnatakse kognitiivsete funktsioonide ja m\u00e4lu toetamiseks intensiivses elutempos. Lisaks lisatud <strong data-start=\"644\" data-end=\"680\">L\u00f5vi\u00f5unaseene<\/strong> puuviljakehade ekstrakt - idamaade traditsioonis h\u00e4sti tuntud.<\/p>\n<p data-start=\"737\" data-end=\"1012\"><strong data-start=\"737\" data-end=\"760\">Miks valida<\/strong><br data-start=\"760\" data-end=\"763\" \/><strong data-start=\"763\" data-end=\"769\">\u2714\ufe0f<\/strong> b vitamiinid n\u00e4rvis\u00fcsteemi ja ps\u00fchholoogilise funktsiooni jaoks<br data-start=\"830\" data-end=\"833\" \/><strong data-start=\"833\" data-end=\"839\">\u2714\ufe0f<\/strong> koliini ja fosfatid\u00fc\u00fclseriini igap\u00e4evaseks vaimseks tegevuseks<br data-start=\"893\" data-end=\"896\" \/><strong data-start=\"896\" data-end=\"902\">\u2714\ufe0f<\/strong> Rhodiola ja \u017een\u0161enni ekstraktid intensiivsete perioodide toetamiseks<br data-start=\"964\" data-end=\"967\" \/><strong data-start=\"967\" data-end=\"973\">\u2714\ufe0f<\/strong> l\u00e4bipaistev koostis ilma ebavajalike lisaaineteta<\/p>","protected":false},"featured_media":46124,"comment_status":"open","ping_status":"closed","template":"","meta":{"_acf_changed":true},"product_brand":[495],"product_cat":[256,257,500,123,258],"product_tag":[],"class_list":{"0":"post-46121","1":"product","2":"type-product","3":"status-publish","4":"has-post-thumbnail","6":"product_brand-qed","7":"product_cat-smegenims-ir-atminciai","8":"product_cat-atmintis-ir-demesys","9":"product_cat-outlet","10":"product_cat-papildai-ilgaamziskumui","11":"product_cat-smegenu-apsauga","13":"first","14":"instock","15":"sale","16":"shipping-taxable","17":"purchasable","18":"product-type-simple"},"acf":[],"tiered_pricing_type":"fixed","tiered_pricing_fixed_rules":[],"tiered_pricing_product_settings":{"layout":"default","base_unit_name":{"singular":null,"plural":null},"default_variation":null},"tiered_pricing_minimum_quantity":null,"tiered_pricing_roles_data":[],"tiered_pricing_percentage_rules":[],"_links":{"self":[{"href":"https:\/\/purama.lt\/ee\/wp-json\/wp\/v2\/product\/46121","targetHints":{"allow":["GET"]}}],"collection":[{"href":"https:\/\/purama.lt\/ee\/wp-json\/wp\/v2\/product"}],"about":[{"href":"https:\/\/purama.lt\/ee\/wp-json\/wp\/v2\/types\/product"}],"replies":[{"embeddable":true,"href":"https:\/\/purama.lt\/ee\/wp-json\/wp\/v2\/comments?post=46121"}],"wp:featuredmedia":[{"embeddable":true,"href":"https:\/\/purama.lt\/ee\/wp-json\/wp\/v2\/media\/46124"}],"wp:attachment":[{"href":"https:\/\/purama.lt\/ee\/wp-json\/wp\/v2\/media?parent=46121"}],"wp:term":[{"taxonomy":"product_brand","embeddable":true,"href":"https:\/\/purama.lt\/ee\/wp-json\/wp\/v2\/product_brand?post=46121"},{"taxonomy":"product_cat","embeddable":true,"href":"https:\/\/purama.lt\/ee\/wp-json\/wp\/v2\/product_cat?post=46121"},{"taxonomy":"product_tag","embeddable":true,"href":"https:\/\/purama.lt\/ee\/wp-json\/wp\/v2\/product_tag?post=46121"}],"curies":[{"name":"wp","href":"https:\/\/api.w.org\/{rel}","templated":true}]}}