{"id":46120,"date":"2026-02-18T09:09:30","date_gmt":"2026-02-18T07:09:30","guid":{"rendered":"https:\/\/purama.lt\/produktas\/qed-nad-palaikymui\/"},"modified":"2026-03-30T18:49:16","modified_gmt":"2026-03-30T16:49:16","slug":"qed-toetuse-saamiseks","status":"publish","type":"product","link":"https:\/\/purama.lt\/ee\/produktas\/qed-nad-palaikymui\/","title":{"rendered":"QED NAD+ toetuseks"},"content":{"rendered":"<p><strong>Tarbimine<\/strong><br>V\u00f5tke 2 kapslit hommikul koos veega<br>\u00c4rge \u00fcletage soovitatud p\u00e4evast annust; mitte lastele.<br>Toidulisandit ei tohiks kasutada toidu asendajana; oluline on mitmekesine ja tasakaalustatud toitumine ja tervislik eluviis.<\/p>\n\n\n\n<p><strong>Koostisosad<\/strong><br>beeta-nikotiinamiidadeniindinukleotiid (nad+), nikotiinamiidribosiidkloriid, h\u00fcdroks\u00fcprop\u00fc\u00fclmet\u00fc\u00fcltselluloos (kapslikest), mikrokristalliline tselluloos, magneesiumstearaat.<\/p>","protected":false},"excerpt":{"rendered":"<p data-start=\"0\" data-end=\"755\"><strong data-start=\"16\" data-end=\"41\">QED NAD Booster<\/strong> toidulisand neile, kes soovivad oma p\u00e4evarutiini sihip\u00e4raselt t\u00e4iendada ainetega, mis on seotud <strong data-start=\"151\" data-end=\"173\">energia ainevahetus<\/strong>. Valem \u00fchendab <strong data-start=\"194\" data-end=\"225\">nikotiinamiidribosiid (NR)<\/strong> ja <strong data-start=\"229\" data-end=\"279\">beeta-nikotiinamiid-adeniindinukleotiid (NAD\u207a)<\/strong>; samas kui NR on <strong data-start=\"296\" data-end=\"327\">B3-vitamiini (niatsiin) vorm.<\/strong>, p\u00f5hineb niatsiini ametlikult heakskiidetud omadustel: aitab s\u00e4ilitada <strong data-start=\"404\" data-end=\"435\">normaalne energia ainevahetus<\/strong>, aidates kaasa <strong data-start=\"452\" data-end=\"488\">n\u00e4rvis\u00fcsteemi normaalne toimimine<\/strong>, aidates s\u00e4ilitada <strong data-start=\"507\" data-end=\"541\">normaalne ps\u00fchholoogiline funktsioon<\/strong> ja aitab <strong data-start=\"552\" data-end=\"593\">v\u00e4hendada v\u00e4simust ja v\u00e4simustunnet<\/strong>. L\u00e4bipaistev koostis ilma suhkru ja v\u00e4rvaineta, mugav lisada hommikul; 2 kapslit portsjoni kohta sisaldab <strong data-start=\"684\" data-end=\"699\">NAD\u207a 200 mg<\/strong> ja <strong data-start=\"703\" data-end=\"716\">NR 150 mg<\/strong>.<\/p>\n<p data-start=\"757\" data-end=\"1075\"><strong data-start=\"757\" data-end=\"780\">Miks valida<\/strong><br data-start=\"780\" data-end=\"783\" \/><strong data-start=\"783\" data-end=\"789\">\u2714\ufe0f<\/strong> nr (b3-vitamiini vorm) - energia ainevahetuse, n\u00e4rvis\u00fcsteemi ja ps\u00fchholoogiliste funktsioonide jaoks.<br data-start=\"877\" data-end=\"880\" \/><strong data-start=\"880\" data-end=\"886\">\u2714\ufe0f<\/strong> nad\u207a ja nr kombinatsioon sihip\u00e4raseks igap\u00e4evaseks t\u00e4iendamiseks<br data-start=\"938\" data-end=\"941\" \/><strong data-start=\"941\" data-end=\"947\">\u2714\ufe0f<\/strong> selgelt m\u00e4\u00e4ratletud toimeained portsjoni kohta<br data-start=\"998\" data-end=\"1001\" \/><strong data-start=\"1001\" data-end=\"1007\">\u2714\ufe0f<\/strong> L\u00e4bipaistev koostis ilma suhkru- ja v\u00e4rvaineteta<br data-start=\"1046\" data-end=\"1049\" \/><strong data-start=\"1049\" data-end=\"1055\">\u2714\ufe0f<\/strong> Mugav kasutada hommikuti<\/p>","protected":false},"featured_media":46123,"comment_status":"open","ping_status":"closed","template":"","meta":{"_acf_changed":true},"product_brand":[495],"product_cat":[123,251,122,248,500,250],"product_tag":[],"class_list":{"0":"post-46120","1":"product","2":"type-product","3":"status-publish","4":"has-post-thumbnail","6":"product_brand-qed","7":"product_cat-papildai-ilgaamziskumui","8":"product_cat-antioksidantai","9":"product_cat-lasteliu-jaunystei","10":"product_cat-nad-ir-mitochondrijos","11":"product_cat-outlet","12":"product_cat-telomeru-ir-dnr-apsauga","14":"first","15":"instock","16":"sale","17":"featured","18":"shipping-taxable","19":"purchasable","20":"product-type-simple"},"acf":[],"tiered_pricing_type":"fixed","tiered_pricing_fixed_rules":[],"tiered_pricing_product_settings":{"layout":"default","base_unit_name":{"singular":null,"plural":null},"default_variation":null},"tiered_pricing_minimum_quantity":null,"tiered_pricing_roles_data":[],"tiered_pricing_percentage_rules":[],"_links":{"self":[{"href":"https:\/\/purama.lt\/ee\/wp-json\/wp\/v2\/product\/46120","targetHints":{"allow":["GET"]}}],"collection":[{"href":"https:\/\/purama.lt\/ee\/wp-json\/wp\/v2\/product"}],"about":[{"href":"https:\/\/purama.lt\/ee\/wp-json\/wp\/v2\/types\/product"}],"replies":[{"embeddable":true,"href":"https:\/\/purama.lt\/ee\/wp-json\/wp\/v2\/comments?post=46120"}],"wp:featuredmedia":[{"embeddable":true,"href":"https:\/\/purama.lt\/ee\/wp-json\/wp\/v2\/media\/46123"}],"wp:attachment":[{"href":"https:\/\/purama.lt\/ee\/wp-json\/wp\/v2\/media?parent=46120"}],"wp:term":[{"taxonomy":"product_brand","embeddable":true,"href":"https:\/\/purama.lt\/ee\/wp-json\/wp\/v2\/product_brand?post=46120"},{"taxonomy":"product_cat","embeddable":true,"href":"https:\/\/purama.lt\/ee\/wp-json\/wp\/v2\/product_cat?post=46120"},{"taxonomy":"product_tag","embeddable":true,"href":"https:\/\/purama.lt\/ee\/wp-json\/wp\/v2\/product_tag?post=46120"}],"curies":[{"name":"wp","href":"https:\/\/api.w.org\/{rel}","templated":true}]}}