{"id":46119,"date":"2026-02-18T09:09:29","date_gmt":"2026-02-18T07:09:29","guid":{"rendered":"https:\/\/purama.lt\/produktas\/qed-miego-kokybei\/"},"modified":"2026-04-14T16:07:28","modified_gmt":"2026-04-14T14:07:28","slug":"qed-une-kvaliteedi-jaoks","status":"publish","type":"product","link":"https:\/\/purama.lt\/ee\/produktas\/qed-miego-kokybei\/","title":{"rendered":"QED Sleep une kvaliteedi jaoks"},"content":{"rendered":"<p><strong>Tarbimine<\/strong><br>V\u00f5tke 2 kapslit \u00f5htul koos veega<br>Soovitatav regulaarseks kasutamiseks<br>\u00c4rge \u00fcletage soovitatud p\u00e4evast annust; mitte lastele.<\/p>\n\n\n\n<p><strong>Koostisosad<\/strong><br>magneesium bisgl\u00fctsinaat, gaba (gamma-aminov\u00f5ihape), h\u00fcdroks\u00fcprop\u00fc\u00fclmet\u00fc\u00fcltselluloos (kapslikest), mikrokristalliline tselluloos, apigeniin (98 % standardiseeritud kummeli ekstrakt), magneesiumstearaat.<\/p>","protected":false},"excerpt":{"rendered":"<p data-start=\"0\" data-end=\"716\"><strong data-start=\"16\" data-end=\"35\">QED Sleep<\/strong> toidulisand \u00f5htuseks rutiiniks, mis on m\u00f5eldud selleks, et aidata <strong data-start=\"84\" data-end=\"132\">sujuvalt \u201el\u00fclitada\u201c oma keha puhkere\u017eiimi<\/strong> ilma kunstliku stimulatsioonita. Valem \u00fchendab endas <strong data-start=\"180\" data-end=\"213\">Magneesium (magneesium bisgl\u00fctsinaat)<\/strong>, <strong data-start=\"215\" data-end=\"223\">gaba<\/strong> ja <strong data-start=\"227\" data-end=\"264\">apigeniin kummeli ekstraktist<\/strong> - See on ideaalne kombinatsioon, kui soovite p\u00e4rast pingelist p\u00e4eva rahuneda ja teie m\u00f5tted on ikka veel p\u00f6\u00f6rased. Magneesium aitab kaasa <strong data-start=\"373\" data-end=\"409\">n\u00e4rvis\u00fcsteemi normaalne toimimine<\/strong> ja <strong data-start=\"413\" data-end=\"450\">normaalsed ps\u00fchholoogilised funktsioonid<\/strong>, samuti aitab <strong data-start=\"468\" data-end=\"508\">v\u00e4hendada v\u00e4simust ja v\u00e4simustunnet<\/strong>. Lisand on <strong data-start=\"523\" data-end=\"540\">ilma melatoniinita<\/strong>, mis teeb selle mugavaks neile, kes otsivad pehmemat \u00f5htust rituaali. L\u00fchike neutraalne \u00fclevaade: <strong data-start=\"627\" data-end=\"651\">magneesium bisgl\u00fctsinaat<\/strong> hinnatakse sageli selle hea talutavuse ja biosaadavuse t\u00f5ttu.<\/p>\n<p data-start=\"718\" data-end=\"1025\"><strong data-start=\"718\" data-end=\"741\">Miks valida<\/strong><br data-start=\"741\" data-end=\"744\" \/><strong data-start=\"744\" data-end=\"750\">\u2714\ufe0f<\/strong> melatoniinivaba - \u00f5rn \u00f5htune rituaal<br data-start=\"790\" data-end=\"793\" \/><strong data-start=\"793\" data-end=\"799\">\u2714\ufe0f<\/strong> magneesium toetab n\u00e4rvis\u00fcsteemi toimimist ja ps\u00fchholoogilist funktsiooni<br data-start=\"861\" data-end=\"864\" \/><strong data-start=\"864\" data-end=\"870\">\u2714\ufe0f<\/strong> aitab v\u00e4hendada v\u00e4simust ja v\u00e4simustunnet<br data-start=\"914\" data-end=\"917\" \/><strong data-start=\"917\" data-end=\"923\">\u2714\ufe0f<\/strong> gaba ja apigeniin - \u00f5htuse uinakutse jaoks<br data-start=\"972\" data-end=\"975\" \/><strong data-start=\"975\" data-end=\"981\">\u2714\ufe0f<\/strong> ei sisalda suhkrut, v\u00e4rvaineid ega tarbetuid lisaaineid.<\/p>","protected":false},"featured_media":46128,"comment_status":"open","ping_status":"closed","template":"","meta":{"_acf_changed":false},"product_brand":[495],"product_cat":[271,500,123,269],"product_tag":[],"class_list":{"0":"post-46119","1":"product","2":"type-product","3":"status-publish","4":"has-post-thumbnail","6":"product_brand-qed","7":"product_cat-miego-kokybe","8":"product_cat-outlet","9":"product_cat-papildai-ilgaamziskumui","10":"product_cat-stresui-ir-miegui","12":"first","13":"instock","14":"sale","15":"shipping-taxable","16":"purchasable","17":"product-type-simple"},"acf":[],"tiered_pricing_type":"fixed","tiered_pricing_fixed_rules":[],"tiered_pricing_product_settings":{"layout":"default","base_unit_name":{"singular":null,"plural":null},"default_variation":null},"tiered_pricing_minimum_quantity":null,"tiered_pricing_roles_data":[],"tiered_pricing_percentage_rules":[],"_links":{"self":[{"href":"https:\/\/purama.lt\/ee\/wp-json\/wp\/v2\/product\/46119","targetHints":{"allow":["GET"]}}],"collection":[{"href":"https:\/\/purama.lt\/ee\/wp-json\/wp\/v2\/product"}],"about":[{"href":"https:\/\/purama.lt\/ee\/wp-json\/wp\/v2\/types\/product"}],"replies":[{"embeddable":true,"href":"https:\/\/purama.lt\/ee\/wp-json\/wp\/v2\/comments?post=46119"}],"wp:featuredmedia":[{"embeddable":true,"href":"https:\/\/purama.lt\/ee\/wp-json\/wp\/v2\/media\/46128"}],"wp:attachment":[{"href":"https:\/\/purama.lt\/ee\/wp-json\/wp\/v2\/media?parent=46119"}],"wp:term":[{"taxonomy":"product_brand","embeddable":true,"href":"https:\/\/purama.lt\/ee\/wp-json\/wp\/v2\/product_brand?post=46119"},{"taxonomy":"product_cat","embeddable":true,"href":"https:\/\/purama.lt\/ee\/wp-json\/wp\/v2\/product_cat?post=46119"},{"taxonomy":"product_tag","embeddable":true,"href":"https:\/\/purama.lt\/ee\/wp-json\/wp\/v2\/product_tag?post=46119"}],"curies":[{"name":"wp","href":"https:\/\/api.w.org\/{rel}","templated":true}]}}