{"id":46118,"date":"2026-02-18T09:09:28","date_gmt":"2026-02-18T07:09:28","guid":{"rendered":"https:\/\/purama.lt\/produktas\/qed-energijos-palaikymui\/"},"modified":"2026-03-30T18:49:16","modified_gmt":"2026-03-30T16:49:16","slug":"qed-energiatoetuseks","status":"publish","type":"product","link":"https:\/\/purama.lt\/ee\/produktas\/qed-energijos-palaikymui\/","title":{"rendered":"QED Energiatoetuseks"},"content":{"rendered":"<p><strong>Tarbimine<\/strong><br>V\u00f5tke 2 kapslit hommikul v\u00f5i enne tegevust koos veega.<br>\u00c4rge \u00fcletage soovitatud p\u00e4evast annust; toidulisandit ei tohi kasutada toidu asendajana; hoidke lastele k\u00e4ttesaamatus kohas.<br>Kui olete rase, toidate last rinnaga v\u00f5i v\u00f5tate ravimeid - konsulteerige enne kasutamist oma arsti v\u00f5i apteekriga.<\/p>\n\n\n\n<p><strong>Koostisosad<\/strong><br>Cordyceps sinensis seene viljakeha ekstrakt (standarditud 30 % pol\u00fcsahhariidini), camellia sinensis ekstrakt (standarditud 98 % l-teaniini), h\u00fcdroks\u00fcprop\u00fc\u00fclmet\u00fc\u00fcltselluloos, mikrokristalliline tselluloos, niatsiinamiid (vitamiin b3), p\u00fcridoksiinvesinikkloriid (vitamiin b6), magneesiumstearaat, ts\u00fcanokobalamiin (vitamiin b12).<\/p>","protected":false},"excerpt":{"rendered":"<p data-start=\"0\" data-end=\"613\"><strong data-start=\"16\" data-end=\"36\">QED Energia<\/strong> toidulisand igap\u00e4evase tempo jaoks, kui soovid <strong data-start=\"83\" data-end=\"120\">\u00fchtlane energia ja kontsentratsioon<\/strong> ilma \u201ej\u00e4rskude h\u00fcpeteta\u201c. Valem \u00fchendab endas <strong data-start=\"159\" data-end=\"181\">Cordyceps sinensis<\/strong> v\u00e4ljav\u00f5te, <strong data-start=\"193\" data-end=\"227\">L-teaniin rohelisest teest<\/strong> ja vitamiinid <strong data-start=\"241\" data-end=\"256\">B3, B6, B12<\/strong>, mis aitavad kaasa <strong data-start=\"279\" data-end=\"312\">normaalne energia ainevahetus<\/strong>, <strong data-start=\"314\" data-end=\"340\">n\u00e4rvis\u00fcsteemi aktiivsus<\/strong> ja <strong data-start=\"344\" data-end=\"371\">ps\u00fchholoogilised funktsioonid<\/strong> hooldus ja B12 aitab v\u00e4hendada <strong data-start=\"404\" data-end=\"436\">v\u00e4simustunne ja v\u00e4simus<\/strong>. Ei mingit suhkrut ega kunstlikke v\u00e4rvaineid - ainult sihip\u00e4rased aktiivsed koostisosad, mis sobivad aktiivse eluviisiga t\u00e4iskasvanutele.<\/p>\n<p data-start=\"615\" data-end=\"870\"><strong data-start=\"615\" data-end=\"638\">Miks valida<\/strong><br data-start=\"638\" data-end=\"641\" \/><strong data-start=\"641\" data-end=\"647\">\u2714\ufe0f<\/strong> cordyceps'i ja l-teaniini kombinatsioon sujuvamaks p\u00e4evar\u00fctmiks<br data-start=\"704\" data-end=\"707\" \/><strong data-start=\"707\" data-end=\"713\">\u2714\ufe0f<\/strong> b-vitamiinid energia ainevahetuse ja n\u00e4rvis\u00fcsteemi jaoks<br data-start=\"770\" data-end=\"773\" \/><strong data-start=\"773\" data-end=\"779\">\u2714\ufe0f<\/strong> b12 aitab v\u00e4hendada v\u00e4simust ja v\u00e4simust.<br data-start=\"827\" data-end=\"830\" \/><strong data-start=\"830\" data-end=\"836\">\u2714\ufe0f<\/strong> suhkruvaba, ilma kunstlike v\u00e4rvaineteta<\/p>","protected":false},"featured_media":46129,"comment_status":"open","ping_status":"closed","template":"","meta":{"_acf_changed":true},"product_brand":[495],"product_cat":[263,260,262,500,123],"product_tag":[],"class_list":{"0":"post-46118","1":"product","2":"type-product","3":"status-publish","4":"has-post-thumbnail","6":"product_brand-qed","7":"product_cat-fizine-istverme","8":"product_cat-energijai-ir-apykaitai","9":"product_cat-medziagu-apykaita","10":"product_cat-outlet","11":"product_cat-papildai-ilgaamziskumui","13":"first","14":"instock","15":"sale","16":"shipping-taxable","17":"purchasable","18":"product-type-simple"},"acf":[],"tiered_pricing_type":"fixed","tiered_pricing_fixed_rules":[],"tiered_pricing_product_settings":{"layout":"default","base_unit_name":{"singular":null,"plural":null},"default_variation":null},"tiered_pricing_minimum_quantity":null,"tiered_pricing_roles_data":[],"tiered_pricing_percentage_rules":[],"_links":{"self":[{"href":"https:\/\/purama.lt\/ee\/wp-json\/wp\/v2\/product\/46118","targetHints":{"allow":["GET"]}}],"collection":[{"href":"https:\/\/purama.lt\/ee\/wp-json\/wp\/v2\/product"}],"about":[{"href":"https:\/\/purama.lt\/ee\/wp-json\/wp\/v2\/types\/product"}],"replies":[{"embeddable":true,"href":"https:\/\/purama.lt\/ee\/wp-json\/wp\/v2\/comments?post=46118"}],"wp:featuredmedia":[{"embeddable":true,"href":"https:\/\/purama.lt\/ee\/wp-json\/wp\/v2\/media\/46129"}],"wp:attachment":[{"href":"https:\/\/purama.lt\/ee\/wp-json\/wp\/v2\/media?parent=46118"}],"wp:term":[{"taxonomy":"product_brand","embeddable":true,"href":"https:\/\/purama.lt\/ee\/wp-json\/wp\/v2\/product_brand?post=46118"},{"taxonomy":"product_cat","embeddable":true,"href":"https:\/\/purama.lt\/ee\/wp-json\/wp\/v2\/product_cat?post=46118"},{"taxonomy":"product_tag","embeddable":true,"href":"https:\/\/purama.lt\/ee\/wp-json\/wp\/v2\/product_tag?post=46118"}],"curies":[{"name":"wp","href":"https:\/\/api.w.org\/{rel}","templated":true}]}}