{"id":46094,"date":"2026-02-17T13:45:25","date_gmt":"2026-02-17T11:45:25","guid":{"rendered":"https:\/\/purama.lt\/?post_type=product&#038;p=46094"},"modified":"2026-04-06T23:01:09","modified_gmt":"2026-04-06T21:01:09","slug":"purama-vaskne-korpusetihend","status":"publish","type":"product","link":"https:\/\/purama.lt\/ee\/produktas\/purama-varinis-kuno-sepetys\/","title":{"rendered":"Purama Copper kehahari"},"content":{"rendered":"<p><strong>Kasutamine<\/strong><br>Alustage kuiva nahaga (tavaliselt enne du\u0161i all k\u00e4imist v\u00f5i \u00f5htul enne vanni).<br>H\u00f5\u00f5ruge pikkade, \u00fchtlaste liigutustega s\u00fcdame suunas, alustades jalgadest; h\u00f5\u00f5ruge v\u00e4ga \u00f5rnalt v\u00f5i v\u00e4ltige tundlikke piirkondi.<br>P\u00e4rast t\u00f6\u00f6tlemist peske ja kandke keha\u00f5li\/kreemi; puhastage harjad perioodiliselt ja \u00e4rge niisutage puidust alust.<\/p>","protected":false},"excerpt":{"rendered":"<p data-start=\"0\" data-end=\"565\"><strong data-start=\"16\" data-end=\"48\">Copper Body Brush-<\/strong> Ioniseeritud vasest kehahari kuivaks koorimiseks, et siluda ja elustada nahka igap\u00e4evase rituaaliga. Regulaarsel kasutamisel aitab see eemaldada surnud naharakud, <strong data-start=\"215\" data-end=\"248\">parandab naha pehmust<\/strong>, v\u00f5ib aidata kaasa <strong data-start=\"270\" data-end=\"297\">siledam naha tekstuur<\/strong> ja <strong data-start=\"301\" data-end=\"340\">tselluliidi m\u00e4rkide n\u00e4htavuse v\u00e4hendamine<\/strong>, ja liigutusi s\u00fcdame suunas seostatakse traditsiooniliselt l\u00fcmfivoolu ja vereringe stimuleerimisega. V\u00e4idetavalt tekitab h\u00f5\u00f5rdumine vaskharjade ja naha vahel negatiivseid ioone, mis on selle harjarituaali ainulaadne element.<\/p>\n<p data-start=\"567\" data-end=\"904\"><strong data-start=\"567\" data-end=\"590\">Miks valida<\/strong><br data-start=\"590\" data-end=\"593\" \/><strong data-start=\"593\" data-end=\"599\">\u2714\ufe0f<\/strong> Ioniseeritud vaskharjad - teie kuiva k\u00fc\u00fcrimisrutiini tipphetk<br data-start=\"674\" data-end=\"677\" \/><strong data-start=\"677\" data-end=\"683\">\u2714\ufe0f<\/strong> Sobib kuivalt koorimiseks enne du\u0161i all k\u00e4imist v\u00f5i suplemist.<br data-start=\"726\" data-end=\"729\" \/><strong data-start=\"729\" data-end=\"735\">\u2714\ufe0f<\/strong> aitab koorida nahka ja j\u00e4tab selle siledamaks<br data-start=\"784\" data-end=\"787\" \/><strong data-start=\"787\" data-end=\"793\">\u2714\ufe0f<\/strong> liigutused s\u00fcdame suunas - kasulikud l\u00fcmfidrenaa\u017ei t\u00fc\u00fcpi enesemassaa\u017eiks<br data-start=\"858\" data-end=\"861\" \/><strong data-start=\"861\" data-end=\"867\">\u2714\ufe0f<\/strong> lihtne lisada oma igap\u00e4evasesse rituaali<\/p>","protected":false},"featured_media":46095,"comment_status":"open","ping_status":"closed","template":"","meta":{"_acf_changed":false},"product_brand":[405],"product_cat":[92,57,382,300],"product_tag":[],"class_list":{"0":"post-46094","1":"product","2":"type-product","3":"status-publish","4":"has-post-thumbnail","6":"product_brand-purama","7":"product_cat-groziui","8":"product_cat-akcijos","9":"product_cat-kuno-sveitikliai","10":"product_cat-kunui","12":"first","13":"instock","14":"shipping-taxable","15":"purchasable","16":"product-type-simple"},"acf":[],"tiered_pricing_type":"fixed","tiered_pricing_fixed_rules":[],"tiered_pricing_product_settings":{"layout":"default","base_unit_name":{"singular":null,"plural":null},"default_variation":null},"tiered_pricing_minimum_quantity":null,"tiered_pricing_roles_data":[],"tiered_pricing_percentage_rules":[],"_links":{"self":[{"href":"https:\/\/purama.lt\/ee\/wp-json\/wp\/v2\/product\/46094","targetHints":{"allow":["GET"]}}],"collection":[{"href":"https:\/\/purama.lt\/ee\/wp-json\/wp\/v2\/product"}],"about":[{"href":"https:\/\/purama.lt\/ee\/wp-json\/wp\/v2\/types\/product"}],"replies":[{"embeddable":true,"href":"https:\/\/purama.lt\/ee\/wp-json\/wp\/v2\/comments?post=46094"}],"wp:featuredmedia":[{"embeddable":true,"href":"https:\/\/purama.lt\/ee\/wp-json\/wp\/v2\/media\/46095"}],"wp:attachment":[{"href":"https:\/\/purama.lt\/ee\/wp-json\/wp\/v2\/media?parent=46094"}],"wp:term":[{"taxonomy":"product_brand","embeddable":true,"href":"https:\/\/purama.lt\/ee\/wp-json\/wp\/v2\/product_brand?post=46094"},{"taxonomy":"product_cat","embeddable":true,"href":"https:\/\/purama.lt\/ee\/wp-json\/wp\/v2\/product_cat?post=46094"},{"taxonomy":"product_tag","embeddable":true,"href":"https:\/\/purama.lt\/ee\/wp-json\/wp\/v2\/product_tag?post=46094"}],"curies":[{"name":"wp","href":"https:\/\/api.w.org\/{rel}","templated":true}]}}