{"id":46090,"date":"2026-02-17T12:55:24","date_gmt":"2026-02-17T10:55:24","guid":{"rendered":"https:\/\/purama.lt\/?post_type=product&#038;p=46090"},"modified":"2026-03-10T11:20:52","modified_gmt":"2026-03-10T09:20:52","slug":"jahforlov-kliitori-stimuleeriv-geel","status":"publish","type":"product","link":"https:\/\/purama.lt\/ee\/produktas\/yesforlov-stimuliuojantis-gelis-klitoriui\/","title":{"rendered":"YESforLOV kliitori stimuleeriv geel"},"content":{"rendered":"<p><strong>Kasutamine<\/strong><br>Kandke v\u00e4ike tilk kliitori piirkonda ja masseerige \u00f5rnalt (v\u00f5ite varieerida liigutusi, survet ja r\u00fctmi).<br>Kasutage vastavalt vajadusele enne intiimsust v\u00f5i selle ajal<br>V\u00e4ltida kokkupuudet silmadega; kui tekib \u00e4rritus v\u00f5i allergiline reaktsioon, katkestada kasutamine.<\/p>\n\n\n\n<p><strong>Koostisosad<\/strong><br>aqua (vesi), digl\u00fctseriin, mentha piperita (piparm\u00fcndi) lehe vesi, pentyleengl\u00fckool, sklerotiumkummi, arginiin, h\u00fcdroks\u00fcatsetofenoon, stevia rebaudiana ekstrakt, but\u00fcleengl\u00fckool, karbomeer, 1,2-heksandiool, kapr\u00fc\u00fclgl\u00fckool, gl\u00fctseriin, mentha piperita (piparm\u00fcndi) \u00f5li, prop\u00fcleengl\u00fckool, sidrunhape, rosa gallica \u00f5ieekstrakt, kigelia africana puuviljaekstrakt, naatriumbensoaat, kaaliumsorbaat, limoneen, panax ginseng juurte ekstrakt, naatriumh\u00fcdroksiid, sorbiinhape, rosa damascena \u00f5ie\u00f5li.<\/p>","protected":false},"excerpt":{"rendered":"<p data-start=\"0\" data-end=\"706\"><strong data-start=\"16\" data-end=\"63\">YESforLOV - kliitori erutusgeel<\/strong> \u00f5rn, kontsentreeritud stimuleeriv intiimgeel, mis on v\u00e4lja t\u00f6\u00f6tatud <strong data-start=\"127\" data-end=\"147\">kliitori piirkonna jaoks<\/strong> - et panna puudutus tunduma intensiivsemalt ja \u201el\u00fclitada\u201c erutus kiiremini sisse. Valem pakub meeldivat <strong data-start=\"253\" data-end=\"270\">heat-cool<\/strong> Sellel on v\u00e4rske piparm\u00fcndi l\u00f5hn, see levib kergesti ja ei j\u00e4\u00e4 kleepuma. Sobib nii \u00fcksi kui ka koos partneriga, see on <strong data-start=\"382\" data-end=\"433\">\u00fchildub kondoomide ja seksim\u00e4nguasjadega<\/strong>, ja p\u00f5hineb suurel osakaalul loodusliku p\u00e4ritoluga koostisosadel. L\u00fchike teaduslikult neutraalne toetus: <strong data-start=\"533\" data-end=\"548\">L-arginiin<\/strong> Kosmeetikas seostatakse seda sageli verevoolu tunnetuse aktiveerimisega (l\u00e4mmastikoksiidi s\u00fcnteesi raja kaudu), mist\u00f5ttu v\u00f5ib see stimuleerimise kaudu aidata kaasa tugevamate tunnete tekkimisele.<\/p>\n<p data-start=\"708\" data-end=\"987\"><strong data-start=\"708\" data-end=\"731\">Miks valida<\/strong><br data-start=\"731\" data-end=\"734\" \/><strong data-start=\"734\" data-end=\"740\">\u2714\ufe0f<\/strong> soojuse-jahutuse efekt intensiivsemate tunnete saavutamiseks<br data-start=\"788\" data-end=\"791\" \/><strong data-start=\"791\" data-end=\"797\">\u2714\ufe0f<\/strong> kontsentreeritud valem - v\u00e4ike tilk on piisav<br data-start=\"841\" data-end=\"844\" \/><strong data-start=\"844\" data-end=\"850\">\u2714\ufe0f<\/strong> \u00fchildub kondoomide ja seksim\u00e4nguasjadega<br data-start=\"898\" data-end=\"901\" \/><strong data-start=\"901\" data-end=\"907\">\u2714\ufe0f<\/strong> v\u00e4rske piparm\u00fcndi aroom ja tunne<br data-start=\"945\" data-end=\"948\" \/><strong data-start=\"948\" data-end=\"954\">\u2714\ufe0f<\/strong> dermatoloogiliselt testitud koostis<\/p>","protected":false},"featured_media":46091,"comment_status":"open","ping_status":"closed","template":"","meta":{"_acf_changed":true},"product_brand":[],"product_cat":[276,278],"product_tag":[],"class_list":{"0":"post-46090","1":"product","2":"type-product","3":"status-publish","4":"has-post-thumbnail","6":"product_cat-seksualinei-sveikatai","7":"product_cat-moterims","9":"first","10":"instock","11":"shipping-taxable","12":"purchasable","13":"product-type-simple"},"acf":[],"tiered_pricing_type":"fixed","tiered_pricing_fixed_rules":[],"tiered_pricing_product_settings":{"layout":"default","base_unit_name":{"singular":null,"plural":null},"default_variation":null},"tiered_pricing_minimum_quantity":null,"tiered_pricing_roles_data":[],"tiered_pricing_percentage_rules":[],"_links":{"self":[{"href":"https:\/\/purama.lt\/ee\/wp-json\/wp\/v2\/product\/46090","targetHints":{"allow":["GET"]}}],"collection":[{"href":"https:\/\/purama.lt\/ee\/wp-json\/wp\/v2\/product"}],"about":[{"href":"https:\/\/purama.lt\/ee\/wp-json\/wp\/v2\/types\/product"}],"replies":[{"embeddable":true,"href":"https:\/\/purama.lt\/ee\/wp-json\/wp\/v2\/comments?post=46090"}],"wp:featuredmedia":[{"embeddable":true,"href":"https:\/\/purama.lt\/ee\/wp-json\/wp\/v2\/media\/46091"}],"wp:attachment":[{"href":"https:\/\/purama.lt\/ee\/wp-json\/wp\/v2\/media?parent=46090"}],"wp:term":[{"taxonomy":"product_brand","embeddable":true,"href":"https:\/\/purama.lt\/ee\/wp-json\/wp\/v2\/product_brand?post=46090"},{"taxonomy":"product_cat","embeddable":true,"href":"https:\/\/purama.lt\/ee\/wp-json\/wp\/v2\/product_cat?post=46090"},{"taxonomy":"product_tag","embeddable":true,"href":"https:\/\/purama.lt\/ee\/wp-json\/wp\/v2\/product_tag?post=46090"}],"curies":[{"name":"wp","href":"https:\/\/api.w.org\/{rel}","templated":true}]}}