{"id":45726,"date":"2026-02-05T14:01:09","date_gmt":"2026-02-05T12:01:09","guid":{"rendered":"https:\/\/purama.lt\/?post_type=product&#038;p=45726"},"modified":"2026-04-23T07:24:34","modified_gmt":"2026-04-23T05:24:34","slug":"kera-queens-juuste-valjalangemise-vahendamise-ja-kasvu-edendamise-spray","status":"publish","type":"product","link":"https:\/\/purama.lt\/ee\/produktas\/kera-queens-plauku-slinkimo-mazinimo-ir-augimo-skatinimo-purskiklis\/","title":{"rendered":"Kera Queen's Booster Capillaire Anti-Chute pihusti juuste v\u00e4ljalangemise vastu"},"content":{"rendered":"<p><strong>Kasutamine<\/strong><br>Kord p\u00e4evas puhastele juustele (kuivadele v\u00f5i niisketele) pihustada 10 korda otse peanahale juurest.<br>Masseerige ringjate liigutustega umbes 1 minut ilma loputamata.<br>Jaotage \u00fcleliigne juuksepikkuses ja kujundage nagu tavaliselt.<\/p>\n\n\n\n<p><strong>Koostisosad<\/strong><br>aqua, zingiber officinale juurteekstrakt, cinnamomum cassia koor, cedrus atlantica koore\u00f5li, allium sativum sibulaekstrakt, mentha piperita \u00f5li, bens\u00fc\u00fclalkohol, bensoehape, deh\u00fcdro\u00e4\u00e4dikhape, tokoferool, limoneen, linalool.<\/p>","protected":false},"excerpt":{"rendered":"<p data-start=\"0\" data-end=\"554\"><strong>Kera Queen\u2019s Booster Capillaire Anti-Chute<\/strong> &#8211; galvos odos pur\u0161kiklis, skirtas <strong data-start=\"119\" data-end=\"146\">v\u00e4hendada juuste v\u00e4ljalangemist<\/strong> ja <strong data-start=\"150\" data-end=\"176\">edendada juuste kasvu<\/strong>. Otse juuredele kandes v\u00e4rskendab see peanahka ilma juukseid raskendamata ja aitab tugevdada juuksemassi tunnet. Looduslike ekstraktide ja eeterlike \u00f5lide (ingver, piparm\u00fcnt, k\u00fc\u00fcslaugu ekstrakt, seedri\u00f5li) kombinatsioon toniseerib, puhastab ja v\u00e4rskendab, samas kui E-vitamiin (tokoferool) toimib antioks\u00fcdandina - seda kasutatakse sageli juuksehooldusvahendites.<\/p>\n<p data-start=\"556\" data-end=\"796\"><strong data-start=\"556\" data-end=\"579\">Miks valida<\/strong><br data-start=\"579\" data-end=\"582\" \/><strong data-start=\"582\" data-end=\"588\">\u2714\ufe0f<\/strong> aitab v\u00e4hendada juuste v\u00e4ljalangemist<br data-start=\"619\" data-end=\"622\" \/><strong data-start=\"622\" data-end=\"628\">\u2714\ufe0f<\/strong> aitab regulaarsel kasutamisel stimuleerida juuste kasvu<br data-start=\"681\" data-end=\"684\" \/><strong data-start=\"684\" data-end=\"690\">\u2714\ufe0f<\/strong> Pihustage juurest - mugav h\u00f5renevatele aladele<br data-start=\"741\" data-end=\"744\" \/><strong data-start=\"744\" data-end=\"750\">\u2714\ufe0f<\/strong> kerge, mitte-rasvane tekstuur, mis ei raskenda juukseid<\/p>","protected":false},"featured_media":45727,"comment_status":"open","ping_status":"closed","template":"","meta":{"_acf_changed":false},"product_brand":[],"product_cat":[304,57,393,92,305],"product_tag":[],"class_list":{"0":"post-45726","1":"product","2":"type-product","3":"status-publish","4":"has-post-thumbnail","6":"product_cat-plaukams","7":"product_cat-akcijos","8":"product_cat-dovanu-idejos","9":"product_cat-groziui","10":"product_cat-plauku-serumai","12":"first","13":"instock","14":"sale","15":"shipping-taxable","16":"purchasable","17":"product-type-simple"},"acf":[],"tiered_pricing_type":"fixed","tiered_pricing_fixed_rules":[],"tiered_pricing_product_settings":{"layout":"default","base_unit_name":{"singular":null,"plural":null},"default_variation":null},"tiered_pricing_minimum_quantity":null,"tiered_pricing_roles_data":[],"tiered_pricing_percentage_rules":[],"_links":{"self":[{"href":"https:\/\/purama.lt\/ee\/wp-json\/wp\/v2\/product\/45726","targetHints":{"allow":["GET"]}}],"collection":[{"href":"https:\/\/purama.lt\/ee\/wp-json\/wp\/v2\/product"}],"about":[{"href":"https:\/\/purama.lt\/ee\/wp-json\/wp\/v2\/types\/product"}],"replies":[{"embeddable":true,"href":"https:\/\/purama.lt\/ee\/wp-json\/wp\/v2\/comments?post=45726"}],"wp:featuredmedia":[{"embeddable":true,"href":"https:\/\/purama.lt\/ee\/wp-json\/wp\/v2\/media\/45727"}],"wp:attachment":[{"href":"https:\/\/purama.lt\/ee\/wp-json\/wp\/v2\/media?parent=45726"}],"wp:term":[{"taxonomy":"product_brand","embeddable":true,"href":"https:\/\/purama.lt\/ee\/wp-json\/wp\/v2\/product_brand?post=45726"},{"taxonomy":"product_cat","embeddable":true,"href":"https:\/\/purama.lt\/ee\/wp-json\/wp\/v2\/product_cat?post=45726"},{"taxonomy":"product_tag","embeddable":true,"href":"https:\/\/purama.lt\/ee\/wp-json\/wp\/v2\/product_tag?post=45726"}],"curies":[{"name":"wp","href":"https:\/\/api.w.org\/{rel}","templated":true}]}}