{"id":45714,"date":"2026-02-05T13:12:01","date_gmt":"2026-02-05T11:12:01","guid":{"rendered":"https:\/\/purama.lt\/produktas\/mimi-ogliarola-dop-ypac-tyras-alyvuogiu-aliejus\/"},"modified":"2026-02-05T14:01:34","modified_gmt":"2026-02-05T12:01:34","slug":"mimi-ogliarola-dop-eriti-puhas-oliivioli","status":"publish","type":"product","link":"https:\/\/purama.lt\/ee\/produktas\/mimi-ogliarola-dop-ypac-tyras-alyvuogiu-aliejus\/","title":{"rendered":"Mimi Ogliarola DOP Ekstra neitsioliivi\u00f5li"},"content":{"rendered":"<p><strong>Kasutamine<\/strong><br>Sobib mahedate roogade jaoks: salatid, kala (ka toores\/ aurutatud), mereannid, keedetud v\u00f5i praetud k\u00f6\u00f6giviljad.<br>Kasutage juba valmistatud roogi viimistlemiseks, et tuua esile maitse.<br>Hoida tihedalt suletuna pimedas ja jahedas kohas.<\/p>\n\n\n\n<p><strong>Koostisosad<\/strong><br>ekstra neitsioliivi\u00f5li (Ogliarola barese oliivid)<\/p>","protected":false},"excerpt":{"rendered":"<p data-start=\"0\" data-end=\"635\"><strong data-start=\"16\" data-end=\"68\">Olio Mim\u00ec - Ogliarola DOP ekstra neitsioliivi\u00f5li<\/strong> DOP-sertifikaadiga ekstra neitsioliivi\u00f5li p\u00e4rit <strong data-start=\"119\" data-end=\"139\">Ogliarola Barese<\/strong> oliivisort, mida iseloomustab <strong data-start=\"172\" data-end=\"198\">heleroheline puuviljane<\/strong> profiil ja elegantne maitse. Aroom paljastab <strong data-start=\"253\" data-end=\"268\">salatilehed<\/strong> ja <strong data-start=\"273\" data-end=\"299\">v\u00e4rskelt niidetud muru<\/strong> noodid ja maitses domineerivad <strong data-start=\"329\" data-end=\"348\">v\u00e4rsked mandlid<\/strong> vihje; kibedus ja teravus on tuntavad, kuid <strong data-start=\"393\" data-end=\"409\">tasakaal<\/strong>. See on ideaalne valik, kui soovite mahedamat, kuid kvaliteetset \u00f5li igap\u00e4evaseks maitsestamiseks ning see on ka <strong data-start=\"519\" data-end=\"541\">rikas pol\u00fcfenoolide poolest<\/strong> (613 mg\/kg) ja seda iseloomustab <strong data-start=\"566\" data-end=\"586\">madal happesus<\/strong> (0,2 %).<\/p>\n<p data-start=\"637\" data-end=\"1159\"><strong data-start=\"637\" data-end=\"660\">Miks valida<\/strong><br data-start=\"660\" data-end=\"663\" \/><strong data-start=\"663\" data-end=\"669\">\u2714\ufe0f<\/strong> DOP sertifitseeritud p\u00e4ritolu (Terra di Bari) <br data-start=\"746\" data-end=\"749\" \/><strong data-start=\"749\" data-end=\"755\">\u2714\ufe0f<\/strong> kergelt roheline puuviljal\u00f5hnaline aroom salati ja niidetud muru nootidega <br data-start=\"862\" data-end=\"865\" \/><strong data-start=\"865\" data-end=\"871\">\u2714\ufe0f<\/strong> maitses on tunda v\u00e4rsket mandli maitset. <br data-start=\"952\" data-end=\"955\" \/><strong data-start=\"955\" data-end=\"961\">\u2714\ufe0f<\/strong> tasakaalustatud kibedus ja kerge v\u00fcrtsikus <br data-start=\"1040\" data-end=\"1043\" \/><strong data-start=\"1043\" data-end=\"1049\">\u2714\ufe0f<\/strong> rikas pol\u00fcfenoolide sisaldus, madal happesus; pressitakse vahetult p\u00e4rast saagikoristust.<\/p>","protected":false},"featured_media":45717,"comment_status":"open","ping_status":"closed","template":"","meta":{"_acf_changed":true},"product_brand":[],"product_cat":[60,298],"product_tag":[],"class_list":{"0":"post-45714","1":"product","2":"type-product","3":"status-publish","4":"has-post-thumbnail","6":"product_cat-mitybai","7":"product_cat-sveikas-maistas","9":"first","10":"instock","11":"shipping-taxable","12":"purchasable","13":"product-type-simple"},"acf":[],"tiered_pricing_type":"fixed","tiered_pricing_fixed_rules":[],"tiered_pricing_product_settings":{"layout":"default","base_unit_name":{"singular":null,"plural":null},"default_variation":null},"tiered_pricing_minimum_quantity":null,"tiered_pricing_roles_data":[],"tiered_pricing_percentage_rules":[],"_links":{"self":[{"href":"https:\/\/purama.lt\/ee\/wp-json\/wp\/v2\/product\/45714","targetHints":{"allow":["GET"]}}],"collection":[{"href":"https:\/\/purama.lt\/ee\/wp-json\/wp\/v2\/product"}],"about":[{"href":"https:\/\/purama.lt\/ee\/wp-json\/wp\/v2\/types\/product"}],"replies":[{"embeddable":true,"href":"https:\/\/purama.lt\/ee\/wp-json\/wp\/v2\/comments?post=45714"}],"wp:featuredmedia":[{"embeddable":true,"href":"https:\/\/purama.lt\/ee\/wp-json\/wp\/v2\/media\/45717"}],"wp:attachment":[{"href":"https:\/\/purama.lt\/ee\/wp-json\/wp\/v2\/media?parent=45714"}],"wp:term":[{"taxonomy":"product_brand","embeddable":true,"href":"https:\/\/purama.lt\/ee\/wp-json\/wp\/v2\/product_brand?post=45714"},{"taxonomy":"product_cat","embeddable":true,"href":"https:\/\/purama.lt\/ee\/wp-json\/wp\/v2\/product_cat?post=45714"},{"taxonomy":"product_tag","embeddable":true,"href":"https:\/\/purama.lt\/ee\/wp-json\/wp\/v2\/product_tag?post=45714"}],"curies":[{"name":"wp","href":"https:\/\/api.w.org\/{rel}","templated":true}]}}