{"id":45713,"date":"2026-02-05T13:11:58","date_gmt":"2026-02-05T11:11:58","guid":{"rendered":"https:\/\/purama.lt\/produktas\/mimi-premium-peranzana-ypac-tyras-alyvuogiu-aliejus\/"},"modified":"2026-04-01T08:48:48","modified_gmt":"2026-04-01T06:48:48","slug":"mimi-premium-peranzana-ekstra-neitsioliivioli","status":"publish","type":"product","link":"https:\/\/purama.lt\/ee\/produktas\/mimi-premium-peranzana-ypac-tyras-alyvuogiu-aliejus\/","title":{"rendered":"Mimi Premium PERANZANA ekstra neitsioliivi\u00f5li"},"content":{"rendered":"<p><strong>Kasutamine<\/strong><br>Tinka <strong>salatite jaoks<\/strong>, k\u00f6\u00f6giviljade eelroogade (crudit\u00e8\/pinzimonio) ja muude k\u00fclmade roogade jaoks<br>Sobib suurep\u00e4raselt kokku <strong>supid<\/strong>, <strong>grillitud kala<\/strong> kaudu. <strong>valge liha<\/strong><br>Kasutage juba valmistatud roogi viimistlusena.<\/p>\n\n\n\n<p><strong>Koostisosad<\/strong><br>ekstra neitsioliivi\u00f5li (peranzana oliivid)<\/p>\n\n\n\n<p><\/p>","protected":false},"excerpt":{"rendered":"<p data-start=\"0\" data-end=\"593\"><strong data-start=\"16\" data-end=\"67\">Mimi \u2014 Premium Peranzana ekstra neitsioliivi\u00f5li<\/strong> v\u00f5i \u00fche sordiga eriti puhas oliivi\u00f5li, mida hinnatakse selle poolest <strong data-start=\"132\" data-end=\"167\">tasakaalustatud, harmoonilise maitsega<\/strong> ja puhta, taimse aroomiga. Sellel on <strong data-start=\"212\" data-end=\"236\">keskmise viljakusega<\/strong>, kokkukogumis <strong data-start=\"249\" data-end=\"291\">rohelise \u00f5una ja tomatilehtede nootidega<\/strong>, kas siiski magusus ja v\u00fcrtsikus j\u00e4\u00e4b kergeks, muutes \u00f5li mugavaks kasutamiseks nii igap\u00e4evaselt kui ka roogade viimistlemiseks. See \u00f5li on valmistatud <strong data-start=\"431\" data-end=\"450\">100 % Peranzana<\/strong> oliivide, ja m\u00e4\u00e4ratud <strong data-start=\"474\" data-end=\"499\">happusid \u2013 0,24 %<\/strong>, mis on omane kvaliteetsele extra virgin oliivi\u00f5lile.<\/p>\n<p data-start=\"595\" data-end=\"898\"><strong data-start=\"595\" data-end=\"618\">Miks valida<\/strong><br data-start=\"618\" data-end=\"621\" \/><strong data-start=\"621\" data-end=\"627\">\u2714\ufe0f<\/strong> 100 % Peranzana alyvuoleid<br data-start=\"653\" data-end=\"656\" \/><strong data-start=\"656\" data-end=\"662\">\u2714\ufe0f<\/strong> Tasakaalustatud ja harmooniline maitse<br data-start=\"698\" data-end=\"701\" \/><strong data-start=\"701\" data-end=\"707\">\u2714\ufe0f<\/strong> Kerge m\u00f5rkjus ja \u00f5rn v\u00fcrtsikus<br data-start=\"749\" data-end=\"752\" \/><strong data-start=\"752\" data-end=\"758\">\u2714\ufe0f<\/strong> Sobib salatitesse, k\u00f6\u00f6giviljadele, kalale ja liharoogadele<br data-start=\"813\" data-end=\"816\" \/><strong data-start=\"816\" data-end=\"822\">\u2714\ufe0f<\/strong>\u00a0 Madal happesus \u2013 0,24 %<\/p>","protected":false},"featured_media":45721,"comment_status":"open","ping_status":"closed","template":"","meta":{"_acf_changed":true},"product_brand":[],"product_cat":[60,298],"product_tag":[],"class_list":{"0":"post-45713","1":"product","2":"type-product","3":"status-publish","4":"has-post-thumbnail","6":"product_cat-mitybai","7":"product_cat-sveikas-maistas","9":"first","10":"instock","11":"shipping-taxable","12":"purchasable","13":"product-type-simple"},"acf":[],"tiered_pricing_type":"fixed","tiered_pricing_fixed_rules":[],"tiered_pricing_product_settings":{"layout":"default","base_unit_name":{"singular":null,"plural":null},"default_variation":null},"tiered_pricing_minimum_quantity":null,"tiered_pricing_roles_data":[],"tiered_pricing_percentage_rules":[],"_links":{"self":[{"href":"https:\/\/purama.lt\/ee\/wp-json\/wp\/v2\/product\/45713","targetHints":{"allow":["GET"]}}],"collection":[{"href":"https:\/\/purama.lt\/ee\/wp-json\/wp\/v2\/product"}],"about":[{"href":"https:\/\/purama.lt\/ee\/wp-json\/wp\/v2\/types\/product"}],"replies":[{"embeddable":true,"href":"https:\/\/purama.lt\/ee\/wp-json\/wp\/v2\/comments?post=45713"}],"wp:featuredmedia":[{"embeddable":true,"href":"https:\/\/purama.lt\/ee\/wp-json\/wp\/v2\/media\/45721"}],"wp:attachment":[{"href":"https:\/\/purama.lt\/ee\/wp-json\/wp\/v2\/media?parent=45713"}],"wp:term":[{"taxonomy":"product_brand","embeddable":true,"href":"https:\/\/purama.lt\/ee\/wp-json\/wp\/v2\/product_brand?post=45713"},{"taxonomy":"product_cat","embeddable":true,"href":"https:\/\/purama.lt\/ee\/wp-json\/wp\/v2\/product_cat?post=45713"},{"taxonomy":"product_tag","embeddable":true,"href":"https:\/\/purama.lt\/ee\/wp-json\/wp\/v2\/product_tag?post=45713"}],"curies":[{"name":"wp","href":"https:\/\/api.w.org\/{rel}","templated":true}]}}