{"id":45631,"date":"2026-02-03T15:21:25","date_gmt":"2026-02-03T13:21:25","guid":{"rendered":"https:\/\/purama.lt\/produktas\/sapiens-3-menesiu-barzdos-augimo-kursas\/"},"modified":"2026-04-14T09:42:01","modified_gmt":"2026-04-14T07:42:01","slug":"sapiens-3-kuulist-habeme-kasvu-kursust","status":"publish","type":"product","link":"https:\/\/purama.lt\/ee\/produktas\/sapiens-3-menesiu-barzdos-augimo-kursas\/","title":{"rendered":"SAPIENS 3 kuu pikkune habemekasvukursus"},"content":{"rendered":"<p><strong>Kasutamine<\/strong><br>desinfitseerige dermaroller enne ja p\u00e4rast iga kasutamist.<br>puhtale nahale, p\u00fchkige \u00f5rnalt \u00fcle sihtkohti, seej\u00e4rel kandke m\u00f5ned tilgad seerumit ja masseerige kuni imendumiseni.<br>kasutada dermarollerit iga ~5 p\u00e4eva tagant (1-2 korda p\u00e4evas), seerumit iga p\u00e4ev; isiklik vahend, mitte kasutada \u00e4rritunud, kahjustatud v\u00f5i nakatunud nahal.<\/p>\n\n\n\n<p><strong>Koostisosad<\/strong><br>aqua (vesi), gl\u00fctseriin, isomalt, curcuma longa (kurkumajuure) juurteekstrakt, biotiin, aloe barbadensis'i lehtmahla pulber, bioflavonoidid, naatriumbensoaat, levuliinhape, ksantaankummi, alkohol, pentyleengl\u00fckool, naatriumh\u00fcaluronaat, naatriumlevuliinaat, sidrunhape, pisum sativum (hernes) iduekstrakt, f\u00fc\u00fctihape.<\/p>","protected":false},"excerpt":{"rendered":"<p data-start=\"0\" data-end=\"854\"><strong data-start=\"16\" data-end=\"57\">Sapiens - habeme kasvukomplekt - 3 kuud<\/strong> on dermarolleri ja sihip\u00e4rase seerumiga habeme pakend, mis ravib h\u00f5renenud piirkondi ja silub visuaalselt habemejoont. Dermaroller koos <strong data-start=\"222\" data-end=\"252\">0,5 mm titaanist mikron\u00f5elad<\/strong> \u00f5rnalt stimuleerib nahka ja v\u00f5ib <strong data-start=\"286\" data-end=\"330\">parandada seerumi jaotumist\/imendumist<\/strong>, ja seerum valitud aktiivsete komponentidega (nt, <strong data-start=\"390\" data-end=\"475\">Biotiin, kurkumajuure ekstrakt, herneseemne ekstrakt, h\u00fcaluroonhape.<\/strong>) aitab hooldada juukseid juurest otsteni. Komplekt on mugav selge rutiini jaoks: <strong data-start=\"561\" data-end=\"598\">desinfitseeriv sprei h\u00fcgieeniks<\/strong>, dermaroller sihtotstarbeliste piirkondade jaoks, seerum igap\u00e4evaseks kasutamiseks. Microneedling on laialdaselt kasutusel nahahoolduses - mikrokanalid aitavad paiksetel toodetel t\u00f5husamalt toimida, kui neid kasutatakse \u00f5rnalt ja h\u00fcgieeniliselt.<\/p>\n<p data-start=\"856\" data-end=\"1161\"><strong data-start=\"856\" data-end=\"879\">Miks valida<\/strong><br data-start=\"879\" data-end=\"882\" \/><strong data-start=\"882\" data-end=\"888\">\u2714\ufe0f<\/strong> dermaroller 0,5 mm titaanist mikroneedlitega sihip\u00e4raseks stimulatsiooniks<br data-start=\"955\" data-end=\"958\" \/><strong data-start=\"958\" data-end=\"964\">\u2714\ufe0f<\/strong> seerum valitud toimeainetega igap\u00e4evaseks habeme hoolduseks<br data-start=\"1038\" data-end=\"1041\" \/><strong data-start=\"1041\" data-end=\"1047\">\u2714\ufe0f<\/strong> desinfitseeriv sprei h\u00fcgieeniliseks kasutamiseks<br data-start=\"1095\" data-end=\"1098\" \/><strong data-start=\"1098\" data-end=\"1104\">\u2714\ufe0f<\/strong> Mugav rutiin: dermaroller 1-2 q.\/s.\/s.\/s.\/s.\/s.\/s.\/s.\/s.\/s.\/s.\/serum iga p\u00e4ev.<\/p>","protected":false},"featured_media":45636,"comment_status":"open","ping_status":"closed","template":"","meta":{"_acf_changed":false},"product_brand":[],"product_cat":[92,304],"product_tag":[],"class_list":{"0":"post-45631","1":"product","2":"type-product","3":"status-publish","4":"has-post-thumbnail","6":"product_cat-groziui","7":"product_cat-plaukams","9":"first","10":"instock","11":"shipping-taxable","12":"purchasable","13":"product-type-simple"},"acf":[],"tiered_pricing_type":"fixed","tiered_pricing_fixed_rules":[],"tiered_pricing_product_settings":{"layout":"default","base_unit_name":{"singular":null,"plural":null},"default_variation":null},"tiered_pricing_minimum_quantity":null,"tiered_pricing_roles_data":[],"tiered_pricing_percentage_rules":[],"_links":{"self":[{"href":"https:\/\/purama.lt\/ee\/wp-json\/wp\/v2\/product\/45631","targetHints":{"allow":["GET"]}}],"collection":[{"href":"https:\/\/purama.lt\/ee\/wp-json\/wp\/v2\/product"}],"about":[{"href":"https:\/\/purama.lt\/ee\/wp-json\/wp\/v2\/types\/product"}],"replies":[{"embeddable":true,"href":"https:\/\/purama.lt\/ee\/wp-json\/wp\/v2\/comments?post=45631"}],"wp:featuredmedia":[{"embeddable":true,"href":"https:\/\/purama.lt\/ee\/wp-json\/wp\/v2\/media\/45636"}],"wp:attachment":[{"href":"https:\/\/purama.lt\/ee\/wp-json\/wp\/v2\/media?parent=45631"}],"wp:term":[{"taxonomy":"product_brand","embeddable":true,"href":"https:\/\/purama.lt\/ee\/wp-json\/wp\/v2\/product_brand?post=45631"},{"taxonomy":"product_cat","embeddable":true,"href":"https:\/\/purama.lt\/ee\/wp-json\/wp\/v2\/product_cat?post=45631"},{"taxonomy":"product_tag","embeddable":true,"href":"https:\/\/purama.lt\/ee\/wp-json\/wp\/v2\/product_tag?post=45631"}],"curies":[{"name":"wp","href":"https:\/\/api.w.org\/{rel}","templated":true}]}}