{"id":45630,"date":"2026-02-03T15:21:24","date_gmt":"2026-02-03T13:21:24","guid":{"rendered":"https:\/\/purama.lt\/produktas\/sapiens-3-menesiu-kursas-nuo-plauku-slinkimo\/"},"modified":"2026-04-23T09:35:30","modified_gmt":"2026-04-23T07:35:30","slug":"sapiens-3-kuu-pikkune-juuste-valjalangemise-vastane-kursus","status":"publish","type":"product","link":"https:\/\/purama.lt\/ee\/produktas\/sapiens-3-menesiu-kursas-nuo-plauku-slinkimo\/","title":{"rendered":"SAPIENS 3-kuuline kursus juuste v\u00e4ljalangemise vastu"},"content":{"rendered":"<p><strong>Kasutamine<\/strong><br>skaneerige pakendil olevat QR-koodi videojuhiste saamiseks.<br>Kandke seerum puhtale peanahale ja masseerige \u00f5rnalt; kasutage dermarollerit vastavalt soovitatud rutiinile (tavaliselt 1-2 korda p\u00e4evas).<br>V\u00e4ltida kokkupuudet silmadega<\/p>\n\n\n\n<p><strong>Koostisosad<\/strong><br>aqua (vesi), gl\u00fctseriin, isomalt, curcuma longa (kurkumajuure) juurteekstrakt, bioflavonoidid, pisum sativum (hernes) iduekstrakt, pentyleengl\u00fckool, biotiin, aloe barbadensis'i lehtede mahla pulber, ksantaankummi, naatriumbensoaat, levuliinhape, f\u00fc\u00fctihape, alkohol, naatriumh\u00fcaluronaat, naatriumlevulinaat, sidrunhape.<\/p>\n\n\n\n<p><\/p>\n\n\n\n<p><\/p>\n\n\n\n<p><\/p>","protected":false},"excerpt":{"rendered":"<p data-start=\"0\" data-end=\"588\"><strong data-start=\"16\" data-end=\"65\">Sapiens - juuste v\u00e4ljalangemise ennetamise komplekt - 3 kuud<\/strong> on peanaha ja juuste hoolduskomplekt, mis \u00fchendab endas dermarolleri ja sihip\u00e4rase seerumi igap\u00e4evaseks rutiiniks. Seerum p\u00f5hineb niisutavatel ja nahka toitvatel koostisosadel, nagu n\u00e4iteks <strong data-start=\"259\" data-end=\"280\">h\u00fcaluroonhape<\/strong>, <strong data-start=\"282\" data-end=\"303\">aloe vera pulber<\/strong>, <strong data-start=\"305\" data-end=\"317\">biotiin<\/strong>, <strong data-start=\"319\" data-end=\"352\">Kurkumi juurte ekstrakt<\/strong> ja <strong data-start=\"356\" data-end=\"383\">Hernevilja ekstrakt<\/strong>, Dermaroller aitab \u00f5rnalt stimuleerida peanahka ja v\u00f5ib parandada toodete jaotumist. Valem on deklareeritud kui <strong data-start=\"508\" data-end=\"536\">99,4 % looduslikku p\u00e4ritolu<\/strong>, ja komplekt pakub selget, mugavat rutiini kodus.<\/p>\n<p data-start=\"590\" data-end=\"888\"><strong data-start=\"590\" data-end=\"613\">Miks valida<\/strong><br data-start=\"613\" data-end=\"616\" \/><strong data-start=\"616\" data-end=\"622\">\u2714\ufe0f<\/strong> dermaroller + seerum \u00fches lihtsas rutiinis<br data-start=\"673\" data-end=\"676\" \/><strong data-start=\"676\" data-end=\"682\">\u2714\ufe0f<\/strong> 99,4 % loodusliku p\u00e4ritoluga seerumi valemiga<br data-start=\"722\" data-end=\"725\" \/><strong data-start=\"725\" data-end=\"731\">\u2714\ufe0f<\/strong> biotiini, aloe vera ja h\u00fcaluroonhappega igap\u00e4evaseks peanaha hoolduseks<br data-start=\"806\" data-end=\"809\" \/><strong data-start=\"809\" data-end=\"815\">\u2714\ufe0f<\/strong> kurkumajuure ja hernevilja ekstraktidega sihip\u00e4raseks hoolduseks<\/p>","protected":false},"featured_media":45639,"comment_status":"open","ping_status":"closed","template":"","meta":{"_acf_changed":false},"product_brand":[532],"product_cat":[92,57,304],"product_tag":[],"class_list":{"0":"post-45630","1":"product","2":"type-product","3":"status-publish","4":"has-post-thumbnail","6":"product_brand-sapiens","7":"product_cat-groziui","8":"product_cat-akcijos","9":"product_cat-plaukams","11":"first","12":"instock","13":"sale","14":"shipping-taxable","15":"purchasable","16":"product-type-simple"},"acf":[],"tiered_pricing_type":"fixed","tiered_pricing_fixed_rules":[],"tiered_pricing_product_settings":{"layout":"default","base_unit_name":{"singular":null,"plural":null},"default_variation":null},"tiered_pricing_minimum_quantity":null,"tiered_pricing_roles_data":[],"tiered_pricing_percentage_rules":[],"_links":{"self":[{"href":"https:\/\/purama.lt\/ee\/wp-json\/wp\/v2\/product\/45630","targetHints":{"allow":["GET"]}}],"collection":[{"href":"https:\/\/purama.lt\/ee\/wp-json\/wp\/v2\/product"}],"about":[{"href":"https:\/\/purama.lt\/ee\/wp-json\/wp\/v2\/types\/product"}],"replies":[{"embeddable":true,"href":"https:\/\/purama.lt\/ee\/wp-json\/wp\/v2\/comments?post=45630"}],"wp:featuredmedia":[{"embeddable":true,"href":"https:\/\/purama.lt\/ee\/wp-json\/wp\/v2\/media\/45639"}],"wp:attachment":[{"href":"https:\/\/purama.lt\/ee\/wp-json\/wp\/v2\/media?parent=45630"}],"wp:term":[{"taxonomy":"product_brand","embeddable":true,"href":"https:\/\/purama.lt\/ee\/wp-json\/wp\/v2\/product_brand?post=45630"},{"taxonomy":"product_cat","embeddable":true,"href":"https:\/\/purama.lt\/ee\/wp-json\/wp\/v2\/product_cat?post=45630"},{"taxonomy":"product_tag","embeddable":true,"href":"https:\/\/purama.lt\/ee\/wp-json\/wp\/v2\/product_tag?post=45630"}],"curies":[{"name":"wp","href":"https:\/\/api.w.org\/{rel}","templated":true}]}}