{"id":45596,"date":"2026-02-03T14:20:29","date_gmt":"2026-02-03T12:20:29","guid":{"rendered":"https:\/\/purama.lt\/produktas\/frank-fruities-maisto-papildas-odai-plaukams-nagams\/"},"modified":"2026-02-24T14:19:24","modified_gmt":"2026-02-24T12:19:24","slug":"frank-fruitities-toidulisand-nahale-juustele-kuunedele","status":"publish","type":"product","link":"https:\/\/purama.lt\/ee\/produktas\/frank-fruities-maisto-papildas-odai-plaukams-nagams\/","title":{"rendered":"Frank Fruities toidulisand nahale, juustele ja k\u00fc\u00fcntele"},"content":{"rendered":"<p><strong>Tarbimine<\/strong><br>3 n\u00e4rimiskummi p\u00e4evas<br>mitte \u00fcletada soovitatud p\u00e4evast annust, hoida lastele k\u00e4ttesaamatus kohas.<br>raseduse v\u00f5i imetamise ajal - enne kasutamist konsulteerige tervishoiut\u00f6\u00f6tajaga.<\/p>\n\n\n\n<p><strong>Koostisosad<\/strong><br>\u00f5unamahlakontsentraat (64,5 %), virsikup\u00fcree kontsentraat (25 %), mangop\u00fcree kontsentraat (3.5 %), tsitrusviljakiud, \u017eeleeriv aine (pektiin), sidrunimahla kontsentraat, kannatuslillemahla kontsentraat, vitamiinide-mineraalainete segu (beetakaroteen, p\u00fcridoksiinvesinikkloriid, raud(ii)tsitraat), dl-alfa-tokofer\u00fc\u00fclatsetaat, tiamiinvesinikkloriid, ts\u00fcanokobalamiin, nikotiinamiid, kaaliumjodiid, kolekaltsiferool, d-biotiin, kaltsium-d-pantotenaat, tsinksulfaat, vask(ii)-sulfaat).<\/p>","protected":false},"excerpt":{"rendered":"<p data-start=\"0\" data-end=\"486\"><strong data-start=\"16\" data-end=\"55\">Frank Fruities - Nahk, juuksed ja k\u00fc\u00fcned<\/strong> Puuviljakummid igap\u00e4evaseks naha, juuste ja k\u00fc\u00fcnte hoolduseks. Sisaldab <strong data-start=\"139\" data-end=\"174\">Biotiin, tsink ja A-vitamiin<\/strong> aitab s\u00e4ilitada normaalseid juukseid, nahka ja k\u00fc\u00fcsi ning <strong data-start=\"231\" data-end=\"246\">E-vitamiin<\/strong> aitab kaasa rakkude kaitsmisele oks\u00fcdatiivse stressi eest. Valem <strong data-start=\"312\" data-end=\"325\">vegan<\/strong>, <strong data-start=\"327\" data-end=\"343\">ilma \u017eelatiinita<\/strong>, <strong data-start=\"345\" data-end=\"363\">s\u00e4ilitusainetevaba<\/strong> ja <strong data-start=\"367\" data-end=\"389\">ilma suhkrulisandita<\/strong>, Ja puuviljased maitsed (\u00f5un, virsik, mango, kannatuslille viljad) muudavad rutiini lihtsamaks ja nauditavamaks.<\/p>\n<p data-start=\"488\" data-end=\"787\"><strong data-start=\"488\" data-end=\"511\">Miks valida<\/strong><br data-start=\"511\" data-end=\"514\" \/><strong data-start=\"514\" data-end=\"520\">\u2714\ufe0f<\/strong> Biotiin, tsink ja A-vitamiin igap\u00e4evaseks juuste, naha ja k\u00fc\u00fcnte hoolduseks.<br data-start=\"596\" data-end=\"599\" \/><strong data-start=\"599\" data-end=\"605\">\u2714\ufe0f<\/strong> E-vitamiin - kaitseb rakke oks\u00fcdatiivse stressi eest.<br data-start=\"660\" data-end=\"663\" \/><strong data-start=\"663\" data-end=\"669\">\u2714\ufe0f<\/strong> Vegan koostis ilma \u017eelatiinita<br data-start=\"700\" data-end=\"703\" \/><strong data-start=\"703\" data-end=\"709\">\u2714\ufe0f<\/strong> ei ole lisatud suhkrut ega s\u00e4ilitusaineid<br data-start=\"746\" data-end=\"749\" \/><strong data-start=\"749\" data-end=\"755\">\u2714\ufe0f<\/strong> Mugav kasutada - kummi kujul<\/p>","protected":false},"featured_media":45606,"comment_status":"open","ping_status":"closed","template":"","meta":{"_acf_changed":true},"product_brand":[486],"product_cat":[123,273],"product_tag":[],"class_list":{"0":"post-45596","1":"product","2":"type-product","3":"status-publish","4":"has-post-thumbnail","6":"product_brand-frank-fruities","7":"product_cat-papildai-ilgaamziskumui","8":"product_cat-odai-plaukams-nagams","10":"first","11":"outofstock","12":"shipping-taxable","13":"purchasable","14":"product-type-simple"},"acf":[],"tiered_pricing_type":"fixed","tiered_pricing_fixed_rules":[],"tiered_pricing_product_settings":{"layout":"default","base_unit_name":{"singular":null,"plural":null},"default_variation":null},"tiered_pricing_minimum_quantity":null,"tiered_pricing_roles_data":[],"tiered_pricing_percentage_rules":[],"_links":{"self":[{"href":"https:\/\/purama.lt\/ee\/wp-json\/wp\/v2\/product\/45596","targetHints":{"allow":["GET"]}}],"collection":[{"href":"https:\/\/purama.lt\/ee\/wp-json\/wp\/v2\/product"}],"about":[{"href":"https:\/\/purama.lt\/ee\/wp-json\/wp\/v2\/types\/product"}],"replies":[{"embeddable":true,"href":"https:\/\/purama.lt\/ee\/wp-json\/wp\/v2\/comments?post=45596"}],"wp:featuredmedia":[{"embeddable":true,"href":"https:\/\/purama.lt\/ee\/wp-json\/wp\/v2\/media\/45606"}],"wp:attachment":[{"href":"https:\/\/purama.lt\/ee\/wp-json\/wp\/v2\/media?parent=45596"}],"wp:term":[{"taxonomy":"product_brand","embeddable":true,"href":"https:\/\/purama.lt\/ee\/wp-json\/wp\/v2\/product_brand?post=45596"},{"taxonomy":"product_cat","embeddable":true,"href":"https:\/\/purama.lt\/ee\/wp-json\/wp\/v2\/product_cat?post=45596"},{"taxonomy":"product_tag","embeddable":true,"href":"https:\/\/purama.lt\/ee\/wp-json\/wp\/v2\/product_tag?post=45596"}],"curies":[{"name":"wp","href":"https:\/\/api.w.org\/{rel}","templated":true}]}}