{"id":45404,"date":"2026-01-28T10:05:47","date_gmt":"2026-01-28T08:05:47","guid":{"rendered":"https:\/\/purama.lt\/?post_type=product&#038;p=45404"},"modified":"2026-03-31T10:46:58","modified_gmt":"2026-03-31T08:46:58","slug":"d-laboratooriumi-juuste-kasvu-ja-paksenemise-programm","status":"publish","type":"product","link":"https:\/\/purama.lt\/ee\/produktas\/d-lab-plauku-augimo-ir-tankinimo-programa\/","title":{"rendered":"D-LAB juuste kasvu ja paksenemise programm"},"content":{"rendered":"<p><strong>Tarbimine<\/strong><br>Iga p\u00e4ev: <strong>2 kapslit igast preparaadist<\/strong>, v\u00e4lja arvatud <strong>Keratin Absolute - 1 tablett p\u00e4evas<\/strong>; eelistatavalt hommikul koos veega (Balance Activator'i v\u00f5ib v\u00f5tta ka \u00f5htul).<br>Soovitatav on j\u00e4tkata programmi <strong>v\u00e4hemalt 3 j\u00e4rjestikust kuud<\/strong><br>Ainult t\u00e4iskasvanutele; ei tohi v\u00f5tta raseduse ja imetamise ajal, alla 18-aastastel patsientidel; ei tohi v\u00f5tta antidepressantide v\u00f5i antikoagulantide kasutamisel, sulfitite suhtes allergia korral v\u00f5i seisundite korral, mis on seotud raua liigse kogunemisega organismis; ei tohi \u00fcletada soovitatavat \u00f6\u00f6p\u00e4evast annust.<\/p>\n\n\n\n<p><strong>Koostisosad<\/strong><br>l-tr\u00fcptofaan, taimne kapsel (kattevahend: h\u00fcdroks\u00fcprop\u00fc\u00fclmet\u00fc\u00fcltselluloos, \u017eeleeriv aine: gellaankummi), nac - n-atset\u00fc\u00fclts\u00fcsteiin, meremagneesiumoksiid (sh magneesium), c-vitamiin (askorbiinhape), m\u00fco-inositool, safrani stigmaekstrakt (crocus sativus) (tiitritakse safranal), trans-resveratrooli, cavaq10\u00ae (gamma-ts\u00fcklodekstriin, koens\u00fc\u00fcm q10), b3-vitamiin (nikotiinamiid), roheline banaanijahu, b2-vitamiin (riboflaviin), b6-vitamiin (p\u00fcridoksiin), seleeniga rikastatud p\u00e4rm (saccharomyces cerevisiae) (sh seleen), samblikute ekstrakt (cladonia rangiferina) (sh d3-vitamiin, kolekaltsiferool), cynatine\u00ae hns1 (keratiinh\u00fcdrol\u00fcsaat) (sulfitid), paakumisvastased ained: akaatsia kummi, rasvhapped, kattevahendid: h\u00fcdroks\u00fcprop\u00fc\u00fclmet\u00fc\u00fcltselluloos, mikrokristalliline tselluloos, rasvhapped, naistepuna (alchemilla vulgaris) \u00f5hulistest osadest saadud ekstrakt, hobukastani (aesculus hippocastanum) seemnete ekstrakt (tiitritakse aescinis), taimne kapsel (kattevahend: h\u00fcdroks\u00fcprop\u00fc\u00fclmet\u00fc\u00fcltselluloos, \u017eeleeriv aine: gellankummi), piiman\u00f5geseemne ekstrakt (silybum marianum) (tiitritakse sil\u00fcmariinis), punase viinapuu lehe ekstrakt (vitis vinifera) (tiitritakse pol\u00fcfenoolides), raudgl\u00fckonaat (sisaldab rauda), klorella (chlorella vulgaris) (sulfitid).<\/p>","protected":false},"excerpt":{"rendered":"<p><strong data-start=\"16\" data-end=\"89\">D-LAB NUTRICOSMETICS - Juuste massi programm (Programme Masse-Capillaire)<\/strong> on terviklik juuste v\u00e4ljalangemise ja tiheduse toetamise programm, mis on m\u00f5eldud t\u00f6\u00f6tama seestpoolt v\u00e4lja: see pakub <strong data-start=\"189\" data-end=\"214\">h\u00fcdrol\u00fc\u00fcsitud keratiin<\/strong>, valitud <strong data-start=\"227\" data-end=\"255\">vitamiinid ja mineraalid<\/strong>, aminohappeid ja taimeekstrakte, et juuksed n\u00e4eksid tugevamad ja visuaalselt paksemad v\u00e4lja. Valem on suunatud mitmele piirkonnale korraga:<br data-start=\"401\" data-end=\"404\" \/>- <strong data-start=\"406\" data-end=\"437\">tugevdada juuste kiudu<\/strong> (keratiini kompleks)<br data-start=\"459\" data-end=\"462\" \/>- <strong data-start=\"464\" data-end=\"508\">peanaha mikrotsirkulatsiooni s\u00e4ilitamine<\/strong> (taimeekstraktid)<br data-start=\"532\" data-end=\"535\" \/>- <strong data-start=\"537\" data-end=\"563\">antioks\u00fcdantne kaitse<\/strong> (nt C-vitamiin, koens\u00fc\u00fcm Q10).<br data-start=\"600\" data-end=\"603\" \/>- <strong data-start=\"605\" data-end=\"627\">toitumisalane toetus<\/strong> juuste tervis (nt seleen, D3-vitamiin, B-vitamiinid).<br data-start=\"691\" data-end=\"694\" \/>- <strong data-start=\"696\" data-end=\"733\">emotsionaalse pinge\/stressi kontekst<\/strong> toetada igap\u00e4evast rutiini (nt safraniekstrakt, L-tr\u00fcptofaan).<br data-start=\"806\" data-end=\"809\" \/>Programm koosneb mitmest osast, mida v\u00f5etakse \u00fche rutiinina, ja p\u00f5hineb h\u00e4sti uuritud toitainetel, mis aitavad kaasa juuste tervise jaoks olulistele normaalsetele kehafunktsioonidele. <strong data-start=\"999\" data-end=\"1022\">Miks valida<\/strong><br data-start=\"1022\" data-end=\"1025\" \/><strong data-start=\"1025\" data-end=\"1031\">\u2714\ufe0f<\/strong> mitmesuunaline rutiin juuste tiheduse ja juuksekiudude tugevuse saavutamiseks<br data-start=\"1097\" data-end=\"1100\" \/><strong data-start=\"1100\" data-end=\"1106\">\u2714\ufe0f<\/strong> h\u00fcdrol\u00fc\u00fcsitud keratiiniga (Cynatine\u00ae) juuste struktuuri s\u00e4ilitamiseks<br data-start=\"1172\" data-end=\"1175\" \/><strong data-start=\"1175\" data-end=\"1181\">\u2714\ufe0f<\/strong> mikrotsirkulatsiooni toetavad taimeekstraktid igap\u00e4evaseks kasutamiseks<br data-start=\"1255\" data-end=\"1258\" \/><strong data-start=\"1258\" data-end=\"1264\">\u2714\ufe0f<\/strong> Vitamiinid, mineraalid ja antioks\u00fcdandid juuste seisundi parandamiseks seestpoolt.<br data-start=\"1327\" data-end=\"1330\" \/><strong data-start=\"1330\" data-end=\"1336\">\u2714\ufe0f<\/strong> Mugav lisada oma rutiini, soovitatav pikaajaline programm<\/p>","protected":false},"featured_media":45409,"comment_status":"open","ping_status":"closed","template":"","meta":{"_acf_changed":false},"product_brand":[419],"product_cat":[275,273,123],"product_tag":[],"class_list":{"0":"post-45404","1":"product","2":"type-product","3":"status-publish","4":"has-post-thumbnail","6":"product_brand-d-lab","7":"product_cat-plauku-ir-nagu-prieziura","8":"product_cat-odai-plaukams-nagams","9":"product_cat-papildai-ilgaamziskumui","11":"first","12":"instock","13":"shipping-taxable","14":"purchasable","15":"product-type-simple"},"acf":[],"tiered_pricing_type":"fixed","tiered_pricing_fixed_rules":[],"tiered_pricing_product_settings":{"layout":"default","base_unit_name":{"singular":null,"plural":null},"default_variation":null},"tiered_pricing_minimum_quantity":null,"tiered_pricing_roles_data":[],"tiered_pricing_percentage_rules":[],"_links":{"self":[{"href":"https:\/\/purama.lt\/ee\/wp-json\/wp\/v2\/product\/45404","targetHints":{"allow":["GET"]}}],"collection":[{"href":"https:\/\/purama.lt\/ee\/wp-json\/wp\/v2\/product"}],"about":[{"href":"https:\/\/purama.lt\/ee\/wp-json\/wp\/v2\/types\/product"}],"replies":[{"embeddable":true,"href":"https:\/\/purama.lt\/ee\/wp-json\/wp\/v2\/comments?post=45404"}],"wp:featuredmedia":[{"embeddable":true,"href":"https:\/\/purama.lt\/ee\/wp-json\/wp\/v2\/media\/45409"}],"wp:attachment":[{"href":"https:\/\/purama.lt\/ee\/wp-json\/wp\/v2\/media?parent=45404"}],"wp:term":[{"taxonomy":"product_brand","embeddable":true,"href":"https:\/\/purama.lt\/ee\/wp-json\/wp\/v2\/product_brand?post=45404"},{"taxonomy":"product_cat","embeddable":true,"href":"https:\/\/purama.lt\/ee\/wp-json\/wp\/v2\/product_cat?post=45404"},{"taxonomy":"product_tag","embeddable":true,"href":"https:\/\/purama.lt\/ee\/wp-json\/wp\/v2\/product_tag?post=45404"}],"curies":[{"name":"wp","href":"https:\/\/api.w.org\/{rel}","templated":true}]}}