{"id":44939,"date":"2026-01-14T14:59:40","date_gmt":"2026-01-14T12:59:40","guid":{"rendered":"https:\/\/purama.lt\/?post_type=product&#038;p=44939"},"modified":"2026-04-14T09:24:03","modified_gmt":"2026-04-14T07:24:03","slug":"tradicao-looduslik-kasitsi-valmistatud-seep-mis-on-valmistatud-portugali-oliivioliga","status":"publish","type":"product","link":"https:\/\/purama.lt\/ee\/produktas\/tradicao-natural-ranku-darbo-muilas-is-portugalisko-alyvuogiu-aliejaus\/","title":{"rendered":"Tradicao Natural K\u00e4sitsi valmistatud seep Portugali oliivi\u00f5list"},"content":{"rendered":"<p><strong>Kasutamine<\/strong><br>Kandke m\u00e4rjale nahale, masseerige \u00f5rnalt ja loputage h\u00e4sti maha.<br>Ainult v\u00e4liskasutuseks<br>Kuna seep on k\u00e4sitsi valmistatud, v\u00f5ib selle v\u00e4rvus v\u00f5i v\u00e4limus veidi erineda.<\/p>\n\n\n\n<p><strong>Koostisosad<\/strong><br>olea europaea puuvilja\u00f5li (orgaaniline), vesi, naatriumh\u00fcdroksiid, tokofer\u00fc\u00fclatsetaat, meresool, suhkur.<\/p>","protected":false},"excerpt":{"rendered":"<p data-start=\"0\" data-end=\"650\"><strong data-start=\"16\" data-end=\"85\">K\u00e4sitsi valmistatud seep 100% Portugali oliivi\u00f5li - Mini<\/strong> K\u00e4sitsi valmistatud, k\u00fclmt\u00f6\u00f6deldud seep 100 % Portugali oliivi\u00f5liga \u00f5rnaks igap\u00e4evaseks puhastamiseks. Valem ei sisalda lisatud l\u00f5hna- ja v\u00e4rvaineid, mist\u00f5ttu sobib see eriti h\u00e4sti <strong data-start=\"268\" data-end=\"302\">tundlik, kergesti \u00e4rrituv<\/strong> nahka ja seda saab kasutada isegi <strong data-start=\"335\" data-end=\"351\">beebide nahale<\/strong> hooldus. Seep aitab s\u00e4ilitada naha mugavust ja annab pehme, loomuliku vahu. <strong data-start=\"436\" data-end=\"446\">olla SLS<\/strong>, on <strong data-start=\"452\" data-end=\"466\">vegan<\/strong> ja on valmistatud ilma palmi\u00f5list. Selles sisalduv E-vitamiin (tokofer\u00fc\u00fclatsetaat) on h\u00e4sti uuritud koostisosa, mida hinnatakse selle antioks\u00fcdantsete omaduste t\u00f5ttu nahahooldustoodetes.<\/p>\n<p data-start=\"652\" data-end=\"906\"><strong data-start=\"652\" data-end=\"675\">Miks valida<\/strong><br data-start=\"675\" data-end=\"678\" \/><strong data-start=\"678\" data-end=\"684\">\u2714\ufe0f<\/strong> 100 % Portugali oliivi\u00f5li baasil<br data-start=\"732\" data-end=\"735\" \/><strong data-start=\"735\" data-end=\"741\">\u2714\ufe0f<\/strong> maitse- ja v\u00e4rvainelisandita<br data-start=\"777\" data-end=\"780\" \/><strong data-start=\"780\" data-end=\"786\">\u2714\ufe0f<\/strong> \u00f5rn tundlikule nahale, sobib kogu perele<br data-start=\"828\" data-end=\"831\" \/><strong data-start=\"831\" data-end=\"837\">\u2714\ufe0f<\/strong> looduslik, mahe vaht ilma SLS-ita<br data-start=\"866\" data-end=\"869\" \/><strong data-start=\"869\" data-end=\"875\">\u2714\ufe0f<\/strong> vegan, palmi\u00f5li vaba<\/p>","protected":false},"featured_media":44940,"comment_status":"open","ping_status":"closed","template":"","meta":{"_acf_changed":true},"product_brand":[],"product_cat":[92,300],"product_tag":[],"class_list":{"0":"post-44939","1":"product","2":"type-product","3":"status-publish","4":"has-post-thumbnail","6":"product_cat-groziui","7":"product_cat-kunui","9":"first","10":"instock","11":"shipping-taxable","12":"purchasable","13":"product-type-simple"},"acf":[],"tiered_pricing_type":"fixed","tiered_pricing_fixed_rules":[],"tiered_pricing_product_settings":{"layout":"default","base_unit_name":{"singular":null,"plural":null},"default_variation":null},"tiered_pricing_minimum_quantity":null,"tiered_pricing_roles_data":[],"tiered_pricing_percentage_rules":[],"_links":{"self":[{"href":"https:\/\/purama.lt\/ee\/wp-json\/wp\/v2\/product\/44939","targetHints":{"allow":["GET"]}}],"collection":[{"href":"https:\/\/purama.lt\/ee\/wp-json\/wp\/v2\/product"}],"about":[{"href":"https:\/\/purama.lt\/ee\/wp-json\/wp\/v2\/types\/product"}],"replies":[{"embeddable":true,"href":"https:\/\/purama.lt\/ee\/wp-json\/wp\/v2\/comments?post=44939"}],"wp:featuredmedia":[{"embeddable":true,"href":"https:\/\/purama.lt\/ee\/wp-json\/wp\/v2\/media\/44940"}],"wp:attachment":[{"href":"https:\/\/purama.lt\/ee\/wp-json\/wp\/v2\/media?parent=44939"}],"wp:term":[{"taxonomy":"product_brand","embeddable":true,"href":"https:\/\/purama.lt\/ee\/wp-json\/wp\/v2\/product_brand?post=44939"},{"taxonomy":"product_cat","embeddable":true,"href":"https:\/\/purama.lt\/ee\/wp-json\/wp\/v2\/product_cat?post=44939"},{"taxonomy":"product_tag","embeddable":true,"href":"https:\/\/purama.lt\/ee\/wp-json\/wp\/v2\/product_tag?post=44939"}],"curies":[{"name":"wp","href":"https:\/\/api.w.org\/{rel}","templated":true}]}}