{"id":44763,"date":"2026-01-08T14:42:29","date_gmt":"2026-01-08T12:42:29","guid":{"rendered":"https:\/\/purama.lt\/?post_type=product&#038;p=44763"},"modified":"2026-04-20T07:42:20","modified_gmt":"2026-04-20T05:42:20","slug":"sokid-mul-on-power-sports-sokid","status":"publish","type":"product","link":"https:\/\/purama.lt\/ee\/produktas\/sox-i-got-a-power-sportines-kojines\/","title":{"rendered":"SOX I GOT A POWER Spordisokid"},"content":{"rendered":"<p>N<strong>kudumine<\/strong><br>Kandke jooksmiseks, j\u00f5usaalis v\u00f5i muudeks aktiivseteks treeninguteks; valige sobiv suurus, et see sobiks h\u00e4sti.<br>Hoolduse ja pesemise osas j\u00e4rgige etiketil olevaid juhiseid<\/p>\n\n\n\n<p><strong>Koostisosad<\/strong><br>coolmax\u00ae, nailon<\/p>","protected":false},"excerpt":{"rendered":"<p data-start=\"0\" data-end=\"747\"><strong data-start=\"16\" data-end=\"43\">SOX- MUL ON V\u00d5IMSUS<\/strong> Spordisokid jooksmiseks ja aktiivseks treeninguks, kui soovid stabiilsust, kuivust ja mugavust ka pikematel distantsidel. Tugevdatud tugitsoonid pahkluu ja jalav\u00f5lvi juures aitavad jalga kindlalt paigal hoida, samas kui <strong data-start=\"263\" data-end=\"286\">keskmine kokkusurumine<\/strong> tagab tiheda istuvuse ilma piiranguteta. COOLMAX\u00ae froteekangas kanna ja varvaste piirkonnas on m\u00f5nusalt pehmendav, l\u00f6\u00f6gisummutav ja aitab niiskust t\u00f5husamalt \u00e4ra juhtida, v\u00e4hendades h\u00f5\u00f5rdumistunnet. Hingav v\u00f5rkkudumine aitab reguleerida temperatuuri ning LEFT\/RIGHT-m\u00e4rgistus v\u00f5imaldab kiiresti leida \u00f5ige istuvuse. COOLMAX\u00ae-kiud tugineb oma tuntud niiskusejuhtivuse omadustele, mis aitavad jalad intensiivse liikumise ajal kuivemana hoida.<\/p>\n<p data-start=\"749\" data-end=\"1105\">Miks valida<br data-start=\"772\" data-end=\"775\" \/><strong>\u2714\ufe0f Made in Spain - usaldusv\u00e4\u00e4rne kvaliteet<\/strong><br data-start=\"820\" data-end=\"823\" \/><strong>\u2714\ufe0f COOLMAX\u00ae ja nailon - hingav ja vastupidav kangas.<\/strong><br data-start=\"883\" data-end=\"886\" \/><strong>\u2714\ufe0f Tugevdatud h\u00fcppeliigese tugi ja jalav\u00f5lv suurema stabiilsuse tagamiseks.<\/strong><br data-start=\"960\" data-end=\"963\" \/><strong>\u2714\ufe0f Keskmise kompressiooniga - sobilik jooksu ajal.<\/strong><br data-start=\"1018\" data-end=\"1021\" \/><strong>\u2714\ufe0f Kanna ja varvaste pehmendused parema l\u00f6\u00f6gisummutuse ja v\u00e4iksema h\u00f5\u00f5rdumise tagamiseks.<\/strong><\/p>","protected":false},"featured_media":44746,"comment_status":"open","ping_status":"closed","template":"","meta":{"_acf_changed":false},"product_brand":[246,479],"product_cat":[102,98],"product_tag":[],"class_list":{"0":"post-44763","1":"product","2":"type-product","3":"status-publish","4":"has-post-thumbnail","6":"product_brand-sporcks","7":"product_brand-sox","8":"product_cat-kojines","9":"product_cat-sportui","11":"first","12":"instock","13":"shipping-taxable","14":"purchasable","15":"product-type-variable"},"acf":[],"tiered_pricing_type":"fixed","tiered_pricing_fixed_rules":[],"tiered_pricing_product_settings":{"layout":"default","base_unit_name":{"singular":null,"plural":null},"default_variation":null},"tiered_pricing_minimum_quantity":null,"tiered_pricing_roles_data":[],"tiered_pricing_percentage_rules":[],"_links":{"self":[{"href":"https:\/\/purama.lt\/ee\/wp-json\/wp\/v2\/product\/44763","targetHints":{"allow":["GET"]}}],"collection":[{"href":"https:\/\/purama.lt\/ee\/wp-json\/wp\/v2\/product"}],"about":[{"href":"https:\/\/purama.lt\/ee\/wp-json\/wp\/v2\/types\/product"}],"replies":[{"embeddable":true,"href":"https:\/\/purama.lt\/ee\/wp-json\/wp\/v2\/comments?post=44763"}],"wp:featuredmedia":[{"embeddable":true,"href":"https:\/\/purama.lt\/ee\/wp-json\/wp\/v2\/media\/44746"}],"wp:attachment":[{"href":"https:\/\/purama.lt\/ee\/wp-json\/wp\/v2\/media?parent=44763"}],"wp:term":[{"taxonomy":"product_brand","embeddable":true,"href":"https:\/\/purama.lt\/ee\/wp-json\/wp\/v2\/product_brand?post=44763"},{"taxonomy":"product_cat","embeddable":true,"href":"https:\/\/purama.lt\/ee\/wp-json\/wp\/v2\/product_cat?post=44763"},{"taxonomy":"product_tag","embeddable":true,"href":"https:\/\/purama.lt\/ee\/wp-json\/wp\/v2\/product_tag?post=44763"}],"curies":[{"name":"wp","href":"https:\/\/api.w.org\/{rel}","templated":true}]}}