{"id":44760,"date":"2026-01-08T14:38:42","date_gmt":"2026-01-08T12:38:42","guid":{"rendered":"https:\/\/purama.lt\/?post_type=product&#038;p=44760"},"modified":"2026-04-14T07:43:33","modified_gmt":"2026-04-14T05:43:33","slug":"sox-bee-ready-spordisokid","status":"publish","type":"product","link":"https:\/\/purama.lt\/ee\/produktas\/sox-bee-ready-sportines-kojines\/","title":{"rendered":"SOX BEE READY Spordisokid"},"content":{"rendered":"<p><strong>Kasutamine<\/strong><br>Kandke jooksmiseks, j\u00f5usaalis v\u00f5i muudeks aktiivseteks treeninguteks; valige sobiv suurus, et see sobiks h\u00e4sti.<br>Hoolduse ja pesemise puhul j\u00e4rgige pakendil olevaid juhiseid.<\/p>\n\n\n\n<p><strong>Koostisosad<\/strong><br>coolmax\u00ae, nailon<\/p>","protected":false},"excerpt":{"rendered":"<p data-start=\"0\" data-end=\"704\"><strong data-start=\"16\" data-end=\"39\">SOX-BEE READY<\/strong> Spordisokid jooksmiseks ja aktiivseks treeninguks, kui soovid stabiilsust, kuivust ja mugavust ka pikematel distantsidel. Tugevdatud tugitsoonid pahkluu ja jalav\u00f5lvi juures aitavad jalga kindlalt paigal hoida, samas kui <strong data-start=\"259\" data-end=\"282\">keskmine kokkusurumine<\/strong> tagab tiheda istuvuse ilma piiranguteta. COOLMAX\u00ae froteekangas kanna ja varvaste piirkonnas on m\u00f5nusalt pehmendav, l\u00f6\u00f6gisummutav ja aitab niiskust t\u00f5husamalt \u00e4ra juhtida, v\u00e4hendades h\u00f5\u00f5rdumistunnet. Hingav v\u00f5rkkudumine aitab reguleerida temperatuuri, et jalad j\u00e4\u00e4ksid kuivemaks ja jahedamaks ka intensiivse liikumise korral. COOLMAX\u00ae-kiud p\u00f5hineb oma tuntud niiskust juhtivatel omadustel, mist\u00f5ttu sobib see eriti h\u00e4sti sportimiseks.<\/p>\n<p data-start=\"706\" data-end=\"1062\">Miks valida<br data-start=\"729\" data-end=\"732\" \/><strong>\u2714\ufe0f Made in Spain - usaldusv\u00e4\u00e4rne kvaliteet<\/strong><br data-start=\"777\" data-end=\"780\" \/><strong>\u2714\ufe0f COOLMAX\u00ae ja nailon - hingav ja vastupidav kangas.<\/strong><br data-start=\"840\" data-end=\"843\" \/><strong>\u2714\ufe0f Tugevdatud h\u00fcppeliigese tugi ja jalav\u00f5lv suurema stabiilsuse tagamiseks.<\/strong><br data-start=\"917\" data-end=\"920\" \/><strong>\u2714\ufe0f Keskmise kompressiooniga - sobilik jooksu ajal.<\/strong><br data-start=\"975\" data-end=\"978\" \/><strong>\u2714\ufe0f Kanna ja varvaste pehmendused parema l\u00f6\u00f6gisummutuse ja v\u00e4iksema h\u00f5\u00f5rdumise tagamiseks.<\/strong><\/p>","protected":false},"featured_media":44741,"comment_status":"open","ping_status":"closed","template":"","meta":{"_acf_changed":false},"product_brand":[246,479],"product_cat":[102,98],"product_tag":[],"class_list":{"0":"post-44760","1":"product","2":"type-product","3":"status-publish","4":"has-post-thumbnail","6":"product_brand-sporcks","7":"product_brand-sox","8":"product_cat-kojines","9":"product_cat-sportui","11":"first","12":"instock","13":"shipping-taxable","14":"purchasable","15":"product-type-variable"},"acf":[],"tiered_pricing_type":"fixed","tiered_pricing_fixed_rules":[],"tiered_pricing_product_settings":{"layout":"default","base_unit_name":{"singular":null,"plural":null},"default_variation":null},"tiered_pricing_minimum_quantity":null,"tiered_pricing_roles_data":[],"tiered_pricing_percentage_rules":[],"_links":{"self":[{"href":"https:\/\/purama.lt\/ee\/wp-json\/wp\/v2\/product\/44760","targetHints":{"allow":["GET"]}}],"collection":[{"href":"https:\/\/purama.lt\/ee\/wp-json\/wp\/v2\/product"}],"about":[{"href":"https:\/\/purama.lt\/ee\/wp-json\/wp\/v2\/types\/product"}],"replies":[{"embeddable":true,"href":"https:\/\/purama.lt\/ee\/wp-json\/wp\/v2\/comments?post=44760"}],"wp:featuredmedia":[{"embeddable":true,"href":"https:\/\/purama.lt\/ee\/wp-json\/wp\/v2\/media\/44741"}],"wp:attachment":[{"href":"https:\/\/purama.lt\/ee\/wp-json\/wp\/v2\/media?parent=44760"}],"wp:term":[{"taxonomy":"product_brand","embeddable":true,"href":"https:\/\/purama.lt\/ee\/wp-json\/wp\/v2\/product_brand?post=44760"},{"taxonomy":"product_cat","embeddable":true,"href":"https:\/\/purama.lt\/ee\/wp-json\/wp\/v2\/product_cat?post=44760"},{"taxonomy":"product_tag","embeddable":true,"href":"https:\/\/purama.lt\/ee\/wp-json\/wp\/v2\/product_tag?post=44760"}],"curies":[{"name":"wp","href":"https:\/\/api.w.org\/{rel}","templated":true}]}}