{"id":44754,"date":"2026-01-08T14:31:59","date_gmt":"2026-01-08T12:31:59","guid":{"rendered":"https:\/\/purama.lt\/?post_type=product&#038;p=44754"},"modified":"2026-04-14T07:44:07","modified_gmt":"2026-04-14T05:44:07","slug":"sokid-samm-sammult-spordisokid","status":"publish","type":"product","link":"https:\/\/purama.lt\/ee\/produktas\/sox-step-by-step-sportines-kojines\/","title":{"rendered":"SOX STEP BY STEP Spordisokid"},"content":{"rendered":"<p><strong>Kasutamine<\/strong><br>Kandke jooksmiseks, j\u00f5usaalis v\u00f5i muudeks aktiivseteks treeninguteks; valige suurus, mis sobib mugavalt.<br>Hoolduse ja pesemise puhul j\u00e4rgige pakendil olevaid juhiseid.<\/p>\n\n\n\n<p><strong>Koostisosad<\/strong><br>coolmax\u00ae, nailon<\/p>","protected":false},"excerpt":{"rendered":"<p data-start=\"0\" data-end=\"822\"><strong data-start=\"16\" data-end=\"42\">SOX-SAMMULT SAMM-SAMMULT<\/strong> Spordisokid jooksmiseks ja aktiivseks treeninguks, mis on m\u00f5eldud neile, kes soovivad usaldusv\u00e4\u00e4rset istuvust, stabiilsust ja v\u00e4rsket tunnet kogu liikumise v\u00e4ltel. Tugevdatud tugitsoonid pahkluu ja jalalaba juures aitavad tagada tugevama pidamise ja suurema kontrolli, samas kui <strong data-start=\"318\" data-end=\"341\">keskmine kokkusurumine<\/strong> tagab mugava istuvuse, et sokid p\u00fcsiksid h\u00e4sti jalas. COOLMAX\u00ae froteekangas kanna ja varvaste piirkonnas pakub meeldivat pehmendust, amortiseerib p\u00f5rutusi ja aitab niiskust t\u00f5husamalt \u00e4ra juhtida, v\u00e4hendades h\u00f5\u00f5rdumistunnet pikemate treeningute ajal. Hingav v\u00f5rkkudumine aitab reguleerida temperatuuri, et jalad j\u00e4\u00e4ksid kuivemaks ja jahedamaks ka intensiivse treeningu ajal. COOLMAX\u00ae-kiudu kasutatakse spordir\u00f5ivaste puhul laialdaselt selle niiskusjuhtimise omaduste t\u00f5ttu.<\/p>\n<p data-start=\"824\" data-end=\"1180\">Miks valida<br data-start=\"847\" data-end=\"850\" \/><strong>\u2714\ufe0f Made in Spain - usaldusv\u00e4\u00e4rne kvaliteet<\/strong><br data-start=\"895\" data-end=\"898\" \/><strong>\u2714\ufe0f COOLMAX\u00ae ja nailon - hingav ja vastupidav kangas.<\/strong><br data-start=\"958\" data-end=\"961\" \/><strong>\u2714\ufe0f Tugevdatud h\u00fcppeliigese tugi ja jalav\u00f5lv suurema stabiilsuse tagamiseks.<\/strong><br data-start=\"1035\" data-end=\"1038\" \/><strong>\u2714\ufe0f Keskmise kompressiooniga - sobilik jooksu ajal.<\/strong><br data-start=\"1093\" data-end=\"1096\" \/><strong>\u2714\ufe0f Kanna ja varvaste pehmendused parema l\u00f6\u00f6gisummutuse ja v\u00e4iksema h\u00f5\u00f5rdumise tagamiseks.<\/strong><\/p>","protected":false},"featured_media":44744,"comment_status":"open","ping_status":"closed","template":"","meta":{"_acf_changed":false},"product_brand":[246,479],"product_cat":[98,102],"product_tag":[],"class_list":{"0":"post-44754","1":"product","2":"type-product","3":"status-publish","4":"has-post-thumbnail","6":"product_brand-sporcks","7":"product_brand-sox","8":"product_cat-sportui","9":"product_cat-kojines","11":"first","12":"instock","13":"shipping-taxable","14":"purchasable","15":"product-type-variable"},"acf":[],"tiered_pricing_type":"fixed","tiered_pricing_fixed_rules":[],"tiered_pricing_product_settings":{"layout":"default","base_unit_name":{"singular":null,"plural":null},"default_variation":null},"tiered_pricing_minimum_quantity":null,"tiered_pricing_roles_data":[],"tiered_pricing_percentage_rules":[],"_links":{"self":[{"href":"https:\/\/purama.lt\/ee\/wp-json\/wp\/v2\/product\/44754","targetHints":{"allow":["GET"]}}],"collection":[{"href":"https:\/\/purama.lt\/ee\/wp-json\/wp\/v2\/product"}],"about":[{"href":"https:\/\/purama.lt\/ee\/wp-json\/wp\/v2\/types\/product"}],"replies":[{"embeddable":true,"href":"https:\/\/purama.lt\/ee\/wp-json\/wp\/v2\/comments?post=44754"}],"wp:featuredmedia":[{"embeddable":true,"href":"https:\/\/purama.lt\/ee\/wp-json\/wp\/v2\/media\/44744"}],"wp:attachment":[{"href":"https:\/\/purama.lt\/ee\/wp-json\/wp\/v2\/media?parent=44754"}],"wp:term":[{"taxonomy":"product_brand","embeddable":true,"href":"https:\/\/purama.lt\/ee\/wp-json\/wp\/v2\/product_brand?post=44754"},{"taxonomy":"product_cat","embeddable":true,"href":"https:\/\/purama.lt\/ee\/wp-json\/wp\/v2\/product_cat?post=44754"},{"taxonomy":"product_tag","embeddable":true,"href":"https:\/\/purama.lt\/ee\/wp-json\/wp\/v2\/product_tag?post=44754"}],"curies":[{"name":"wp","href":"https:\/\/api.w.org\/{rel}","templated":true}]}}